{"id":11,"date":"2023-01-24T11:30:48","date_gmt":"2023-01-24T14:30:48","guid":{"rendered":"https:\/\/jundiai.sp.gov.br\/fens\/?page_id=11"},"modified":"2026-01-06T16:34:34","modified_gmt":"2026-01-06T19:34:34","slug":"evento","status":"publish","type":"page","link":"https:\/\/jundiai.sp.gov.br\/fens\/evento\/","title":{"rendered":"O Evento"},"content":{"rendered":"\n<h3 class=\"wp-block-heading has-text-align-center\">Valoriza\u00e7\u00e3o do Empreendedorismo Local<\/h3>\n\n\n\n<p>A FENS (Feira do Empreendedor, Neg\u00f3cios e Servi\u00e7os) \u00e9 um evento criado pela Prefeitura de Jundia\u00ed, por meio da Secretaria de Desenvolvimento Econ\u00f4mico, Ci\u00eancia e Tecnologia (SMDECT), com o prop\u00f3sito de gerar conex\u00f5es e oportunidades entre consumidores e empreendedores. Reunindo mais de 400 expositores em dois finais de semana, a feira conta com estandes de produtos e servi\u00e7os, al\u00e9m de um espa\u00e7o gastron\u00f4mico formado por food trucks e apresenta\u00e7\u00f5es musicais com bandas locais. O evento tem como objetivo fomentar e valorizar o com\u00e9rcio jundiaiense, estimular a gera\u00e7\u00e3o de renda e fortalecer um ambiente exclusivo para novos neg\u00f3cios.<\/p>\n\n\n\n<p>Mais do que uma iniciativa, representa o retorno do investimento p\u00fablico para a popula\u00e7\u00e3o, transformando o imposto pago em benef\u00edcios reais para a cidade! <strong>SEJAM BEM-VINDOS!<\/strong><\/p>\n","protected":false},"excerpt":{"rendered":"<p>Valoriza\u00e7\u00e3o do Empreendedorismo Local A FENS (Feira do Empreendedor, Neg\u00f3cios e Servi\u00e7os) \u00e9 um evento criado pela Prefeitura de Jundia\u00ed, por meio da Secretaria de Desenvolvimento Econ\u00f4mico, Ci\u00eancia e Tecnologia (SMDECT), com o prop\u00f3sito de gerar conex\u00f5es e oportunidades entre consumidores e empreendedores. Reunindo mais de 400 expositores em dois finais de semana, a feira [&hellip;]<\/p>\n","protected":false},"author":8,"featured_media":0,"parent":0,"menu_order":2,"comment_status":"closed","ping_status":"closed","template":"","meta":{"footnotes":""},"class_list":["post-11","page","type-page","status-publish","hentry"],"_links":{"self":[{"href":"https:\/\/jundiai.sp.gov.br\/fens\/wp-json\/wp\/v2\/pages\/11","targetHints":{"allow":["GET"]}}],"collection":[{"href":"https:\/\/jundiai.sp.gov.br\/fens\/wp-json\/wp\/v2\/pages"}],"about":[{"href":"https:\/\/jundiai.sp.gov.br\/fens\/wp-json\/wp\/v2\/types\/page"}],"author":[{"embeddable":true,"href":"https:\/\/jundiai.sp.gov.br\/fens\/wp-json\/wp\/v2\/users\/8"}],"replies":[{"embeddable":true,"href":"https:\/\/jundiai.sp.gov.br\/fens\/wp-json\/wp\/v2\/comments?post=11"}],"version-history":[{"count":57,"href":"https:\/\/jundiai.sp.gov.br\/fens\/wp-json\/wp\/v2\/pages\/11\/revisions"}],"predecessor-version":[{"id":1606,"href":"https:\/\/jundiai.sp.gov.br\/fens\/wp-json\/wp\/v2\/pages\/11\/revisions\/1606"}],"wp:attachment":[{"href":"https:\/\/jundiai.sp.gov.br\/fens\/wp-json\/wp\/v2\/media?parent=11"}],"curies":[{"name":"wp","href":"https:\/\/api.w.org\/{rel}","templated":true}]}}