{"id":13,"date":"2024-01-02T13:40:06","date_gmt":"2024-01-02T16:40:06","guid":{"rendered":"https:\/\/jundiai.sp.gov.br\/fens\/?page_id=13"},"modified":"2026-03-10T11:14:15","modified_gmt":"2026-03-10T14:14:15","slug":"expositores","status":"publish","type":"page","link":"https:\/\/jundiai.sp.gov.br\/fens\/expositores\/","title":{"rendered":"MAPA"},"content":{"rendered":"<div class=\"wp-block-image\">\n<figure class=\"aligncenter size-large\"><img loading=\"lazy\" decoding=\"async\" width=\"1024\" height=\"576\" src=\"https:\/\/jundiai.sp.gov.br\/fens\/wp-content\/uploads\/sites\/76\/2026\/02\/MAPA_FENS-1-1024x576.png\" alt=\"\" class=\"wp-image-1674\" srcset=\"https:\/\/jundiai.sp.gov.br\/fens\/wp-content\/uploads\/sites\/76\/2026\/02\/MAPA_FENS-1-1024x576.png 1024w, https:\/\/jundiai.sp.gov.br\/fens\/wp-content\/uploads\/sites\/76\/2026\/02\/MAPA_FENS-1-300x169.png 300w, https:\/\/jundiai.sp.gov.br\/fens\/wp-content\/uploads\/sites\/76\/2026\/02\/MAPA_FENS-1-768x432.png 768w, https:\/\/jundiai.sp.gov.br\/fens\/wp-content\/uploads\/sites\/76\/2026\/02\/MAPA_FENS-1-1536x864.png 1536w, https:\/\/jundiai.sp.gov.br\/fens\/wp-content\/uploads\/sites\/76\/2026\/02\/MAPA_FENS-1.png 1900w\" sizes=\"auto, (max-width: 1024px) 100vw, 1024px\" \/><\/figure>\n<\/div>\n\n\n<p class=\"has-text-align-center\"><\/p>\n\n\n\n<figure class=\"wp-block-table\"><table class=\"has-fixed-layout\"><tbody><tr><td>EXPOSITORES<\/td><td>2 FDS<\/td><\/tr><tr><td>ESTANDE<\/td><td>NOME<\/td><\/tr><tr><td>1<\/td><td>Eurolive Viagens e Turismo<\/td><\/tr><tr><td>2<\/td><td>HGM Minimercado<\/td><\/tr><tr><td>3<\/td><td>ANA ALMEIDA<\/td><\/tr><tr><td>4<\/td><td>Abiatar<\/td><\/tr><tr><td>5<\/td><td>Vento Caipira<\/td><\/tr><tr><td>6<\/td><td>Canto Zenn<\/td><\/tr><tr><td>7<\/td><td>INTELILAB LEARNING SOLUTIONS<\/td><\/tr><tr><td>8<\/td><td>Casa Tawk<\/td><\/tr><tr><td>9<\/td><td>PALHADINI<\/td><\/tr><tr><td>10<\/td><td>Del\u00edcias do coco<\/td><\/tr><tr><td>11<\/td><td>Luzes de Aruanda Velas Arom\u00e1ticas e Decorativas<\/td><\/tr><tr><td>12<\/td><td>Vibre &#8211; Propaganda e Marketing<\/td><\/tr><tr><td>13<\/td><td>Natureza no Banho<\/td><\/tr><tr><td>14<\/td><td>Lavanderose Croch\u00ea Moderno<\/td><\/tr><tr><td>15<\/td><td>ProfTour<\/td><\/tr><tr><td>16<\/td><td>Mari Folster joias artesanais<\/td><\/tr><tr><td>17<\/td><td>Aut\u00eantica Semijoias<\/td><\/tr><tr><td>18<\/td><td>Emp\u00f3rio Gr\u00e3o e Prosa<\/td><\/tr><tr><td>19<\/td><td>Aromas em Formas<\/td><\/tr><tr><td>20<\/td><td>Mel peg e mont<\/td><\/tr><tr><td>21<\/td><td>\u00c1gape<\/td><\/tr><tr><td>22<\/td><td>Orlando Rog\u00e9rio Torso<\/td><\/tr><tr><td>23<\/td><td>Novacasih Moda Rom\u00e2ntica<\/td><\/tr><tr><td>24<\/td><td>S\u00e1lvia Rainha<\/td><\/tr><tr><td>25<\/td><td>Wood Dust<\/td><\/tr><tr><td>26<\/td><td>ARTBOX<\/td><\/tr><tr><td>27<\/td><td>DEL\u00cdCIAS CASEIRAS<\/td><\/tr><tr><td>28<\/td><td>AROMA DA FAZENDA<\/td><\/tr><tr><td>29<\/td><td>DA QUINTA<\/td><\/tr><tr><td>30<\/td><td>D&#8217;VIEZ CHOCOLATE<\/td><\/tr><tr><td>31<\/td><td>DEGUST RUST<\/td><\/tr><tr><td>32<\/td><td>VENDRAMIN<\/td><\/tr><tr><td>33<\/td><td>LEITERIA CATARINA<\/td><\/tr><tr><td>34<\/td><td>BOUTIQUE ARTES\u00c3<\/td><\/tr><tr><td>35<\/td><td>BENGALA QUEBRADA TURISMO<\/td><\/tr><tr><td>36<\/td><td>VINICOLA CASTANHO<\/td><\/tr><tr><td>37<\/td><td>SILCANDY<\/td><\/tr><tr><td>38<\/td><td>Alecrim Cheiroso Mesa Posta<\/td><\/tr><tr><td>39<\/td><td>Canto Belly arts<\/td><\/tr><tr><td>40<\/td><td>Croche da lu<\/td><\/tr><tr><td>41<\/td><td>Center Cards<\/td><\/tr><tr><td>42<\/td><td>EXITO IMOB<\/td><\/tr><tr><td>43<\/td><td>Hilma Pratas<\/td><\/tr><tr><td>44<\/td><td>Ateli\u00ea Sil<\/td><\/tr><tr><td>45<\/td><td>EMPORIO DFRANUTS<\/td><\/tr><tr><td>46<\/td><td>Macro3D<\/td><\/tr><tr><td>47<\/td><td>J\u00f4 Pietro<\/td><\/tr><tr><td>48<\/td><td>Adriana Tomaz Arte e Cultura<\/td><\/tr><tr><td>49<\/td><td>Feito por mim Ateli\u00ea Biscuit<\/td><\/tr><tr><td>50<\/td><td>Havanna Jundia\u00ed Shopping<\/td><\/tr><tr><td>51<\/td><td>Encantito Fudge<\/td><\/tr><tr><td>52<\/td><td>DANIELLE CRISTINE DA COSTA SILVA<\/td><\/tr><tr><td>53<\/td><td>Bia Gelatto Gourmet<\/td><\/tr><tr><td>54<\/td><td>SABOR DE FESTA<\/td><\/tr><tr><td>55<\/td><td>FABRICIO UTENSILIOS<\/td><\/tr><tr><td>56<\/td><td>Mestre Cervejeiro Supremo<\/td><\/tr><tr><td>57<\/td><td>Glau Biscuit<\/td><\/tr><tr><td>58<\/td><td>Prado&#8217;s Comfort Food<\/td><\/tr><tr><td>59<\/td><td>Falks Ess\u00eancias<\/td><\/tr><tr><td>60<\/td><td>NickLoo Personalizados<\/td><\/tr><tr><td>61<\/td><td>Suculentas da Eli<\/td><\/tr><tr><td>62<\/td><td>TP Studio &#8211; THIAGO PEREIRA DOS SANTOS &#8211; ME<\/td><\/tr><tr><td>63<\/td><td>Luminous Essences<\/td><\/tr><tr><td>64<\/td><td>Mavi Socks<\/td><\/tr><tr><td>65<\/td><td>BENDITUUS ESPA\u00c7O CAT\u00d3LICO<\/td><\/tr><tr><td>66<\/td><td>Fabiana Dias<\/td><\/tr><tr><td>67<\/td><td>D\u00e9bora Gibello Boutique Plus Size<\/td><\/tr><tr><td>68<\/td><td>FRIDA DAS CUCAS<\/td><\/tr><tr><td>69<\/td><td>Gi Ambrosio Acess\u00f3rios e Presentes<\/td><\/tr><tr><td>70<\/td><td>Aromas da Tah<\/td><\/tr><tr><td>71<\/td><td>Ideal Indiana<\/td><\/tr><tr><td>72<\/td><td>Clube Turismo Cris Brandino<\/td><\/tr><tr><td>73<\/td><td>Cibele Magalh\u00e3es Atelier<\/td><\/tr><tr><td>74<\/td><td>Vicinato Decora\u00e7\u00e3o<\/td><\/tr><tr><td>75<\/td><td>ARTES LIMA LEAO<\/td><\/tr><tr><td>76<\/td><td>Centro Educacional Educar<\/td><\/tr><tr><td>77<\/td><td>Insane ateli\u00ea<\/td><\/tr><tr><td>78<\/td><td>Donna Gata Store<\/td><\/tr><tr><td>79<\/td><td>Rosa Shine Store<\/td><\/tr><tr><td>80<\/td><td>Dona Rosa<\/td><\/tr><tr><td>81<\/td><td>LIVIA CHIORLIN<\/td><\/tr><tr><td>82<\/td><td>SASSO ASSIST T\u00c9CNICA<\/td><\/tr><tr><td>83<\/td><td>TRAMARE VARANDA CONCEPT<\/td><\/tr><tr><td>84<\/td><td>O Professor Contabilidade<\/td><\/tr><tr><td>85<\/td><td>L&amp;J Bem Estar<\/td><\/tr><tr><td>86<\/td><td><a href=\"http:\/\/Mimo.com\" target=\"_blank\" rel=\"noreferrer noopener\">Mimo.com<\/a><\/td><\/tr><tr><td>87<\/td><td>FEIRINHA DO ELOY<\/td><\/tr><tr><td>88<\/td><td>Mente Ativa Educa\u00e7\u00e3o<\/td><\/tr><tr><td>89<\/td><td>Claudia Alice Bijuterias<\/td><\/tr><tr><td>90<\/td><td>M\u00e9gara Brech\u00f3<\/td><\/tr><tr><td>91<\/td><td>Maria de F\u00e1tima Cesarini Schmidt<\/td><\/tr><tr><td>92<\/td><td>Ateli\u00ea Duda Artera<\/td><\/tr><tr><td>93<\/td><td>Essencial Estilo Moda e Acessorios<\/td><\/tr><tr><td>94<\/td><td>Sab\u00e3o da V\u00f3<\/td><\/tr><tr><td>95<\/td><td>Cafofo Liter\u00e1rio<\/td><\/tr><tr><td>96<\/td><td>Pratas Mahalo<\/td><\/tr><tr><td>97<\/td><td>Beijo de pano<\/td><\/tr><tr><td>98<\/td><td>Poder do Cheiro<\/td><\/tr><tr><td>99<\/td><td>Estilo &amp; Moda<\/td><\/tr><tr><td>100<\/td><td>Relic\u00e1rio Cultural<\/td><\/tr><tr><td>101<\/td><td>\u00c1SIA SEGUROS<\/td><\/tr><tr><td>102<\/td><td>Atelie Morena Rosa<\/td><\/tr><tr><td>103<\/td><td>Regenera Clean<\/td><\/tr><tr><td>104<\/td><td>FREEFLEX<\/td><\/tr><tr><td>105<\/td><td>VIVIANE BELLEZONI<\/td><\/tr><tr><td>106<\/td><td>NC428 Marcenaria Sustent\u00e1vel<\/td><\/tr><tr><td>107<\/td><td>Giga Papele<\/td><\/tr><tr><td>108<\/td><td>Animalle Distribuidora<\/td><\/tr><tr><td>109<\/td><td>LAZULI<\/td><\/tr><tr><td>110<\/td><td>As crias de Maria<\/td><\/tr><tr><td>111<\/td><td>Liu<\/td><\/tr><tr><td>112<\/td><td>Roma Joias<\/td><\/tr><tr><td>113<\/td><td>Leila Lobo Presentes<\/td><\/tr><tr><td>114<\/td><td>DESENHANDO EM CASA<\/td><\/tr><tr><td>115<\/td><td>Ateli\u00ea Menina Arteira by Helen<\/td><\/tr><tr><td>117<\/td><td>Viih Arteira<\/td><\/tr><tr><td>118<\/td><td>Mc Store Beauty \/ Brazilian Soap<\/td><\/tr><tr><td>119<\/td><td>Gabi ama La\u00e7os<\/td><\/tr><tr><td>120<\/td><td>Donna Lola &#8211; Joias e Beleza<\/td><\/tr><tr><td>121<\/td><td>Buy Makeup<\/td><\/tr><tr><td>122<\/td><td>Relic\u00e1rio Livros<\/td><\/tr><tr><td>123<\/td><td>Gislei Lunkes Paisagismo<\/td><\/tr><tr><td>124<\/td><td>L&amp;J QUICK MASSAGE EVENTOS<\/td><\/tr><tr><td>125<\/td><td>LUCIANA APARECIDA ONOFRIO MAGALHAES<\/td><\/tr><tr><td>126<\/td><td>Priscila Mary HANDMADE<\/td><\/tr><tr><td>127<\/td><td>Andr\u00e9 Curado Saboneteria<\/td><\/tr><tr><td>128<\/td><td>Ami Vest Look<\/td><\/tr><tr><td>129<\/td><td>Viviane Acuyo Cardoso<\/td><\/tr><tr><td>130<\/td><td>Ateli\u00ea Andr\u00e9a Franco<\/td><\/tr><tr><td>131<\/td><td>Grazi modas<\/td><\/tr><tr><td>132<\/td><td>Fricotando Ateli\u00ea<\/td><\/tr><tr><td>133<\/td><td>Vozes Consultoria<\/td><\/tr><tr><td>134<\/td><td>Revista sudokandu<\/td><\/tr><tr><td>135<\/td><td>Afagos da Vica<\/td><\/tr><tr><td>136<\/td><td>ID Digital Tecnologia<\/td><\/tr><tr><td>137<\/td><td>Bolinhas de Amor<\/td><\/tr><tr><td>138<\/td><td>Ipom\u00e9ia cosm\u00e9ticos naturais<\/td><\/tr><tr><td>139<\/td><td>Previnepes<\/td><\/tr><tr><td>140<\/td><td>PESCAKI ARTIGOS DE AGRO E PESCA<\/td><\/tr><tr><td>141<\/td><td>LAVISH JUNDIAI<\/td><\/tr><tr><td>142<\/td><td>Tal M\u00e3e Tal Filha Papelaria<\/td><\/tr><tr><td>143<\/td><td>Quick terapias e bem-estar<\/td><\/tr><tr><td>144<\/td><td>QUINTAL DO CROCH\u00ca<\/td><\/tr><tr><td>145<\/td><td>Vest Curves<\/td><\/tr><tr><td>146<\/td><td>Daniella pratas<\/td><\/tr><tr><td>147<\/td><td>Feegos<\/td><\/tr><tr><td>148<\/td><td>Lindas e Incr\u00edveis<\/td><\/tr><tr><td>149<\/td><td>Enkanta Aromas e Sensa\u00e7\u00f5es<\/td><\/tr><tr><td>150<\/td><td>Voc\u00ea merece aromas<\/td><\/tr><tr><td>151<\/td><td>Jelson Santos<\/td><\/tr><tr><td>152<\/td><td>AMME AROMAS<\/td><\/tr><tr><td>153<\/td><td>LUNA BY GABI<\/td><\/tr><tr><td>154<\/td><td>Fog&#8217;s Pet Shop<\/td><\/tr><tr><td>155<\/td><td>Partner Express Entregas<\/td><\/tr><tr><td>156<\/td><td>L2 Tattoo eventos<\/td><\/tr><tr><td>157<\/td><td>Bem me Quero &#8211; Terapia Integrativa<\/td><\/tr><tr><td>158<\/td><td>Animal Vest<\/td><\/tr><tr><td>159<\/td><td>Pandoca Loja<\/td><\/tr><tr><td>160<\/td><td>Estacionamento Arens<\/td><\/tr><tr><td>161<\/td><td>At\u00ealie da Mel<\/td><\/tr><tr><td>162<\/td><td>Ciale por Renata Melato\u00ae<\/td><\/tr><tr><td>163<\/td><td>Eletrics<\/td><\/tr><tr><td>164<\/td><td>Dente de Le\u00e3o Aromas<\/td><\/tr><tr><td>165<\/td><td>Cilene Artes<\/td><\/tr><tr><td>166<\/td><td>MPulseiras<\/td><\/tr><tr><td>167<\/td><td>Bazar da Re<\/td><\/tr><tr><td>168<\/td><td>Rede frondosas<\/td><\/tr><tr><td>169<\/td><td>Atelier Si C\u00e9rgoli Doces Finos<\/td><\/tr><tr><td>170<\/td><td>ASSOCIA\u00c7\u00c3O E CLUBE DOS SURDOS DE JUNDIAI<\/td><\/tr><tr><td>171<\/td><td>LAR AN\u00c1LIA FRANCO (LAF)<\/td><\/tr><tr><td>172<\/td><td>OCELOTS<\/td><\/tr><tr><td>173<\/td><td>Patricia Arts &amp; Croche<\/td><\/tr><tr><td>174<\/td><td>Boas Ideias Produtos Personalizados<\/td><\/tr><tr><td>175<\/td><td>Bete Plantas e Artes<\/td><\/tr><tr><td>176<\/td><td>Menina Bonita Semijoias<\/td><\/tr><tr><td>177<\/td><td>Lidi Gurgel Aromas<\/td><\/tr><tr><td>178<\/td><td>MULTIPLOS SABERES APRIMORAMENTO TECNICO E INTELECTUAL LTDA<\/td><\/tr><tr><td>179<\/td><td>Studio Lucinha M\u00fcller<\/td><\/tr><tr><td>180<\/td><td>Bia Andreoni Brigadeiro Gourmet<\/td><\/tr><tr><td>181<\/td><td>ATC Artes em 3D<\/td><\/tr><tr><td>182<\/td><td>NORTE A SUL CORRETORA<\/td><\/tr><tr><td>183<\/td><td>Ateliana<\/td><\/tr><tr><td>184<\/td><td>ARTE SUSTENT\u00c1VEL<\/td><\/tr><tr><td>185<\/td><td>VOV\u00d3 FAZIA, TAMB\u00c9M FA\u00c7O<\/td><\/tr><tr><td>186<\/td><td>ELLANAS MODA INTIMA<\/td><\/tr><tr><td>187<\/td><td>ATELI\u00ca EDILAINE MEDORI<\/td><\/tr><tr><td>188<\/td><td>ESS\u00caNCIA DI&#8217;CACAU<\/td><\/tr><tr><td>189<\/td><td>M\u00c3ES AT\u00cdPICAS<\/td><\/tr><tr><td>190<\/td><td>FUNDO SOCIAL DE SOLIDARIEDADE<\/td><\/tr><tr><td>191<\/td><td>FIOS DA LU<\/td><\/tr><tr><td>192<\/td><td>LUMIS ARTESANATO<\/td><\/tr><tr><td>193<\/td><td>OBSIDIANA ARTES<\/td><\/tr><tr><td>194<\/td><td>M\u00c3OS NA ARTE<\/td><\/tr><tr><td>195<\/td><td>ATELI\u00ca EDILEINE IZIDORO<\/td><\/tr><tr><td>196<\/td><td>Kerai<\/td><\/tr><tr><td>197<\/td><td>Ser Crian\u00e7a Baby &amp; Kids<\/td><\/tr><tr><td>198<\/td><td>Visyourfit<\/td><\/tr><tr><td>199<\/td><td>Maria Formosa Acess\u00f3rios<\/td><\/tr><tr><td>200<\/td><td>Tatiane Cristina Tromboni De Camargo<\/td><\/tr><tr><td>201<\/td><td>Mario Marcos Arruda<\/td><\/tr><tr><td>202<\/td><td>M\u00c1RCIA MOSAICOS<\/td><\/tr><tr><td>203<\/td><td>Emobby Mobilidade Eletrica<\/td><\/tr><tr><td>204<\/td><td>FATEC<\/td><\/tr><tr><td>205<\/td><td>SOLO SAGRADO AROMATERAPIA<\/td><\/tr><tr><td>206<\/td><td>Arte da Ded\u00e9<\/td><\/tr><tr><td>207<\/td><td>Maternidade Rosana P.U.C Reborn<\/td><\/tr><tr><td>208<\/td><td>MOVIDA<\/td><\/tr><tr><td>209<\/td><td>MOVIDA<\/td><\/tr><tr><td>210<\/td><td>GIRA SOL ENERGIA E AROMAS<\/td><\/tr><tr><td>211<\/td><td>FIRSTWEB GRAFICA<\/td><\/tr><tr><td>212<\/td><td>Clau Mastelaro J\u00f3ias Bot\u00e2nicas<\/td><\/tr><tr><td>213<\/td><td>Van joias<\/td><\/tr><tr><td>214<\/td><td>MARIA DOS POTINHOS<\/td><\/tr><tr><td>215<\/td><td>Ra\u00edzes da Beleza<\/td><\/tr><tr><td>216<\/td><td>Velas S\u00e3o Beneditto<\/td><\/tr><\/tbody><\/table><\/figure>\n\n\n\n<p class=\"has-text-align-center\"><\/p>\n\n\n\n<h2 class=\"wp-block-heading has-text-align-center\">Depoimentos<\/h2>\n\n\n\n<div class=\"wp-block-columns is-layout-flex wp-container-core-columns-is-layout-9d6595d7 wp-block-columns-is-layout-flex\">\n<div class=\"wp-block-column is-layout-flow wp-block-column-is-layout-flow\" style=\"flex-basis:50%\">\n<div class=\"wp-block-columns is-layout-flex wp-container-core-columns-is-layout-9d6595d7 wp-block-columns-is-layout-flex\">\n<div class=\"wp-block-column is-layout-flow wp-block-column-is-layout-flow\">\n<p>&#8220;Com imensa alegria, compartilho minha participa\u00e7\u00e3o na Feira do Empreendedor, Neg\u00f3cios e Servi\u00e7os nesse pr\u00f3ximo m\u00eas. A FENS \u00e9 um evento grandioso que re\u00fane empresas e empreendedores de diversos segmentos, promovendo o networking, a gera\u00e7\u00e3o de neg\u00f3cios e o desenvolvimento econ\u00f4mico da regi\u00e3o. Ter a Paty Arts e Croch\u00ea nesse evento \u00e9 uma oportunidade \u00fanica, al\u00e9m disso, sei que a FENS ser\u00e1 um palco perfeito para apresentar os meus produtos ao p\u00fablico e fortalecermos minha marca&#8221;<\/p>\n<\/div>\n\n\n\n<div class=\"wp-block-column is-layout-flow wp-block-column-is-layout-flow\">\n<div class=\"wp-block-columns is-layout-flex wp-container-core-columns-is-layout-9d6595d7 wp-block-columns-is-layout-flex\">\n<div class=\"wp-block-column is-layout-flow wp-block-column-is-layout-flow\" style=\"flex-basis:100%\"><div class=\"wp-block-image is-style-default\">\n<figure class=\"aligncenter size-large\"><img loading=\"lazy\" decoding=\"async\" width=\"720\" height=\"1024\" src=\"https:\/\/jundiai.sp.gov.br\/fens\/wp-content\/uploads\/sites\/76\/2025\/08\/Paty-Arts-e-Croche-720x1024.jpeg\" alt=\"\" class=\"wp-image-1515\" style=\"aspect-ratio:1;object-fit:cover\" srcset=\"https:\/\/jundiai.sp.gov.br\/fens\/wp-content\/uploads\/sites\/76\/2025\/08\/Paty-Arts-e-Croche-720x1024.jpeg 720w, https:\/\/jundiai.sp.gov.br\/fens\/wp-content\/uploads\/sites\/76\/2025\/08\/Paty-Arts-e-Croche-211x300.jpeg 211w, https:\/\/jundiai.sp.gov.br\/fens\/wp-content\/uploads\/sites\/76\/2025\/08\/Paty-Arts-e-Croche-768x1092.jpeg 768w, https:\/\/jundiai.sp.gov.br\/fens\/wp-content\/uploads\/sites\/76\/2025\/08\/Paty-Arts-e-Croche.jpeg 900w\" sizes=\"auto, (max-width: 720px) 100vw, 720px\" \/><\/figure>\n<\/div><\/div>\n<\/div>\n<\/div>\n<\/div>\n\n\n\n<p><strong>Patricia Pereira Borges &#8211; Paty Arts &amp; Crafts<\/strong><\/p>\n<\/div>\n\n\n\n<div class=\"wp-block-column is-layout-flow wp-block-column-is-layout-flow\" style=\"flex-basis:50%\">\n<div class=\"wp-block-columns is-layout-flex wp-container-core-columns-is-layout-9d6595d7 wp-block-columns-is-layout-flex\">\n<div class=\"wp-block-column is-layout-flow wp-block-column-is-layout-flow\">\n<p>&#8220;Todos n\u00f3s, da equipe do Espa\u00e7o Open Mind, estamos muito empolgados em participar da nossa segunda FENS. A experi\u00eancia anterior foi t\u00e3o rica com o p\u00fablico e tamb\u00e9m o networking com os demais empreendedores que com certeza ser\u00e1 sempre um prazer fazer parte das edi\u00e7\u00f5es! Agradecemos a oportunidade de divulgar os nossos servi\u00e7os na \u00e1rea da sa\u00fade e educa\u00e7\u00e3o para toda a comunidade e atrav\u00e9s deles transformar cada vez mais a vida das pessoas! Abra a sua mente conosco e venha prestigiar esse evento incr\u00edvel&#8221;<\/p>\n\n\n\n<p><strong>Natalia Oliveira &#8211; Espa\u00e7o Open Mind<\/strong><\/p>\n<\/div>\n\n\n\n<div class=\"wp-block-column is-layout-flow wp-block-column-is-layout-flow\"><div class=\"wp-block-image is-style-default\">\n<figure class=\"aligncenter size-full\"><img loading=\"lazy\" decoding=\"async\" width=\"640\" height=\"640\" src=\"http:\/\/jundiai.sp.gov.br\/fens\/wp-content\/uploads\/sites\/76\/2024\/03\/WhatsApp-Image-2024-03-26-at-14.47.30.jpeg\" alt=\"\" class=\"wp-image-1289\" style=\"aspect-ratio:1;object-fit:cover\" srcset=\"https:\/\/jundiai.sp.gov.br\/fens\/wp-content\/uploads\/sites\/76\/2024\/03\/WhatsApp-Image-2024-03-26-at-14.47.30.jpeg 640w, https:\/\/jundiai.sp.gov.br\/fens\/wp-content\/uploads\/sites\/76\/2024\/03\/WhatsApp-Image-2024-03-26-at-14.47.30-300x300.jpeg 300w, https:\/\/jundiai.sp.gov.br\/fens\/wp-content\/uploads\/sites\/76\/2024\/03\/WhatsApp-Image-2024-03-26-at-14.47.30-150x150.jpeg 150w\" sizes=\"auto, (max-width: 640px) 100vw, 640px\" \/><\/figure>\n<\/div><\/div>\n<\/div>\n\n\n\n<p><\/p>\n<\/div>\n<\/div>\n","protected":false},"excerpt":{"rendered":"<p>EXPOSITORES 2 FDS ESTANDE NOME 1 Eurolive Viagens e Turismo 2 HGM Minimercado 3 ANA ALMEIDA 4 Abiatar 5 Vento Caipira 6 Canto Zenn 7 INTELILAB LEARNING SOLUTIONS 8 Casa Tawk 9 PALHADINI 10 Del\u00edcias do coco 11 Luzes de Aruanda Velas Arom\u00e1ticas e Decorativas 12 Vibre &#8211; Propaganda e Marketing 13 Natureza no Banho [&hellip;]<\/p>\n","protected":false},"author":8,"featured_media":0,"parent":0,"menu_order":6,"comment_status":"closed","ping_status":"closed","template":"","meta":{"footnotes":""},"class_list":["post-13","page","type-page","status-publish","hentry"],"_links":{"self":[{"href":"https:\/\/jundiai.sp.gov.br\/fens\/wp-json\/wp\/v2\/pages\/13","targetHints":{"allow":["GET"]}}],"collection":[{"href":"https:\/\/jundiai.sp.gov.br\/fens\/wp-json\/wp\/v2\/pages"}],"about":[{"href":"https:\/\/jundiai.sp.gov.br\/fens\/wp-json\/wp\/v2\/types\/page"}],"author":[{"embeddable":true,"href":"https:\/\/jundiai.sp.gov.br\/fens\/wp-json\/wp\/v2\/users\/8"}],"replies":[{"embeddable":true,"href":"https:\/\/jundiai.sp.gov.br\/fens\/wp-json\/wp\/v2\/comments?post=13"}],"version-history":[{"count":164,"href":"https:\/\/jundiai.sp.gov.br\/fens\/wp-json\/wp\/v2\/pages\/13\/revisions"}],"predecessor-version":[{"id":1687,"href":"https:\/\/jundiai.sp.gov.br\/fens\/wp-json\/wp\/v2\/pages\/13\/revisions\/1687"}],"wp:attachment":[{"href":"https:\/\/jundiai.sp.gov.br\/fens\/wp-json\/wp\/v2\/media?parent=13"}],"curies":[{"name":"wp","href":"https:\/\/api.w.org\/{rel}","templated":true}]}}