{"id":15,"date":"2024-01-02T13:40:06","date_gmt":"2024-01-02T16:40:06","guid":{"rendered":"https:\/\/jundiai.sp.gov.br\/fens\/?page_id=15"},"modified":"2026-02-25T14:23:24","modified_gmt":"2026-02-25T17:23:24","slug":"visitante","status":"publish","type":"page","link":"https:\/\/jundiai.sp.gov.br\/fens\/visitante\/","title":{"rendered":"Visitante"},"content":{"rendered":"\n<p class=\"has-text-align-center\"><\/p>\n\n\n\n<div class=\"wp-block-buttons is-content-justification-center is-layout-flex wp-container-core-buttons-is-layout-16018d1d wp-block-buttons-is-layout-flex\"><\/div>\n\n\n\n<div style=\"height:20px\" aria-hidden=\"true\" class=\"wp-block-spacer\"><\/div>\n\n\n\n<h3 class=\"wp-block-heading has-text-align-center\">Como chegar<\/h3>\n\n\n\n<div class=\"wp-block-columns is-layout-flex wp-container-core-columns-is-layout-9d6595d7 wp-block-columns-is-layout-flex\">\n<div class=\"wp-block-column is-layout-flow wp-block-column-is-layout-flow\" style=\"flex-basis:30%\">\n<p class=\"has-text-align-center\"><strong>Parque Comendador Ant\u00f4nio Carbonari<\/strong><br><strong>(Parque da Uva)<\/strong><\/p>\n\n\n\n<p class=\"has-text-align-center\">Endere\u00e7o: Av. Jundia\u00ed, s\/n \u2013 Anhangaba\u00fa<\/p>\n\n\n\n<div style=\"height:20px\" aria-hidden=\"true\" class=\"wp-block-spacer\"><\/div>\n\n\n\n<hr class=\"wp-block-separator has-alpha-channel-opacity is-style-wide\" \/>\n\n\n\n<div style=\"height:20px\" aria-hidden=\"true\" class=\"wp-block-spacer\"><\/div>\n\n\n\n<p class=\"has-text-align-center\"><strong>Linhas de \u00f4nibus<br><a href=\"https:\/\/situ.jundiai.sp.gov.br\/\" target=\"_blank\" rel=\"noreferrer noopener\">situ.jundiai.sp.gov.br<\/a><\/strong><\/p>\n\n\n\n<div class=\"wp-block-columns is-layout-flex wp-container-core-columns-is-layout-9d6595d7 wp-block-columns-is-layout-flex\">\n<div class=\"wp-block-column is-layout-flow wp-block-column-is-layout-flow\">\n<p><strong>410 <\/strong>Universidade Paulista<br><strong>524 <\/strong>Malota <br><strong>526 <\/strong>Parque dos Ip\u00eas <br><strong>527 <\/strong>Jardim Guanabara<\/p>\n<\/div>\n\n\n\n<div class=\"wp-block-column is-layout-flow wp-block-column-is-layout-flow\">\n<p><strong>537 <\/strong>Jardim das Tulipas<br><strong>713 <\/strong>Rua do Retiro<br><strong>942 <\/strong>Terminal Eloy Chaves<\/p>\n<\/div>\n<\/div>\n<\/div>\n\n\n\n<div class=\"wp-block-column is-layout-flow wp-block-column-is-layout-flow\" style=\"flex-basis:70%\"><\/div>\n<\/div>\n\n\n\n<div style=\"height:0px\" aria-hidden=\"true\" class=\"wp-block-spacer\"><\/div>\n\n\n\n<div class=\"wp-block-group duvidas-frequentes\"><div class=\"wp-block-group__inner-container is-layout-constrained wp-block-group-is-layout-constrained\">\n<h3 class=\"wp-block-heading has-text-align-center\">D\u00favidas Frequentes<\/h3>\n\n\n\n<details>\n   <summary>O que \u00e9 a FENS e quem a organiza?<\/summary>\n<p>A FENS (Feira do Empreendedor, Neg\u00f3cios e Servi\u00e7os) \u00e9 um grande evento de compra, entretenimento e conex\u00e3o para todas as fam\u00edlias, organizado pela Prefeitura de Jundia\u00ed, por meio da Secretaria de Desenvolvimento Econ\u00f4mico, Ci\u00eancia e Tecnologia (SMDECT). Com mais de 400 expositores, a FENS \u00e9 o destino perfeito para encontrar uma variedade incr\u00edvel de produtos e servi\u00e7os, que variam de artigos para casa e moda at\u00e9 solu\u00e7\u00f5es tecnol\u00f3gicas e servi\u00e7os especializados. \u00c9 uma oportunidade imperd\u00edvel para descobrir novidades, fazer \u00f3timas compras e apoiar os empreendedores locais. Al\u00e9m disso, a feira oferece uma experi\u00eancia gastron\u00f4mica diversificada com v\u00e1rios food trucks e shows ao vivo com bandas locais, proporcionando entretenimento para toda a fam\u00edlia. A FENS \u00e9 mais que uma feira &#8211; \u00e9 uma celebra\u00e7\u00e3o da comunidade, do empreendedorismo e da fam\u00edlia. Esperamos ver voc\u00ea l\u00e1!<\/p>\n<\/details>\n\n<details>\n   <summary>Quando ser\u00e1 a feira?<\/summary>\n<p>A 6\u00aa edi\u00e7\u00e3o da FENS ocorrer\u00e1 nos dias 29,30 e 31 de agosto; 5, 6 e 7 de setembro de 2025.\n<p>As sextas-feiras, das 12h \u00e0s 22h; aos s\u00e1bados, das 10h \u00e0s 22h e aos domingos das 10h \u00e0s 20h.<\/p>\n<\/details>\n\n<details>\n   <summary>Onde vai ser a feira?<\/summary>\n<p>No Parque Comendador Ant\u00f4nio Carbonari, o Parque da Uva &#8211; Avenida Jundia\u00ed, s\/n, Anhangaba\u00fa.<\/p>\n<\/details>\n\n<details>\n   <summary>\u00c9 necess\u00e1rio comprar ingressos para a FENS?<\/summary>\n   <p>A entrada na FENS \u00e9 totalmente gratuita para todos os visitantes! Estamos ansiosos para receb\u00ea-lo na FENS!\n<\/details>\n\n<details>\n   <summary>Podem ser comercializados produtos e servi\u00e7os durante a FENS?<\/summary>\n<p>Sim! Cada final de semana da FENS conta com mais de 200 estandes, onde ser\u00e3o comercializados diversos produtos, desde alimentos e artesanatos at\u00e9 produtos industriais e tecnol\u00f3gicos. A diversidade de produtos e de prestadores de servi\u00e7os s\u00e3o umas das principais caracter\u00edsticas da FENS, que atraem muitos visitantes interessados em conhecer as novidades e fazer compras.<\/p>\n<\/details>\n\n<details>\n   <summary>Quais as vantagens de participar da FENS?<\/summary>\n   <ul>\n      <li><b>Para Visitantes: <\/b>Ao participar da FENS, voc\u00ea ter\u00e1 a oportunidade de conhecer e apoiar empresas locais, contribuindo para a economia da cidade. Voc\u00ea poder\u00e1 descobrir a cultura local e os produtos t\u00edpicos de\nJundia\u00ed, o que pode ser uma experi\u00eancia \u00fanica e enriquecedora. A entrada \u00e9 gratuita, permitindo que voc\u00ea explore a feira sem restri\u00e7\u00f5es. Al\u00e9m disso, voc\u00ea ter\u00e1 a oportunidade de conhecer outros profissionais do seu setor, estabelecer novos contatos, encontrar novos fornecedores, parceiros e at\u00e9 poss\u00edveis clientes. E n\u00e3o esque\u00e7a das oportunidades de aprendizado! Haver\u00e1 diversas palestras, workshops e semin\u00e1rios dispon\u00edveis que podem ajud\u00e1-lo a aprimorar suas habilidades e expandir seus conhecimentos.\n      <\/li>\n      <li><b>Para expositores: <\/b>A FENS oferece uma oportunidade \u00fanica de promover seus produtos ou servi\u00e7os para um p\u00fablico diversificado e interessado. Al\u00e9m disso, como expositor, voc\u00ea ter\u00e1 acesso a uma infraestrutura profissional fornecida gratuitamente. Isso significa que voc\u00ea poder\u00e1 economizar em custos de montagem e organiza\u00e7\u00e3o, permitindo que se concentre em apresentar seus produtos e interagir com os visitantes, sem se preocupar com detalhes log\u00edsticos e de produ\u00e7\u00e3o. Esta \u00e9 uma excelente oportunidade de ganhar visibilidade, fortalecer sua marca e expandir seus neg\u00f3cios.\n      <\/li>\n   <\/ul>    \n<\/details>\n<\/div><\/div>\n","protected":false},"excerpt":{"rendered":"<p>Como chegar Parque Comendador Ant\u00f4nio Carbonari(Parque da Uva) Endere\u00e7o: Av. Jundia\u00ed, s\/n \u2013 Anhangaba\u00fa Linhas de \u00f4nibussitu.jundiai.sp.gov.br 410 Universidade Paulista524 Malota 526 Parque dos Ip\u00eas 527 Jardim Guanabara 537 Jardim das Tulipas713 Rua do Retiro942 Terminal Eloy Chaves D\u00favidas Frequentes O que \u00e9 a FENS e quem a organiza? A FENS (Feira do Empreendedor, Neg\u00f3cios [&hellip;]<\/p>\n","protected":false},"author":8,"featured_media":0,"parent":0,"menu_order":8,"comment_status":"closed","ping_status":"closed","template":"","meta":{"footnotes":""},"class_list":["post-15","page","type-page","status-publish","hentry"],"_links":{"self":[{"href":"https:\/\/jundiai.sp.gov.br\/fens\/wp-json\/wp\/v2\/pages\/15","targetHints":{"allow":["GET"]}}],"collection":[{"href":"https:\/\/jundiai.sp.gov.br\/fens\/wp-json\/wp\/v2\/pages"}],"about":[{"href":"https:\/\/jundiai.sp.gov.br\/fens\/wp-json\/wp\/v2\/types\/page"}],"author":[{"embeddable":true,"href":"https:\/\/jundiai.sp.gov.br\/fens\/wp-json\/wp\/v2\/users\/8"}],"replies":[{"embeddable":true,"href":"https:\/\/jundiai.sp.gov.br\/fens\/wp-json\/wp\/v2\/comments?post=15"}],"version-history":[{"count":71,"href":"https:\/\/jundiai.sp.gov.br\/fens\/wp-json\/wp\/v2\/pages\/15\/revisions"}],"predecessor-version":[{"id":1666,"href":"https:\/\/jundiai.sp.gov.br\/fens\/wp-json\/wp\/v2\/pages\/15\/revisions\/1666"}],"wp:attachment":[{"href":"https:\/\/jundiai.sp.gov.br\/fens\/wp-json\/wp\/v2\/media?parent=15"}],"curies":[{"name":"wp","href":"https:\/\/api.w.org\/{rel}","templated":true}]}}