{"id":157,"date":"2024-01-02T13:40:06","date_gmt":"2024-01-02T16:40:06","guid":{"rendered":"https:\/\/jundiai.sp.gov.br\/fens\/?page_id=157"},"modified":"2026-03-11T15:58:39","modified_gmt":"2026-03-11T18:58:39","slug":"programacao","status":"publish","type":"page","link":"https:\/\/jundiai.sp.gov.br\/fens\/programacao\/","title":{"rendered":"Programa\u00e7\u00e3o"},"content":{"rendered":"\n<figure class=\"wp-block-table\"><table class=\"has-fixed-layout\"><tbody><tr><td class=\"has-text-align-center\" data-align=\"center\" colspan=\"2\"><strong>SEXTAS DIAS 06 E 13<\/strong><\/td><\/tr><tr><td class=\"has-text-align-center\" data-align=\"center\"><strong>HOR\u00c1RIO<\/strong><\/td><td><strong>NOME DA A\u00c7\u00c3O<\/strong><\/td><\/tr><tr><td class=\"has-text-align-center\" data-align=\"center\">14h30<\/td><td>CONECTA NETWORKING &#8211; Rodada de Neg\u00f3cios<\/td><\/tr><tr><td class=\"has-text-align-center\" data-align=\"center\">15h<\/td><td>FESTIVAL DO PASTEL E CALDO DE CANA<\/td><\/tr><\/tbody><\/table><\/figure>\n\n\n\n<figure class=\"wp-block-table\"><table class=\"has-fixed-layout\"><tbody><tr><td class=\"has-text-align-center\" data-align=\"center\" colspan=\"3\"><strong>S\u00c1BADO DIA 14<\/strong><\/td><\/tr><tr><td class=\"has-text-align-center\" data-align=\"center\"><strong>HOR\u00c1RIO<\/strong><\/td><td class=\"has-text-align-center\" data-align=\"center\"><strong>NOME DA OFICINA<\/strong><\/td><td class=\"has-text-align-center\" data-align=\"center\"><strong>EMPRESA<\/strong><\/td><\/tr><tr><td class=\"has-text-align-center\" data-align=\"center\">11h<\/td><td>FEIRA DE ADO\u00c7\u00c3O PET &#8211; ESPA\u00c7O PET<\/td><td class=\"has-text-align-center\" data-align=\"center\">Pracinha dos Dog&#8217;s<\/td><\/tr><tr><td class=\"has-text-align-center\" data-align=\"center\">11H<\/td><td>RODADA DE NEG\u00d3CIOS<\/td><td class=\"has-text-align-center\" data-align=\"center\">Clube de Rodadas<\/td><\/tr><tr><td class=\"has-text-align-center\" data-align=\"center\">13h<\/td><td>OFICINA MINI ARCOS DE BAL\u00c3O<\/td><td class=\"has-text-align-center\" data-align=\"center\">Pegue &amp; Monte<\/td><\/tr><tr><td class=\"has-text-align-center\" data-align=\"center\">15h<\/td><td>Desfile PET<\/td><td class=\"has-text-align-center\" data-align=\"center\">Pracinha dos Dog&#8217;s<\/td><\/tr><tr><td class=\"has-text-align-center\" data-align=\"center\">16h<\/td><td>OFICINA DE CUSTOMIZA\u00c7\u00c3O DE BEBEDOUROS<\/td><td class=\"has-text-align-center\" data-align=\"center\">Clinic\u00e3o e Gato<\/td><\/tr><tr><td class=\"has-text-align-center\" data-align=\"center\">17h<\/td><td>SHOW DE M\u00c1GICA<\/td><td class=\"has-text-align-center\" data-align=\"center\">Clinic\u00e3o e Gato<\/td><\/tr><tr><td class=\"has-text-align-center\" data-align=\"center\">18h<\/td><td>OFICINA MARCENARIA<\/td><td class=\"has-text-align-center\" data-align=\"center\">Wood Dust<\/td><\/tr><tr><td><\/td><td><\/td><td><\/td><\/tr><tr><td class=\"has-text-align-center\" data-align=\"center\" colspan=\"3\"><strong>DOMINGO DIA 15<\/strong><\/td><\/tr><tr><td class=\"has-text-align-center\" data-align=\"center\"><strong>HOR\u00c1RIO<\/strong><\/td><td class=\"has-text-align-center\" data-align=\"center\"><strong>NOME DA OFICINA<\/strong><\/td><td class=\"has-text-align-center\" data-align=\"center\"><strong>EMPRESA<\/strong><\/td><\/tr><tr><td class=\"has-text-align-center\" data-align=\"center\">13h<\/td><td>Hot Seat &#8211; solu\u00e7\u00f5es baseadas em experi\u00eancias<\/td><td class=\"has-text-align-center\" data-align=\"center\">Ecossistema Okada<\/td><\/tr><tr><td class=\"has-text-align-center\" data-align=\"center\">14h<\/td><td>Hot Seat &#8211; solu\u00e7\u00f5es baseadas em experi\u00eancias<\/td><td class=\"has-text-align-center\" data-align=\"center\">Ecossistema Okada<\/td><\/tr><tr><td class=\"has-text-align-center\" data-align=\"center\">14h<\/td><td>TROCA DE FIGURINHAS POKEMON<\/td><td class=\"has-text-align-center\" data-align=\"center\">Center Cards<\/td><\/tr><tr><td class=\"has-text-align-center\" data-align=\"center\">15h<\/td><td>DESFILE ROUPAS<\/td><td class=\"has-text-align-center\" data-align=\"center\">WM<\/td><\/tr><tr><td class=\"has-text-align-center\" data-align=\"center\">16h<\/td><td>DESFILE ACESS\u00d3RIOS<\/td><td class=\"has-text-align-center\" data-align=\"center\">WM<\/td><\/tr><tr><td class=\"has-text-align-center\" data-align=\"center\">17h<\/td><td>OFICINA DE CUSTOMIZA\u00c7\u00c3O DE ROUPAS DE BONECA<\/td><td class=\"has-text-align-center\" data-align=\"center\">Pandoca<\/td><\/tr><tr><td class=\"has-text-align-center\" data-align=\"center\">19h<\/td><td>APRESENTA\u00c7\u00c3O DE BALLET<\/td><td class=\"has-text-align-center\" data-align=\"center\">Ballet Vanessa Oliveira<\/td><\/tr><\/tbody><\/table><\/figure>\n\n\n\n<p><\/p>\n","protected":false},"excerpt":{"rendered":"<p>SEXTAS DIAS 06 E 13 HOR\u00c1RIO NOME DA A\u00c7\u00c3O 14h30 CONECTA NETWORKING &#8211; Rodada de Neg\u00f3cios 15h FESTIVAL DO PASTEL E CALDO DE CANA S\u00c1BADO DIA 14 HOR\u00c1RIO NOME DA OFICINA EMPRESA 11h FEIRA DE ADO\u00c7\u00c3O PET &#8211; ESPA\u00c7O PET Pracinha dos Dog&#8217;s 11H RODADA DE NEG\u00d3CIOS Clube de Rodadas 13h OFICINA MINI ARCOS DE [&hellip;]<\/p>\n","protected":false},"author":8,"featured_media":0,"parent":0,"menu_order":3,"comment_status":"closed","ping_status":"closed","template":"","meta":{"footnotes":""},"class_list":["post-157","page","type-page","status-publish","hentry"],"_links":{"self":[{"href":"https:\/\/jundiai.sp.gov.br\/fens\/wp-json\/wp\/v2\/pages\/157","targetHints":{"allow":["GET"]}}],"collection":[{"href":"https:\/\/jundiai.sp.gov.br\/fens\/wp-json\/wp\/v2\/pages"}],"about":[{"href":"https:\/\/jundiai.sp.gov.br\/fens\/wp-json\/wp\/v2\/types\/page"}],"author":[{"embeddable":true,"href":"https:\/\/jundiai.sp.gov.br\/fens\/wp-json\/wp\/v2\/users\/8"}],"replies":[{"embeddable":true,"href":"https:\/\/jundiai.sp.gov.br\/fens\/wp-json\/wp\/v2\/comments?post=157"}],"version-history":[{"count":113,"href":"https:\/\/jundiai.sp.gov.br\/fens\/wp-json\/wp\/v2\/pages\/157\/revisions"}],"predecessor-version":[{"id":1688,"href":"https:\/\/jundiai.sp.gov.br\/fens\/wp-json\/wp\/v2\/pages\/157\/revisions\/1688"}],"wp:attachment":[{"href":"https:\/\/jundiai.sp.gov.br\/fens\/wp-json\/wp\/v2\/media?parent=157"}],"curies":[{"name":"wp","href":"https:\/\/api.w.org\/{rel}","templated":true}]}}