{"id":17,"date":"2024-01-02T13:40:06","date_gmt":"2024-01-02T16:40:06","guid":{"rendered":"https:\/\/jundiai.sp.gov.br\/fens\/?page_id=17"},"modified":"2026-02-25T14:14:40","modified_gmt":"2026-02-25T17:14:40","slug":"palestras","status":"publish","type":"page","link":"https:\/\/jundiai.sp.gov.br\/fens\/palestras\/","title":{"rendered":"Rodadas de Neg\u00f3cios"},"content":{"rendered":"\n<p><strong>06\/3, 14H30<\/strong> &#8211; SOLOTUDO &#8211; <strong><a href=\"https:\/\/www.sympla.com.br\/evento\/rodada-de-negocios-conecta-networking-8-fens-06-03-2026\/3311412\" target=\"_blank\" rel=\"noreferrer noopener\">INSCREVA-SE AQUI<\/a> <\/strong><\/p>\n\n\n\n<p><strong>13\/3, 14H30<\/strong> &#8211; SOLOTUDO &#8211; <a href=\"https:\/\/www.sympla.com.br\/evento\/rodada-de-negocios-conecta-networking-8-fens-13-03-2026\/3315614\" target=\"_blank\" rel=\"noreferrer noopener\"><strong>INSCREVA-SE AQUI<\/strong><\/a><\/p>\n\n\n\n<p><strong>07\/3, \u00c0S 11H<\/strong> &#8211; CLUBE DE RODADAS &#8211; <strong><a href=\"https:\/\/fensjundiai.rodadadenegocios.app.br\/\" target=\"_blank\" rel=\"noreferrer noopener\">INSCREVA-SE AQUI<\/a><\/strong><\/p>\n\n\n\n<p><strong>14\/3, \u00c0S 11H<\/strong> &#8211; CLUBE DE RODADAS &#8211; <strong><a href=\"https:\/\/fensjundiai.rodadadenegocios.app.br\/\" target=\"_blank\" rel=\"noreferrer noopener\">INSCREVA-SE AQUI<\/a><\/strong><\/p>\n\n\n\n<p><strong><u>Deseja expandir os seus neg\u00f3cios!?<br><\/u><\/strong>Conhe\u00e7a dezenas de empres\u00e1rios de forma intuitiva, organizada e efetiva.<br>Um evento onde todos falam com todos e o grande objetivo \u00e9 um s\u00f3: <strong>FAZER NEG\u00d3CIOS<\/strong>!<\/p>\n\n\n\n<p><strong>VAGAS LIMITADAS!<\/strong><\/p>\n","protected":false},"excerpt":{"rendered":"<p>06\/3, 14H30 &#8211; SOLOTUDO &#8211; INSCREVA-SE AQUI 13\/3, 14H30 &#8211; SOLOTUDO &#8211; INSCREVA-SE AQUI 07\/3, \u00c0S 11H &#8211; CLUBE DE RODADAS &#8211; INSCREVA-SE AQUI 14\/3, \u00c0S 11H &#8211; CLUBE DE RODADAS &#8211; INSCREVA-SE AQUI Deseja expandir os seus neg\u00f3cios!?Conhe\u00e7a dezenas de empres\u00e1rios de forma intuitiva, organizada e efetiva.Um evento onde todos falam com todos e [&hellip;]<\/p>\n","protected":false},"author":8,"featured_media":0,"parent":0,"menu_order":4,"comment_status":"closed","ping_status":"closed","template":"","meta":{"footnotes":""},"class_list":["post-17","page","type-page","status-publish","hentry"],"_links":{"self":[{"href":"https:\/\/jundiai.sp.gov.br\/fens\/wp-json\/wp\/v2\/pages\/17","targetHints":{"allow":["GET"]}}],"collection":[{"href":"https:\/\/jundiai.sp.gov.br\/fens\/wp-json\/wp\/v2\/pages"}],"about":[{"href":"https:\/\/jundiai.sp.gov.br\/fens\/wp-json\/wp\/v2\/types\/page"}],"author":[{"embeddable":true,"href":"https:\/\/jundiai.sp.gov.br\/fens\/wp-json\/wp\/v2\/users\/8"}],"replies":[{"embeddable":true,"href":"https:\/\/jundiai.sp.gov.br\/fens\/wp-json\/wp\/v2\/comments?post=17"}],"version-history":[{"count":161,"href":"https:\/\/jundiai.sp.gov.br\/fens\/wp-json\/wp\/v2\/pages\/17\/revisions"}],"predecessor-version":[{"id":1662,"href":"https:\/\/jundiai.sp.gov.br\/fens\/wp-json\/wp\/v2\/pages\/17\/revisions\/1662"}],"wp:attachment":[{"href":"https:\/\/jundiai.sp.gov.br\/fens\/wp-json\/wp\/v2\/media?parent=17"}],"curies":[{"name":"wp","href":"https:\/\/api.w.org\/{rel}","templated":true}]}}