{"id":521,"date":"2024-01-02T13:40:06","date_gmt":"2024-01-02T16:40:06","guid":{"rendered":"https:\/\/jundiai.sp.gov.br\/fens\/?page_id=521"},"modified":"2025-09-09T11:27:30","modified_gmt":"2025-09-09T14:27:30","slug":"edicoes-anteriores","status":"publish","type":"page","link":"https:\/\/jundiai.sp.gov.br\/fens\/edicoes-anteriores\/","title":{"rendered":"Edi\u00e7\u00f5es Anteriores"},"content":{"rendered":"\n<h2 class=\"wp-block-heading\">FENS j\u00e1 gerou mais de R$ 7,3 milh\u00f5es em faturamento e reuniu mais de 130 mil pessoas<\/h2>\n\n\n\n<p>A&nbsp;<strong>FENS<\/strong>&nbsp;(Feira do Empreendedor, Neg\u00f3cios e Servi\u00e7os) se transformou numa grande oportunidade dos pequenos e microempreendedores prosperarem na cidade. Ela faz parte do programa Jundia\u00ed Empreendedora e foi criada , com objetivo de valorizar o com\u00e9rcio local, dar visibilidade e fomentar o empreendedorismo.<\/p>\n\n\n\n<p>Depois de\u00a0seis <strong>edi\u00e7\u00f5es<\/strong>, j\u00e1 reuniu mais de 2 mil expositores, levou um p\u00fablico superior a\u00a0<strong>130 mil pessoas<\/strong>\u00a0ao Parque Comendador Ant\u00f4nio Carbonari (Parque da Uva) e gerou de\u00a0<strong>faturamento R$ 7, 3 milh\u00f5es<\/strong>\u00a0aos empreendedores. E vem a\u00ed a\u00a0<strong>8\u00aa FENS<\/strong>, novamente no Parque da Uva, (data ainda n\u00e3o definida, mas divulgaremos aqui). <strong>N\u00e3o perca<\/strong>!<\/p>\n\n\n\n<p>Confira, a seguir, fotos das edi\u00e7\u00f5es anteriores.<\/p>\n\n\n\n<div class=\"wp-block-columns is-layout-flex wp-container-core-columns-is-layout-9d6595d7 wp-block-columns-is-layout-flex\">\n<div class=\"wp-block-column is-layout-flow wp-block-column-is-layout-flow\">\n<a data-flickr-embed=\"true\" data-header=\"true\" href=\"https:\/\/www.flickr.com\/photos\/prefeituradejundiai\/albums\/72177720301085822\" title=\"1\u00aa FENS FEIRA DO EMPREENDEDOR, NEG\u00d3CIOS E SERVI\u00c7OS\"><img loading=\"lazy\" decoding=\"async\" src=\"https:\/\/live.staticflickr.com\/65535\/52271917271_8ed3f876ff_z.jpg\" width=\"640\" height=\"480\" alt=\"1\u00aa FENS FEIRA DO EMPREENDEDOR, NEG\u00d3CIOS E SERVI\u00c7OS\" \/><\/a>\n<\/div>\n\n\n\n<div class=\"wp-block-column is-layout-flow wp-block-column-is-layout-flow\">\n<a data-flickr-embed=\"true\" data-header=\"true\" href=\"https:\/\/www.flickr.com\/photos\/prefeituradejundiai\/albums\/72177720306466749\" title=\"2\u00aa FENS FEIRA DO EMPREENDEDOR, NEG\u00d3CIOS E SERVI\u00c7OS\"><img loading=\"lazy\" decoding=\"async\" src=\"https:\/\/live.staticflickr.com\/65535\/52726048900_7fcf3d5fc9_b.jpg\" width=\"640\" height=\"480\" alt=\"2\u00aa FENS FEIRA DO EMPREENDEDOR, NEG\u00d3CIOS E SERVI\u00c7OS\" \/><\/a>\n<\/div>\n<\/div>\n","protected":false},"excerpt":{"rendered":"<p>FENS j\u00e1 gerou mais de R$ 7,3 milh\u00f5es em faturamento e reuniu mais de 130 mil pessoas A&nbsp;FENS&nbsp;(Feira do Empreendedor, Neg\u00f3cios e Servi\u00e7os) se transformou numa grande oportunidade dos pequenos e microempreendedores prosperarem na cidade. Ela faz parte do programa Jundia\u00ed Empreendedora e foi criada , com objetivo de valorizar o com\u00e9rcio local, dar visibilidade [&hellip;]<\/p>\n","protected":false},"author":114,"featured_media":0,"parent":0,"menu_order":9,"comment_status":"closed","ping_status":"closed","template":"","meta":{"footnotes":""},"class_list":["post-521","page","type-page","status-publish","hentry"],"_links":{"self":[{"href":"https:\/\/jundiai.sp.gov.br\/fens\/wp-json\/wp\/v2\/pages\/521","targetHints":{"allow":["GET"]}}],"collection":[{"href":"https:\/\/jundiai.sp.gov.br\/fens\/wp-json\/wp\/v2\/pages"}],"about":[{"href":"https:\/\/jundiai.sp.gov.br\/fens\/wp-json\/wp\/v2\/types\/page"}],"author":[{"embeddable":true,"href":"https:\/\/jundiai.sp.gov.br\/fens\/wp-json\/wp\/v2\/users\/114"}],"replies":[{"embeddable":true,"href":"https:\/\/jundiai.sp.gov.br\/fens\/wp-json\/wp\/v2\/comments?post=521"}],"version-history":[{"count":32,"href":"https:\/\/jundiai.sp.gov.br\/fens\/wp-json\/wp\/v2\/pages\/521\/revisions"}],"predecessor-version":[{"id":1595,"href":"https:\/\/jundiai.sp.gov.br\/fens\/wp-json\/wp\/v2\/pages\/521\/revisions\/1595"}],"wp:attachment":[{"href":"https:\/\/jundiai.sp.gov.br\/fens\/wp-json\/wp\/v2\/media?parent=521"}],"curies":[{"name":"wp","href":"https:\/\/api.w.org\/{rel}","templated":true}]}}