{"id":594,"date":"2023-07-27T11:18:21","date_gmt":"2023-07-27T14:18:21","guid":{"rendered":"https:\/\/jundiai.sp.gov.br\/fens\/?page_id=594"},"modified":"2026-02-26T16:29:14","modified_gmt":"2026-02-26T19:29:14","slug":"artes-para-divulgacao","status":"publish","type":"page","link":"https:\/\/jundiai.sp.gov.br\/fens\/artes-para-divulgacao\/","title":{"rendered":"INFORMA\u00c7\u00d5ES"},"content":{"rendered":"\n<p><strong>Transpar\u00eancia &#8211; Funcionamento do Sorteio Eletr\u00f4nico<\/strong> (CIJUN) &#8211; <a href=\"http:\/\/jundiai.sp.gov.br\/fens\/wp-content\/uploads\/sites\/76\/2026\/01\/Transparencia.pdf\" target=\"_blank\" rel=\"noreferrer noopener\">clique aqui para baixar<\/a><\/p>\n\n\n\n<p>PRIMEIRO SORTEIO DA 8\u00aa FENS (7\/1\/2026) &#8211; <strong><a href=\"http:\/\/jundiai.sp.gov.br\/fens\/wp-content\/uploads\/sites\/76\/2026\/01\/Sorteio-Primeira-Chamada.pdf\" target=\"_blank\" rel=\"noreferrer noopener\">clique aqui para baixar<\/a><\/strong><\/p>\n\n\n\n<p><strong>LIVE &#8211; PRIMEIRO SORTEIO DA 8\u00aa FENS (7\/1\/2026) &#8211; <a href=\"https:\/\/www.youtube.com\/watch?v=BuYs4nsajxQ\" target=\"_blank\" rel=\"noreferrer noopener\">clique aqui para assistir<\/a><\/strong><\/p>\n\n\n\n<p>12\/12\/2025 &#8211; <strong><a href=\"https:\/\/imprensaoficial.jundiai.sp.gov.br\/edicao-5740\/\" target=\"_blank\" rel=\"noreferrer noopener\">edi\u00e7\u00e3o 5740 &#8211; segunda edi\u00e7\u00e3o (p\u00e1ginas 12 a 15)<\/a><\/strong><\/p>\n\n\n\n<p>19\/12\/2025 &#8211; <strong><a href=\"https:\/\/imprensaoficial.jundiai.sp.gov.br\/edicao-5746\/\" target=\"_blank\" rel=\"noreferrer noopener\">edi\u00e7\u00e3o 5746 &#8211; segunda edi\u00e7\u00e3o (p\u00e1ginas 10 a 11)<\/a><\/strong><\/p>\n\n\n\n<p>7\/1\/\/2026 &#8211; <strong><a href=\"https:\/\/imprensaoficial.jundiai.sp.gov.br\/edicao-5752\/\" target=\"_blank\" rel=\"noreferrer noopener\">edi\u00e7\u00e3o 5752 &#8211; aptos para sorteio\/primeira chamada (p\u00e1ginas 29 a 32)<\/a><\/strong><\/p>\n\n\n\n<p>9\/1\/2026 &#8211; <strong><a href=\"https:\/\/imprensaoficial.jundiai.sp.gov.br\/edicao-5753\/\" target=\"_blank\" rel=\"noreferrer noopener\">edi\u00e7\u00e3o 5753 &#8211; vagas remanescentes (p\u00e1gina 87)<\/a><\/strong><\/p>\n\n\n\n<p>9\/1\/2026 &#8211; <strong><a href=\"https:\/\/imprensaoficial.jundiai.sp.gov.br\/edicao-5753\/\" target=\"_blank\" rel=\"noreferrer noopener\">edi\u00e7\u00e3o 5723 &#8211; primeira chamada (p\u00e1ginas 84 a 87)<\/a><\/strong><\/p>\n\n\n\n<p>30\/1\/2026 &#8211; <strong><a href=\"https:\/\/imprensaoficial.jundiai.sp.gov.br\/edicao-5763\/\" target=\"_blank\" rel=\"noreferrer noopener\">edi\u00e7\u00e3o 5763 &#8211; segunda chamada (p\u00e1ginas 43 a 44)<\/a><\/strong><\/p>\n\n\n\n<p>19-02-2026 &#8211; <strong><a href=\"http:\/\/jundiai.sp.gov.br\/fens\/wp-content\/uploads\/sites\/76\/2026\/02\/estandes-1fds.pdf\" data-type=\"link\" data-id=\"http:\/\/jundiai.sp.gov.br\/fens\/wp-content\/uploads\/sites\/76\/2026\/02\/estandes-1fds.pdf\" target=\"_blank\" rel=\"noreferrer noopener\">sorteio dos estandes &#8211; primeiro fim de semana<\/a><\/strong><\/p>\n\n\n\n<p>19-02-2026 &#8211; <strong><a href=\"http:\/\/jundiai.sp.gov.br\/fens\/wp-content\/uploads\/sites\/76\/2026\/02\/estandes-2fds.pdf\" target=\"_blank\" rel=\"noreferrer noopener\">sorteio dos estandes &#8211; segundo fim de semana<\/a><\/strong><\/p>\n\n\n\n<p>19-02-2026 &#8211; <strong><a href=\"http:\/\/jundiai.sp.gov.br\/fens\/wp-content\/uploads\/sites\/76\/2026\/02\/8a-FENS-INSCRICOES-DO-GALPAO-CRIATIVO-respostas-GC-FENS.pdf\" target=\"_blank\" rel=\"noreferrer noopener\">sorteio dos estandes &#8211; Galp\u00e3o Criativo<\/a><\/strong><\/p>\n\n\n\n<p>19-02-2026 &#8211; <strong><a href=\"http:\/\/jundiai.sp.gov.br\/fens\/wp-content\/uploads\/sites\/76\/2026\/02\/8-FENS-LISTA-RESERVA-DO-1o-PARA-IR-NO-2o.pdf\" data-type=\"link\" data-id=\"http:\/\/jundiai.sp.gov.br\/fens\/wp-content\/uploads\/sites\/76\/2026\/02\/8-FENS-LISTA-RESERVA-DO-1o-PARA-IR-NO-2o.pdf\" target=\"_blank\" rel=\"noreferrer noopener\">lista reserva do 1\u00ba para ir no 2\u00ba<\/a><\/strong><\/p>\n\n\n\n<p>19-02-2026 &#8211; <strong><a href=\"http:\/\/jundiai.sp.gov.br\/fens\/wp-content\/uploads\/sites\/76\/2026\/02\/8-FENS-LISTA-RESERVA-DO-2o-PARA-IR-NO-1o.pdf\" target=\"_blank\" rel=\"noreferrer noopener\">lista reserva do 2\u00ba para ir no 1\u00ba<\/a><\/strong><\/p>\n\n\n\n<p><strong>ARTES PARA DIVULGA\u00c7\u00c3O<\/strong><\/p>\n\n\n\n<figure class=\"wp-block-gallery has-nested-images columns-5 is-cropped wp-block-gallery-1 is-layout-flex wp-block-gallery-is-layout-flex\">\n<figure class=\"wp-block-image size-large\"><img loading=\"lazy\" decoding=\"async\" width=\"576\" height=\"1024\" data-id=\"1634\" src=\"https:\/\/jundiai.sp.gov.br\/fens\/wp-content\/uploads\/sites\/76\/2026\/02\/8aFENS-1080-x-1920-px_status-576x1024.png\" alt=\"\" class=\"wp-image-1634\" style=\"aspect-ratio:3\/4\" srcset=\"https:\/\/jundiai.sp.gov.br\/fens\/wp-content\/uploads\/sites\/76\/2026\/02\/8aFENS-1080-x-1920-px_status-576x1024.png 576w, https:\/\/jundiai.sp.gov.br\/fens\/wp-content\/uploads\/sites\/76\/2026\/02\/8aFENS-1080-x-1920-px_status-169x300.png 169w, https:\/\/jundiai.sp.gov.br\/fens\/wp-content\/uploads\/sites\/76\/2026\/02\/8aFENS-1080-x-1920-px_status-768x1365.png 768w, https:\/\/jundiai.sp.gov.br\/fens\/wp-content\/uploads\/sites\/76\/2026\/02\/8aFENS-1080-x-1920-px_status-864x1536.png 864w, https:\/\/jundiai.sp.gov.br\/fens\/wp-content\/uploads\/sites\/76\/2026\/02\/8aFENS-1080-x-1920-px_status.png 1080w\" sizes=\"auto, (max-width: 576px) 100vw, 576px\" \/><\/figure>\n\n\n\n<figure class=\"wp-block-image size-large\"><img loading=\"lazy\" decoding=\"async\" width=\"576\" height=\"1024\" data-id=\"1636\" src=\"https:\/\/jundiai.sp.gov.br\/fens\/wp-content\/uploads\/sites\/76\/2026\/02\/3-2-576x1024.png\" alt=\"\" class=\"wp-image-1636\" style=\"aspect-ratio:3\/4\" srcset=\"https:\/\/jundiai.sp.gov.br\/fens\/wp-content\/uploads\/sites\/76\/2026\/02\/3-2-576x1024.png 576w, https:\/\/jundiai.sp.gov.br\/fens\/wp-content\/uploads\/sites\/76\/2026\/02\/3-2-169x300.png 169w, https:\/\/jundiai.sp.gov.br\/fens\/wp-content\/uploads\/sites\/76\/2026\/02\/3-2-768x1365.png 768w, https:\/\/jundiai.sp.gov.br\/fens\/wp-content\/uploads\/sites\/76\/2026\/02\/3-2-864x1536.png 864w, https:\/\/jundiai.sp.gov.br\/fens\/wp-content\/uploads\/sites\/76\/2026\/02\/3-2.png 1080w\" sizes=\"auto, (max-width: 576px) 100vw, 576px\" \/><\/figure>\n\n\n\n<figure class=\"wp-block-image size-large\"><img loading=\"lazy\" decoding=\"async\" width=\"576\" height=\"1024\" data-id=\"1635\" src=\"https:\/\/jundiai.sp.gov.br\/fens\/wp-content\/uploads\/sites\/76\/2026\/02\/5-2-576x1024.png\" alt=\"\" class=\"wp-image-1635\" style=\"aspect-ratio:3\/4\" srcset=\"https:\/\/jundiai.sp.gov.br\/fens\/wp-content\/uploads\/sites\/76\/2026\/02\/5-2-576x1024.png 576w, https:\/\/jundiai.sp.gov.br\/fens\/wp-content\/uploads\/sites\/76\/2026\/02\/5-2-169x300.png 169w, https:\/\/jundiai.sp.gov.br\/fens\/wp-content\/uploads\/sites\/76\/2026\/02\/5-2-768x1365.png 768w, https:\/\/jundiai.sp.gov.br\/fens\/wp-content\/uploads\/sites\/76\/2026\/02\/5-2-864x1536.png 864w, https:\/\/jundiai.sp.gov.br\/fens\/wp-content\/uploads\/sites\/76\/2026\/02\/5-2.png 1080w\" sizes=\"auto, (max-width: 576px) 100vw, 576px\" \/><\/figure>\n\n\n\n<figure class=\"wp-block-image size-large\"><img loading=\"lazy\" decoding=\"async\" width=\"576\" height=\"1024\" data-id=\"1641\" src=\"https:\/\/jundiai.sp.gov.br\/fens\/wp-content\/uploads\/sites\/76\/2026\/02\/6-2-576x1024.png\" alt=\"\" class=\"wp-image-1641\" style=\"aspect-ratio:3\/4\" srcset=\"https:\/\/jundiai.sp.gov.br\/fens\/wp-content\/uploads\/sites\/76\/2026\/02\/6-2-576x1024.png 576w, https:\/\/jundiai.sp.gov.br\/fens\/wp-content\/uploads\/sites\/76\/2026\/02\/6-2-169x300.png 169w, https:\/\/jundiai.sp.gov.br\/fens\/wp-content\/uploads\/sites\/76\/2026\/02\/6-2-768x1365.png 768w, https:\/\/jundiai.sp.gov.br\/fens\/wp-content\/uploads\/sites\/76\/2026\/02\/6-2-864x1536.png 864w, https:\/\/jundiai.sp.gov.br\/fens\/wp-content\/uploads\/sites\/76\/2026\/02\/6-2.png 1080w\" sizes=\"auto, (max-width: 576px) 100vw, 576px\" \/><\/figure>\n\n\n\n<figure class=\"wp-block-image size-large\"><img loading=\"lazy\" decoding=\"async\" width=\"819\" height=\"1024\" data-id=\"1637\" src=\"https:\/\/jundiai.sp.gov.br\/fens\/wp-content\/uploads\/sites\/76\/2026\/02\/2-819x1024.png\" alt=\"\" class=\"wp-image-1637\" style=\"aspect-ratio:3\/4\" srcset=\"https:\/\/jundiai.sp.gov.br\/fens\/wp-content\/uploads\/sites\/76\/2026\/02\/2-819x1024.png 819w, https:\/\/jundiai.sp.gov.br\/fens\/wp-content\/uploads\/sites\/76\/2026\/02\/2-240x300.png 240w, https:\/\/jundiai.sp.gov.br\/fens\/wp-content\/uploads\/sites\/76\/2026\/02\/2-768x960.png 768w, https:\/\/jundiai.sp.gov.br\/fens\/wp-content\/uploads\/sites\/76\/2026\/02\/2.png 1080w\" sizes=\"auto, (max-width: 819px) 100vw, 819px\" \/><\/figure>\n\n\n\n<figure class=\"wp-block-image size-large\"><img loading=\"lazy\" decoding=\"async\" width=\"819\" height=\"1024\" data-id=\"1645\" src=\"https:\/\/jundiai.sp.gov.br\/fens\/wp-content\/uploads\/sites\/76\/2026\/02\/3-819x1024.png\" alt=\"\" class=\"wp-image-1645\" style=\"aspect-ratio:3\/4\" srcset=\"https:\/\/jundiai.sp.gov.br\/fens\/wp-content\/uploads\/sites\/76\/2026\/02\/3-819x1024.png 819w, https:\/\/jundiai.sp.gov.br\/fens\/wp-content\/uploads\/sites\/76\/2026\/02\/3-240x300.png 240w, https:\/\/jundiai.sp.gov.br\/fens\/wp-content\/uploads\/sites\/76\/2026\/02\/3-768x960.png 768w, https:\/\/jundiai.sp.gov.br\/fens\/wp-content\/uploads\/sites\/76\/2026\/02\/3.png 1080w\" sizes=\"auto, (max-width: 819px) 100vw, 819px\" \/><\/figure>\n\n\n\n<figure class=\"wp-block-image size-large\"><img loading=\"lazy\" decoding=\"async\" width=\"819\" height=\"1024\" data-id=\"1646\" src=\"https:\/\/jundiai.sp.gov.br\/fens\/wp-content\/uploads\/sites\/76\/2026\/02\/5-819x1024.png\" alt=\"\" class=\"wp-image-1646\" style=\"aspect-ratio:3\/4\" srcset=\"https:\/\/jundiai.sp.gov.br\/fens\/wp-content\/uploads\/sites\/76\/2026\/02\/5-819x1024.png 819w, https:\/\/jundiai.sp.gov.br\/fens\/wp-content\/uploads\/sites\/76\/2026\/02\/5-240x300.png 240w, https:\/\/jundiai.sp.gov.br\/fens\/wp-content\/uploads\/sites\/76\/2026\/02\/5-768x960.png 768w, https:\/\/jundiai.sp.gov.br\/fens\/wp-content\/uploads\/sites\/76\/2026\/02\/5.png 1080w\" sizes=\"auto, (max-width: 819px) 100vw, 819px\" \/><\/figure>\n\n\n\n<figure class=\"wp-block-image size-large\"><img loading=\"lazy\" decoding=\"async\" width=\"819\" height=\"1024\" data-id=\"1643\" src=\"https:\/\/jundiai.sp.gov.br\/fens\/wp-content\/uploads\/sites\/76\/2026\/02\/6-819x1024.png\" alt=\"\" class=\"wp-image-1643\" style=\"aspect-ratio:3\/4\" srcset=\"https:\/\/jundiai.sp.gov.br\/fens\/wp-content\/uploads\/sites\/76\/2026\/02\/6-819x1024.png 819w, https:\/\/jundiai.sp.gov.br\/fens\/wp-content\/uploads\/sites\/76\/2026\/02\/6-240x300.png 240w, https:\/\/jundiai.sp.gov.br\/fens\/wp-content\/uploads\/sites\/76\/2026\/02\/6-768x960.png 768w, https:\/\/jundiai.sp.gov.br\/fens\/wp-content\/uploads\/sites\/76\/2026\/02\/6.png 1080w\" sizes=\"auto, (max-width: 819px) 100vw, 819px\" \/><\/figure>\n\n\n\n<figure class=\"wp-block-image size-large\"><img loading=\"lazy\" decoding=\"async\" width=\"819\" height=\"1024\" data-id=\"1640\" src=\"https:\/\/jundiai.sp.gov.br\/fens\/wp-content\/uploads\/sites\/76\/2026\/02\/7-819x1024.png\" alt=\"\" class=\"wp-image-1640\" style=\"aspect-ratio:3\/4\" srcset=\"https:\/\/jundiai.sp.gov.br\/fens\/wp-content\/uploads\/sites\/76\/2026\/02\/7-819x1024.png 819w, https:\/\/jundiai.sp.gov.br\/fens\/wp-content\/uploads\/sites\/76\/2026\/02\/7-240x300.png 240w, https:\/\/jundiai.sp.gov.br\/fens\/wp-content\/uploads\/sites\/76\/2026\/02\/7-768x960.png 768w, https:\/\/jundiai.sp.gov.br\/fens\/wp-content\/uploads\/sites\/76\/2026\/02\/7.png 1080w\" sizes=\"auto, (max-width: 819px) 100vw, 819px\" \/><\/figure>\n\n\n\n<figure class=\"wp-block-image size-large\"><img loading=\"lazy\" decoding=\"async\" width=\"819\" height=\"1024\" data-id=\"1642\" src=\"https:\/\/jundiai.sp.gov.br\/fens\/wp-content\/uploads\/sites\/76\/2026\/02\/\ud83d\ude80-Oportunidades-de-negocios-e-diversao-para-a-familia-em-um-so-lugarA-8a-FENS-esta-chegando-ao-2-819x1024.jpg\" alt=\"\" class=\"wp-image-1642\" style=\"aspect-ratio:3\/4\" srcset=\"https:\/\/jundiai.sp.gov.br\/fens\/wp-content\/uploads\/sites\/76\/2026\/02\/\ud83d\ude80-Oportunidades-de-negocios-e-diversao-para-a-familia-em-um-so-lugarA-8a-FENS-esta-chegando-ao-2-819x1024.jpg 819w, https:\/\/jundiai.sp.gov.br\/fens\/wp-content\/uploads\/sites\/76\/2026\/02\/\ud83d\ude80-Oportunidades-de-negocios-e-diversao-para-a-familia-em-um-so-lugarA-8a-FENS-esta-chegando-ao-2-240x300.jpg 240w, https:\/\/jundiai.sp.gov.br\/fens\/wp-content\/uploads\/sites\/76\/2026\/02\/\ud83d\ude80-Oportunidades-de-negocios-e-diversao-para-a-familia-em-um-so-lugarA-8a-FENS-esta-chegando-ao-2-768x960.jpg 768w, https:\/\/jundiai.sp.gov.br\/fens\/wp-content\/uploads\/sites\/76\/2026\/02\/\ud83d\ude80-Oportunidades-de-negocios-e-diversao-para-a-familia-em-um-so-lugarA-8a-FENS-esta-chegando-ao-2.jpg 1080w\" sizes=\"auto, (max-width: 819px) 100vw, 819px\" \/><\/figure>\n\n\n\n<figure class=\"wp-block-image size-large\"><img loading=\"lazy\" decoding=\"async\" width=\"819\" height=\"1024\" data-id=\"1647\" src=\"https:\/\/jundiai.sp.gov.br\/fens\/wp-content\/uploads\/sites\/76\/2026\/02\/\ud83d\ude80-Oportunidades-de-negocios-e-diversao-para-a-familia-em-um-so-lugarA-8a-FENS-esta-chegando-ao-1-819x1024.jpg\" alt=\"\" class=\"wp-image-1647\" style=\"aspect-ratio:3\/4\" srcset=\"https:\/\/jundiai.sp.gov.br\/fens\/wp-content\/uploads\/sites\/76\/2026\/02\/\ud83d\ude80-Oportunidades-de-negocios-e-diversao-para-a-familia-em-um-so-lugarA-8a-FENS-esta-chegando-ao-1-819x1024.jpg 819w, https:\/\/jundiai.sp.gov.br\/fens\/wp-content\/uploads\/sites\/76\/2026\/02\/\ud83d\ude80-Oportunidades-de-negocios-e-diversao-para-a-familia-em-um-so-lugarA-8a-FENS-esta-chegando-ao-1-240x300.jpg 240w, https:\/\/jundiai.sp.gov.br\/fens\/wp-content\/uploads\/sites\/76\/2026\/02\/\ud83d\ude80-Oportunidades-de-negocios-e-diversao-para-a-familia-em-um-so-lugarA-8a-FENS-esta-chegando-ao-1-768x960.jpg 768w, https:\/\/jundiai.sp.gov.br\/fens\/wp-content\/uploads\/sites\/76\/2026\/02\/\ud83d\ude80-Oportunidades-de-negocios-e-diversao-para-a-familia-em-um-so-lugarA-8a-FENS-esta-chegando-ao-1.jpg 1080w\" sizes=\"auto, (max-width: 819px) 100vw, 819px\" \/><\/figure>\n\n\n\n<figure class=\"wp-block-image size-large\"><img loading=\"lazy\" decoding=\"async\" width=\"819\" height=\"1024\" data-id=\"1644\" src=\"https:\/\/jundiai.sp.gov.br\/fens\/wp-content\/uploads\/sites\/76\/2026\/02\/\ud83d\ude80-Oportunidades-de-negocios-e-diversao-para-a-familia-em-um-so-lugarA-8a-FENS-esta-chegando-ao-819x1024.jpg\" alt=\"\" class=\"wp-image-1644\" style=\"aspect-ratio:3\/4\" srcset=\"https:\/\/jundiai.sp.gov.br\/fens\/wp-content\/uploads\/sites\/76\/2026\/02\/\ud83d\ude80-Oportunidades-de-negocios-e-diversao-para-a-familia-em-um-so-lugarA-8a-FENS-esta-chegando-ao-819x1024.jpg 819w, https:\/\/jundiai.sp.gov.br\/fens\/wp-content\/uploads\/sites\/76\/2026\/02\/\ud83d\ude80-Oportunidades-de-negocios-e-diversao-para-a-familia-em-um-so-lugarA-8a-FENS-esta-chegando-ao-240x300.jpg 240w, https:\/\/jundiai.sp.gov.br\/fens\/wp-content\/uploads\/sites\/76\/2026\/02\/\ud83d\ude80-Oportunidades-de-negocios-e-diversao-para-a-familia-em-um-so-lugarA-8a-FENS-esta-chegando-ao-768x960.jpg 768w, https:\/\/jundiai.sp.gov.br\/fens\/wp-content\/uploads\/sites\/76\/2026\/02\/\ud83d\ude80-Oportunidades-de-negocios-e-diversao-para-a-familia-em-um-so-lugarA-8a-FENS-esta-chegando-ao.jpg 1080w\" sizes=\"auto, (max-width: 819px) 100vw, 819px\" \/><\/figure>\n\n\n\n<figure class=\"wp-block-image size-full\"><img loading=\"lazy\" decoding=\"async\" width=\"591\" height=\"827\" data-id=\"1670\" src=\"https:\/\/jundiai.sp.gov.br\/fens\/wp-content\/uploads\/sites\/76\/2026\/02\/CRACHA-100-x-140-mm-2_page-0001.jpg\" alt=\"\" class=\"wp-image-1670\" style=\"aspect-ratio:3\/4\" srcset=\"https:\/\/jundiai.sp.gov.br\/fens\/wp-content\/uploads\/sites\/76\/2026\/02\/CRACHA-100-x-140-mm-2_page-0001.jpg 591w, https:\/\/jundiai.sp.gov.br\/fens\/wp-content\/uploads\/sites\/76\/2026\/02\/CRACHA-100-x-140-mm-2_page-0001-214x300.jpg 214w\" sizes=\"auto, (max-width: 591px) 100vw, 591px\" \/><\/figure>\n\n\n\n<figure class=\"wp-block-image size-large\"><img loading=\"lazy\" decoding=\"async\" width=\"1024\" height=\"1024\" data-id=\"1639\" src=\"https:\/\/jundiai.sp.gov.br\/fens\/wp-content\/uploads\/sites\/76\/2026\/02\/8aFENS_logo_oficial-1024x1024.png\" alt=\"\" class=\"wp-image-1639\" style=\"aspect-ratio:3\/4\" srcset=\"https:\/\/jundiai.sp.gov.br\/fens\/wp-content\/uploads\/sites\/76\/2026\/02\/8aFENS_logo_oficial-1024x1024.png 1024w, https:\/\/jundiai.sp.gov.br\/fens\/wp-content\/uploads\/sites\/76\/2026\/02\/8aFENS_logo_oficial-300x300.png 300w, https:\/\/jundiai.sp.gov.br\/fens\/wp-content\/uploads\/sites\/76\/2026\/02\/8aFENS_logo_oficial-150x150.png 150w, https:\/\/jundiai.sp.gov.br\/fens\/wp-content\/uploads\/sites\/76\/2026\/02\/8aFENS_logo_oficial-768x768.png 768w, https:\/\/jundiai.sp.gov.br\/fens\/wp-content\/uploads\/sites\/76\/2026\/02\/8aFENS_logo_oficial.png 1080w\" sizes=\"auto, (max-width: 1024px) 100vw, 1024px\" \/><\/figure>\n<\/figure>\n","protected":false},"excerpt":{"rendered":"<p>Transpar\u00eancia &#8211; Funcionamento do Sorteio Eletr\u00f4nico (CIJUN) &#8211; clique aqui para baixar PRIMEIRO SORTEIO DA 8\u00aa FENS (7\/1\/2026) &#8211; clique aqui para baixar LIVE &#8211; PRIMEIRO SORTEIO DA 8\u00aa FENS (7\/1\/2026) &#8211; clique aqui para assistir 12\/12\/2025 &#8211; edi\u00e7\u00e3o 5740 &#8211; segunda edi\u00e7\u00e3o (p\u00e1ginas 12 a 15) 19\/12\/2025 &#8211; edi\u00e7\u00e3o 5746 &#8211; segunda edi\u00e7\u00e3o (p\u00e1ginas [&hellip;]<\/p>\n","protected":false},"author":99,"featured_media":0,"parent":0,"menu_order":2,"comment_status":"closed","ping_status":"closed","template":"","meta":{"footnotes":""},"class_list":["post-594","page","type-page","status-publish","hentry"],"_links":{"self":[{"href":"https:\/\/jundiai.sp.gov.br\/fens\/wp-json\/wp\/v2\/pages\/594","targetHints":{"allow":["GET"]}}],"collection":[{"href":"https:\/\/jundiai.sp.gov.br\/fens\/wp-json\/wp\/v2\/pages"}],"about":[{"href":"https:\/\/jundiai.sp.gov.br\/fens\/wp-json\/wp\/v2\/types\/page"}],"author":[{"embeddable":true,"href":"https:\/\/jundiai.sp.gov.br\/fens\/wp-json\/wp\/v2\/users\/99"}],"replies":[{"embeddable":true,"href":"https:\/\/jundiai.sp.gov.br\/fens\/wp-json\/wp\/v2\/comments?post=594"}],"version-history":[{"count":66,"href":"https:\/\/jundiai.sp.gov.br\/fens\/wp-json\/wp\/v2\/pages\/594\/revisions"}],"predecessor-version":[{"id":1671,"href":"https:\/\/jundiai.sp.gov.br\/fens\/wp-json\/wp\/v2\/pages\/594\/revisions\/1671"}],"wp:attachment":[{"href":"https:\/\/jundiai.sp.gov.br\/fens\/wp-json\/wp\/v2\/media?parent=594"}],"curies":[{"name":"wp","href":"https:\/\/api.w.org\/{rel}","templated":true}]}}