{"id":1270,"date":"2014-12-10T11:26:56","date_gmt":"2014-12-10T13:26:56","guid":{"rendered":"https:\/\/jundiai.sp.gov.br\/financas\/?page_id=1270"},"modified":"2024-02-29T14:42:58","modified_gmt":"2024-02-29T17:42:58","slug":"nfs-e","status":"publish","type":"page","link":"https:\/\/jundiai.sp.gov.br\/financas\/nfs-e\/","title":{"rendered":"NFS-E &#8211; e-GISS Gest\u00e3o Eletr\u00f4nica do Iss"},"content":{"rendered":"\n<p><\/p>\n\n\n\n<h2 class=\"wp-block-heading\">O que \u00e9?<\/h2>\n\n\n\n<p><strong>e-GISS Gest\u00e3o Eletr\u00f4nica do Iss<\/strong><\/p>\n\n\n\n<p>\u00c9 um sistema moderno e seguro, de uso simples, para escritura\u00e7\u00e3o e gest\u00e3o do ISS e tem a finalidade de simplificar, modernizar, agilizar o atendimento tribut\u00e1rio a todos os contribuintes municipais prestadores e tomadores de servi\u00e7os.<\/p>\n\n\n\n<ul class=\"wp-block-list\">\n<li><a href=\"https:\/\/jundiai.giss.com.br\/\">Nota Fiscal de Servi\u00e7o Eletr\u00f4nica<\/a><\/li>\n\n\n\n<li><a href=\"https:\/\/jundiai.giss.com.br\/\">Livro Fiscal Eletr\u00f4nico<\/a><\/li>\n\n\n\n<li><a href=\"http:\/\/www.informe.issqn.com.br\/localidade.cfm\" target=\"_blank\" rel=\"noopener\">Informe<\/a><\/li>\n\n\n\n<li><a href=\"https:\/\/jundiai.sp.gov.br\/financas\/legislacao\/\">Legisla\u00e7\u00e3o<\/a><\/li>\n<\/ul>\n","protected":false},"excerpt":{"rendered":"<p>O que \u00e9? e-GISS Gest\u00e3o Eletr\u00f4nica do Iss \u00c9 um sistema moderno e seguro, de uso simples, para escritura\u00e7\u00e3o e gest\u00e3o do ISS e tem a finalidade de simplificar, modernizar, agilizar o atendimento tribut\u00e1rio a todos os contribuintes municipais prestadores e tomadores de servi\u00e7os.<\/p>\n","protected":false},"author":8,"featured_media":0,"parent":0,"menu_order":0,"comment_status":"closed","ping_status":"closed","template":"page-subpaginas.php","meta":{"footnotes":""},"class_list":["post-1270","page","type-page","status-publish","hentry"],"_links":{"self":[{"href":"https:\/\/jundiai.sp.gov.br\/financas\/wp-json\/wp\/v2\/pages\/1270","targetHints":{"allow":["GET"]}}],"collection":[{"href":"https:\/\/jundiai.sp.gov.br\/financas\/wp-json\/wp\/v2\/pages"}],"about":[{"href":"https:\/\/jundiai.sp.gov.br\/financas\/wp-json\/wp\/v2\/types\/page"}],"author":[{"embeddable":true,"href":"https:\/\/jundiai.sp.gov.br\/financas\/wp-json\/wp\/v2\/users\/8"}],"replies":[{"embeddable":true,"href":"https:\/\/jundiai.sp.gov.br\/financas\/wp-json\/wp\/v2\/comments?post=1270"}],"version-history":[{"count":10,"href":"https:\/\/jundiai.sp.gov.br\/financas\/wp-json\/wp\/v2\/pages\/1270\/revisions"}],"predecessor-version":[{"id":6177,"href":"https:\/\/jundiai.sp.gov.br\/financas\/wp-json\/wp\/v2\/pages\/1270\/revisions\/6177"}],"wp:attachment":[{"href":"https:\/\/jundiai.sp.gov.br\/financas\/wp-json\/wp\/v2\/media?parent=1270"}],"curies":[{"name":"wp","href":"https:\/\/api.w.org\/{rel}","templated":true}]}}