{"id":1291,"date":"2014-12-12T17:48:20","date_gmt":"2014-12-12T19:48:20","guid":{"rendered":"https:\/\/jundiai.sp.gov.br\/financas\/?page_id=1291"},"modified":"2016-01-04T14:53:39","modified_gmt":"2016-01-04T16:53:39","slug":"comprovantes-cnpj-e-cadesp","status":"publish","type":"page","link":"https:\/\/jundiai.sp.gov.br\/financas\/comprovantes-cnpj-e-cadesp\/","title":{"rendered":"Comprovantes &#8211; CNPJ e CADESP"},"content":{"rendered":"<p>Todo produtor rural do Estado de S\u00e3o Paulo \u00e9 obrigado a inscrever-se no Cadastro Nacional de Pessoa Jur\u00eddica (CNPJ), em substitui\u00e7\u00e3o \u00e0 Declara\u00e7\u00e3o Cadastral de Produtor (DECAP), para comercializar sua produ\u00e7\u00e3o.<\/p>\n<p>A obriga\u00e7\u00e3o est\u00e1 baseada em conv\u00eanio entre Receita Federal e Secretaria da Fazenda do Estado de S\u00e3o Paulo, conforme <a href=\"http:\/\/www.receita.fazenda.gov.br\/Legislacao\/Ins\/2014\/in14702014.htm\" target=\"_blank\">Instru\u00e7\u00e3o Normativa RFB n\u00b0 1.470, de 30 de maio de 2014<\/a>, e <a href=\"http:\/\/info.fazenda.sp.gov.br\/NXT\/gateway.dll?f=templates&amp;fn=default.htm&amp;vid=sefaz_tributaria:vtribut\" target=\"_blank\">Portaria da Coordenadoria Administrativa Tribut\u00e1ria (CAT) n. 14, de 10 de mar\u00e7o de 2006<\/a>.<\/p>\n<p>Assim, o produtor rural deve inscrever seu estabelecimento no Cadastro de Contribuintes do ICMS por meio eletr\u00f4nico, atrav\u00e9s dos programas denominados <em>PGD &#8211; Programa Gerador de Documentos do CNPJ<\/em> e <em>Receitanet<\/em>, dispon\u00edveis para download no <a href=\"http:\/\/www.receita.fazenda.gov.br\/\" target=\"_blank\">site da Secretaria da Receita Federal<\/a>.<\/p>\n<p>Para fins da inscri\u00e7\u00e3o no Cadastro do ICMS, considera-se produtor rural o empres\u00e1rio rural, pessoa natural, n\u00e3o<br \/>\nequiparado a comerciante ou industrial, que realize profissionalmente atividade agropecu\u00e1ria, de extra\u00e7\u00e3o e<br \/>\nexplora\u00e7\u00e3o vegetal ou animal, de pesca ou de armador de pesca.<\/p>\n<p>N\u00e3o est\u00e3o abrangidos na obriga\u00e7\u00e3o a pessoa ou sociedade que:<\/p>\n<ol>\n<ol>\n<li>fa\u00e7a uso do im\u00f3vel rural exclusivamente para recreio ou lazer;<\/li>\n<li>explore o im\u00f3vel rural exclusivamente com atividades cuja produ\u00e7\u00e3o seja destinada ao pr\u00f3prio consumo;<\/li>\n<li>comercialize produtos agropecu\u00e1rios produzidos por terceiros ou recebidos em transfer\u00eancia de estabelecimento localizado em outra unidade da Federa\u00e7\u00e3o;<\/li>\n<li>promova a compra e venda de bovino ou bufalino, desde que os animais permane\u00e7am em seu poder por prazo inferior a 52 (cinquenta e dois) dias, quando em regime de confinamento, ou 138 (cento e trinta e oito) dias, nos demais casos.<\/li>\n<\/ol>\n<\/ol>\n<p>Observando-se que n\u00e3o perde a condi\u00e7\u00e3o de produtor rural a pessoa ou sociedade que promova a compra e venda de at\u00e9 10 (dez) cabe\u00e7as de gado bovino ou bufalino, em prazo inferior aos previstos no item 4 do \u00a7 4\u00b0, na Portaria CAT n. 14\/ 2006, no per\u00edodo de 1\u00b0 de janeiro a 31 de dezembro de cada ano.<\/p>\n<p><strong>Normas relacionadas<\/strong><\/p>\n<p><a href=\"https:\/\/jundiai.sp.gov.br\/financas\/wp-content\/uploads\/sites\/12\/2016\/01\/LC-460-08-at\u00e9-567-2015.pdf\" target=\"_blank\">Lei Complementar n\u00ba 460\/2008<\/a> &#8211; C\u00f3digo Tribut\u00e1rio Municipal;<br \/>\n<a href=\"https:\/\/jundiai.sp.gov.br\/financas\/wp-content\/uploads\/sites\/12\/2014\/09\/Ordem-Interna-SMFDFT-0320-14.pdf\" target=\"_blank\">Ordem Interna SMF\/DFT n\u00b0 03\/2014<\/a>;<br \/>\n<a href=\"http:\/\/www.receita.fazenda.gov.br\/Legislacao\/Ins\/2014\/in14702014.htm\" target=\"_blank\">Instru\u00e7\u00e3o Normativa RFB n\u00b0 1.470<\/a>, de 30 de maio de 2014;<br \/>\n<a href=\"http:\/\/info.fazenda.sp.gov.br\/NXT\/gateway.dll?f=templates&amp;fn=default.htm&amp;vid=sefaz_tributaria:vtribut\" target=\"_blank\">Portaria da Coordenadoria Administrativa Tribut\u00e1ria (CAT) n\u00ba 14<\/a>, de 10 de mar\u00e7o de 2006.<\/p>\n","protected":false},"excerpt":{"rendered":"<p>Todo produtor rural do Estado de S\u00e3o Paulo \u00e9 obrigado a inscrever-se no Cadastro Nacional de Pessoa Jur\u00eddica (CNPJ), em substitui\u00e7\u00e3o \u00e0 Declara\u00e7\u00e3o Cadastral de Produtor (DECAP), para comercializar sua produ\u00e7\u00e3o. A obriga\u00e7\u00e3o est\u00e1 baseada em conv\u00eanio entre Receita Federal e Secretaria da Fazenda do Estado de S\u00e3o Paulo, conforme Instru\u00e7\u00e3o Normativa RFB n\u00b0 1.470, [&hellip;]<\/p>\n","protected":false},"author":8,"featured_media":0,"parent":0,"menu_order":0,"comment_status":"closed","ping_status":"closed","template":"page-iframe-menu.php","meta":{"footnotes":""},"class_list":["post-1291","page","type-page","status-publish","hentry"],"_links":{"self":[{"href":"https:\/\/jundiai.sp.gov.br\/financas\/wp-json\/wp\/v2\/pages\/1291","targetHints":{"allow":["GET"]}}],"collection":[{"href":"https:\/\/jundiai.sp.gov.br\/financas\/wp-json\/wp\/v2\/pages"}],"about":[{"href":"https:\/\/jundiai.sp.gov.br\/financas\/wp-json\/wp\/v2\/types\/page"}],"author":[{"embeddable":true,"href":"https:\/\/jundiai.sp.gov.br\/financas\/wp-json\/wp\/v2\/users\/8"}],"replies":[{"embeddable":true,"href":"https:\/\/jundiai.sp.gov.br\/financas\/wp-json\/wp\/v2\/comments?post=1291"}],"version-history":[{"count":13,"href":"https:\/\/jundiai.sp.gov.br\/financas\/wp-json\/wp\/v2\/pages\/1291\/revisions"}],"predecessor-version":[{"id":2566,"href":"https:\/\/jundiai.sp.gov.br\/financas\/wp-json\/wp\/v2\/pages\/1291\/revisions\/2566"}],"wp:attachment":[{"href":"https:\/\/jundiai.sp.gov.br\/financas\/wp-json\/wp\/v2\/media?parent=1291"}],"curies":[{"name":"wp","href":"https:\/\/api.w.org\/{rel}","templated":true}]}}