{"id":131,"date":"2014-09-10T16:44:16","date_gmt":"2014-09-10T19:44:16","guid":{"rendered":"https:\/\/jundiai.sp.gov.br\/financas\/?page_id=131"},"modified":"2024-03-14T14:37:26","modified_gmt":"2024-03-14T17:37:26","slug":"como-e-calculado","status":"publish","type":"page","link":"https:\/\/jundiai.sp.gov.br\/financas\/divida-ativa\/como-e-calculado\/","title":{"rendered":"Como \u00e9 Calculado"},"content":{"rendered":"\n<p>Como \u00e9 calculada a atualiza\u00e7\u00e3o do d\u00e9bito em d\u00edvida ativa<\/p>\n\n\n\n<p><strong>Artigo 6\u00b0\u00a0<\/strong>e  <strong>Artigo 9\u00b0 Incisos I e II.<\/strong><\/p>\n\n\n\n<p>A falta do pagamento do imposto no prazo fixado sujeitar\u00e1 o contribuinte:<\/p>\n\n\n\n<p>&#8211; \u00e0 atualiza\u00e7\u00e3o monet\u00e1ria, de acordo com a varia\u00e7\u00e3o anual do INPC (\u00cdndice Nacional de Pre\u00e7os ao Consumidor) do Instituto Brasileiro de Geografia e Estat\u00edstica (IBGE).<\/p>\n\n\n\n<p>&#8211; \u00e0 multa di\u00e1ria de 0,33% sobre o valor do d\u00e9bito atualizado monetariamente, at\u00e9 o percentual m\u00e1ximo de 20%;<\/p>\n\n\n\n<p>II &#8211; \u00e0 cobran\u00e7a de juros morat\u00f3rios \u00e0 raz\u00e3o 0,0333 % ao dia, incidentes sobre o valor do d\u00e9bito atualizado monetariamente, a partir do dia seguinte ao do vencimento.<\/p>\n","protected":false},"excerpt":{"rendered":"<p>Como \u00e9 calculada a atualiza\u00e7\u00e3o do d\u00e9bito em d\u00edvida ativa Artigo 6\u00b0\u00a0e Artigo 9\u00b0 Incisos I e II. A falta do pagamento do imposto no prazo fixado sujeitar\u00e1 o contribuinte: &#8211; \u00e0 atualiza\u00e7\u00e3o monet\u00e1ria, de acordo com a varia\u00e7\u00e3o anual do INPC (\u00cdndice Nacional de Pre\u00e7os ao Consumidor) do Instituto Brasileiro de Geografia e Estat\u00edstica [&hellip;]<\/p>\n","protected":false},"author":5,"featured_media":0,"parent":31,"menu_order":0,"comment_status":"closed","ping_status":"closed","template":"","meta":{"footnotes":""},"class_list":["post-131","page","type-page","status-publish","hentry"],"_links":{"self":[{"href":"https:\/\/jundiai.sp.gov.br\/financas\/wp-json\/wp\/v2\/pages\/131","targetHints":{"allow":["GET"]}}],"collection":[{"href":"https:\/\/jundiai.sp.gov.br\/financas\/wp-json\/wp\/v2\/pages"}],"about":[{"href":"https:\/\/jundiai.sp.gov.br\/financas\/wp-json\/wp\/v2\/types\/page"}],"author":[{"embeddable":true,"href":"https:\/\/jundiai.sp.gov.br\/financas\/wp-json\/wp\/v2\/users\/5"}],"replies":[{"embeddable":true,"href":"https:\/\/jundiai.sp.gov.br\/financas\/wp-json\/wp\/v2\/comments?post=131"}],"version-history":[{"count":5,"href":"https:\/\/jundiai.sp.gov.br\/financas\/wp-json\/wp\/v2\/pages\/131\/revisions"}],"predecessor-version":[{"id":6243,"href":"https:\/\/jundiai.sp.gov.br\/financas\/wp-json\/wp\/v2\/pages\/131\/revisions\/6243"}],"up":[{"embeddable":true,"href":"https:\/\/jundiai.sp.gov.br\/financas\/wp-json\/wp\/v2\/pages\/31"}],"wp:attachment":[{"href":"https:\/\/jundiai.sp.gov.br\/financas\/wp-json\/wp\/v2\/media?parent=131"}],"curies":[{"name":"wp","href":"https:\/\/api.w.org\/{rel}","templated":true}]}}