{"id":1336,"date":"2014-12-19T11:26:45","date_gmt":"2014-12-19T13:26:45","guid":{"rendered":"https:\/\/jundiai.sp.gov.br\/financas\/?page_id=1336"},"modified":"2018-10-17T14:43:25","modified_gmt":"2018-10-17T17:43:25","slug":"o-que-e-iptu","status":"publish","type":"page","link":"https:\/\/jundiai.sp.gov.br\/financas\/iptu-e-taxa-de-coleta-de-lixo\/o-que-e-iptu\/","title":{"rendered":"Defini\u00e7\u00e3o e C\u00e1lculo"},"content":{"rendered":"<p>O Imposto sobre a Propriedade Predial e Territorial Urbana (IPTU) e a Taxa de Coleta de Lixo (TCL) s\u00e3o os principais tributos municipais relacionados ao im\u00f3vel.<\/p>\n<p>A notifica\u00e7\u00e3o quanto aos lan\u00e7amentos desses tributos \u00e9 feita no mesmo carn\u00ea, no come\u00e7o do ano, pela Divis\u00e3o do IPTU.<\/p>\n","protected":false},"excerpt":{"rendered":"<p>O Imposto sobre a Propriedade Predial e Territorial Urbana (IPTU) e a Taxa de Coleta de Lixo (TCL) s\u00e3o os principais tributos municipais relacionados ao im\u00f3vel. A notifica\u00e7\u00e3o quanto aos lan\u00e7amentos desses tributos \u00e9 feita no mesmo carn\u00ea, no come\u00e7o do ano, pela Divis\u00e3o do IPTU.<\/p>\n","protected":false},"author":14,"featured_media":0,"parent":1332,"menu_order":1,"comment_status":"closed","ping_status":"closed","template":"page-subpaginas.php","meta":{"footnotes":""},"class_list":["post-1336","page","type-page","status-publish","hentry"],"_links":{"self":[{"href":"https:\/\/jundiai.sp.gov.br\/financas\/wp-json\/wp\/v2\/pages\/1336","targetHints":{"allow":["GET"]}}],"collection":[{"href":"https:\/\/jundiai.sp.gov.br\/financas\/wp-json\/wp\/v2\/pages"}],"about":[{"href":"https:\/\/jundiai.sp.gov.br\/financas\/wp-json\/wp\/v2\/types\/page"}],"author":[{"embeddable":true,"href":"https:\/\/jundiai.sp.gov.br\/financas\/wp-json\/wp\/v2\/users\/14"}],"replies":[{"embeddable":true,"href":"https:\/\/jundiai.sp.gov.br\/financas\/wp-json\/wp\/v2\/comments?post=1336"}],"version-history":[{"count":19,"href":"https:\/\/jundiai.sp.gov.br\/financas\/wp-json\/wp\/v2\/pages\/1336\/revisions"}],"predecessor-version":[{"id":3819,"href":"https:\/\/jundiai.sp.gov.br\/financas\/wp-json\/wp\/v2\/pages\/1336\/revisions\/3819"}],"up":[{"embeddable":true,"href":"https:\/\/jundiai.sp.gov.br\/financas\/wp-json\/wp\/v2\/pages\/1332"}],"wp:attachment":[{"href":"https:\/\/jundiai.sp.gov.br\/financas\/wp-json\/wp\/v2\/media?parent=1336"}],"curies":[{"name":"wp","href":"https:\/\/api.w.org\/{rel}","templated":true}]}}