{"id":1344,"date":"2014-12-19T11:44:53","date_gmt":"2014-12-19T13:44:53","guid":{"rendered":"https:\/\/jundiai.sp.gov.br\/financas\/?page_id=1344"},"modified":"2025-04-10T17:51:41","modified_gmt":"2025-04-10T20:51:41","slug":"restituicao","status":"publish","type":"page","link":"https:\/\/jundiai.sp.gov.br\/financas\/iptu-e-taxa-de-coleta-de-lixo\/pagamento-como-pagar-a-2a-via-do-iptu\/restituicao\/","title":{"rendered":"Restitui\u00e7\u00e3o"},"content":{"rendered":"\n<p>A solicita\u00e7\u00e3o dever\u00e1 ser feita no Poupatempo Jundia\u00ed, com a apresenta\u00e7\u00e3o da documenta\u00e7\u00e3o abaixo:<\/p>\n\n\n\n<p><strong>DOCUMENTA\u00c7\u00c3O NECESS\u00c1RIA:<\/strong><\/p>\n\n\n\n<ol class=\"wp-block-list\">\n<li><a href=\"https:\/\/jundiai.sp.gov.br\/financas\/wp-content\/uploads\/sites\/12\/2025\/04\/requerimento_restituicao_compensacao-1.pdf\">Formul\u00e1rio de Restitui\u00e7\u00e3o ou Compensa\u00e7\u00e3o de Tributos Municipais<\/a>;<\/li>\n\n\n\n<li>RG e CPF dos contribuintes ou representante legal;<\/li>\n\n\n\n<li>Contrato Social ou Estatuto atualizado, com elei\u00e7\u00e3o da atual Diretoria e Cart\u00e3o de CNPJ (quando pessoa jur\u00eddica);<\/li>\n\n\n\n<li>Procura\u00e7\u00e3o e CPF\/RG do procurador, quando for o caso;<\/li>\n\n\n\n<li>C\u00f3pia do carn\u00ea de IPTU;<\/li>\n\n\n\n<li>Comprovante do Pagamento do IPTU;<\/li>\n\n\n\n<li>Matr\u00edcula do Registro de Im\u00f3veis atualizada (com no m\u00e1ximo um ano de emiss\u00e3o) ou Escritura sem registro ou Contrato de compromisso de compra e venda;<br>\na) Se a solicita\u00e7\u00e3o se referir a cr\u00e9ditos de anos anteriores, a matr\u00edcula deve estar atualizada.<br>\nb) Para exerc\u00edcio vigente, basta a apresenta\u00e7\u00e3o do carn\u00ea em nome do atual propriet\u00e1rio. Se o carn\u00ea n\u00e3o estiver em nome do requerente, a matr\u00edcula atualizada dever\u00e1 ser apresentada;<\/li>\n\n\n\n<li>Certid\u00e3o de \u00d3bito e Certid\u00e3o de Nascimento ou RG do herdeiro (no caso de propriet\u00e1rio falecido); neste caso, apresentar documento de nomea\u00e7\u00e3o do inventariante e CPF e RG, no caso de n\u00e3o haver invent\u00e1rio, apresentar c\u00f3pia do RG e CPF;<\/li>\n\n\n\n<li>No caso de cr\u00e9dito origin\u00e1rio de retifica\u00e7\u00e3o de lan\u00e7amento, anexar a c\u00f3pia da notifica\u00e7\u00e3o.<\/li>\n\n\n\n<li>Informa\u00e7\u00f5es sobre os dados banc\u00e1rios do propriet\u00e1rio para dep\u00f3sito (Banco, Ag\u00eancia e Conta). Caso o dep\u00f3sito deva ser feito em conta com titularidade diferente, o propriet\u00e1rio dever\u00e1 encaminhar por escrito autoriza\u00e7\u00e3o para dep\u00f3sito em conta de terceiro.<\/li>\n<\/ol>\n\n\n\n<p><strong>Aten\u00e7\u00e3o<\/strong><\/p>\n\n\n\n<ul class=\"wp-block-list\">\n<li>No caso de existirem diversos propriet\u00e1rios ou possuidores do im\u00f3vel, o Anexo II dever\u00e1 ser obrigatoriamente preenchido por todos, e apresentado juntamente com o Anexo I (<a href=\"https:\/\/jundiai.sp.gov.br\/financas\/wp-content\/uploads\/sites\/12\/2025\/04\/requerimento-restituicao-compensacao-editavel.pdf\">Formul\u00e1rio de Restitui\u00e7\u00e3o ou Compensa\u00e7\u00e3o de Tributos Municipais<\/a>);<\/li>\n\n\n\n<li>&nbsp;Se a pessoa a receber a restitui\u00e7\u00e3o for diferente da pessoa do(s) contribuinte(s), anexar uma autoriza\u00e7\u00e3o do(s) contribuinte(s) ou detentor(es) do direito dando poderes para restituir em nome do terceiro;<\/li>\n\n\n\n<li>Em caso de falecimento de um dos propriet\u00e1rios ou possuidores, dever\u00e1 haver tamb\u00e9m a assinatura de todos os herdeiros (com c\u00f3pia do CPF e RG de cada um), na anu\u00eancia ou na procura\u00e7\u00e3o, conforme itens acima.<\/li>\n<\/ul>\n","protected":false},"excerpt":{"rendered":"<p>A solicita\u00e7\u00e3o dever\u00e1 ser feita no Poupatempo Jundia\u00ed, com a apresenta\u00e7\u00e3o da documenta\u00e7\u00e3o abaixo: DOCUMENTA\u00c7\u00c3O NECESS\u00c1RIA: Aten\u00e7\u00e3o<\/p>\n","protected":false},"author":5,"featured_media":0,"parent":1583,"menu_order":7,"comment_status":"closed","ping_status":"closed","template":"","meta":{"footnotes":""},"class_list":["post-1344","page","type-page","status-publish","hentry"],"_links":{"self":[{"href":"https:\/\/jundiai.sp.gov.br\/financas\/wp-json\/wp\/v2\/pages\/1344","targetHints":{"allow":["GET"]}}],"collection":[{"href":"https:\/\/jundiai.sp.gov.br\/financas\/wp-json\/wp\/v2\/pages"}],"about":[{"href":"https:\/\/jundiai.sp.gov.br\/financas\/wp-json\/wp\/v2\/types\/page"}],"author":[{"embeddable":true,"href":"https:\/\/jundiai.sp.gov.br\/financas\/wp-json\/wp\/v2\/users\/5"}],"replies":[{"embeddable":true,"href":"https:\/\/jundiai.sp.gov.br\/financas\/wp-json\/wp\/v2\/comments?post=1344"}],"version-history":[{"count":40,"href":"https:\/\/jundiai.sp.gov.br\/financas\/wp-json\/wp\/v2\/pages\/1344\/revisions"}],"predecessor-version":[{"id":7185,"href":"https:\/\/jundiai.sp.gov.br\/financas\/wp-json\/wp\/v2\/pages\/1344\/revisions\/7185"}],"up":[{"embeddable":true,"href":"https:\/\/jundiai.sp.gov.br\/financas\/wp-json\/wp\/v2\/pages\/1583"}],"wp:attachment":[{"href":"https:\/\/jundiai.sp.gov.br\/financas\/wp-json\/wp\/v2\/media?parent=1344"}],"curies":[{"name":"wp","href":"https:\/\/api.w.org\/{rel}","templated":true}]}}