{"id":137,"date":"2014-09-10T16:45:44","date_gmt":"2014-09-10T19:45:44","guid":{"rendered":"https:\/\/jundiai.sp.gov.br\/financas\/?page_id=137"},"modified":"2024-03-14T14:41:52","modified_gmt":"2024-03-14T17:41:52","slug":"certidoes","status":"publish","type":"page","link":"https:\/\/jundiai.sp.gov.br\/financas\/divida-ativa\/certidoes\/","title":{"rendered":"Certid\u00f5es"},"content":{"rendered":"\n<p><strong>O que \u00e9?<\/strong><strong><\/strong><\/p>\n\n\n\n<p>Documento que comprova a regularidade da pessoa f\u00edsica ou jur\u00eddica para com o Munic\u00edpio. Se houver pend\u00eancias, o solicitante poder\u00e1 requisitar a guia de pagamento dos tributos em aberto, pag\u00e1-los e, ap\u00f3s 3 (tr\u00eas) dias \u00fateis, solicitar a Certid\u00e3o Negativa de D\u00e9bitos &#8211; CND novamente. O sistema tamb\u00e9m possibilita a quem recebe o documento comprovar a autenticidade da Certid\u00e3o Negativa fornecida por terceiros.<\/p>\n\n\n\n<p>O prazo de validade da Certid\u00e3o Negativa de D\u00e9bito \u00e9 de 180 (cento e oitenta) dias. Clique abaixo para emitir sua certid\u00e3o. <\/p>\n\n\n\n<ul class=\"wp-block-list\">\n<li><strong><a href=\"https:\/\/jundiai.sp.gov.br\/servicos-online\/certidao-negativa-de-debitos-ambientais\/\">Certid\u00e3o Negativa de D\u00e9bitos Ambientais<\/a><\/strong> <\/li>\n<\/ul>\n\n\n\n<ul class=\"wp-block-list\">\n<li><strong><a href=\"https:\/\/jundiai.sp.gov.br\/servicos-online\/certidao-negativa-de-debitos-mobiliarios\/\" target=\"_blank\" rel=\"noreferrer noopener\">Certid\u00e3o Negativa de D\u00e9bitos Mobili\u00e1rios<\/a><\/strong><\/li>\n<\/ul>\n\n\n\n<ul class=\"wp-block-list\">\n<li><strong><a href=\"https:\/\/jundiai.sp.gov.br\/financas\/certidao-negativa-de-debitos-imobiliarios\/\">Certid\u00e3o Negativa de D\u00e9bitos Imobili\u00e1rios<\/a><\/strong><\/li>\n<\/ul>\n\n\n\n<ul class=\"wp-block-list\">\n<li><strong><a href=\"https:\/\/jundiai.sp.gov.br\/servicos-online\/certidao-negativa-de-debitos-municipais-cpf-cnpj\/\">Certid\u00e3o Negativa de D\u00e9bitos Municipais (CPF\/CNPJ)<\/a><\/strong><\/li>\n<\/ul>\n\n\n\n<ul class=\"wp-block-list\">\n<li><strong><a href=\"https:\/\/jundiai.sp.gov.br\/financas\/certidao-negativa-de-debitos-municipais\/\">Certid\u00e3o Negativa de D\u00e9bitos Municipais (IPTU \/ ITBI \/ TAXAS \/ ISSQN \/ ALVAR\u00c1 \/ MULTA)<\/a><\/strong><\/li>\n<\/ul>\n\n\n\n<ul class=\"wp-block-list\">\n<li><strong><a href=\"https:\/\/web.cijun.sp.gov.br\/PMJ\/LOGIN\/v1\/main.html#\/?value=bW9kbz1jcGZjbnBqJnVybFJlZGlyZWN0PWh0dHBzOi8vd2ViLmNpanVuLnNwLmdvdi5ici9QTUovRElWQVRJVkEuTGVpQ29uc3VsdGFEZWJpdG9zLyZzaXN0ZW1hT3JpZ2VtPTI%3D\">Certid\u00e3o de D\u00e9bitos Municipais<\/a><\/strong><\/li>\n<\/ul>\n\n\n\n<p><strong>Todos esses servi\u00e7os tamb\u00e9m est\u00e3o dispon\u00edveis no site, na op\u00e7\u00e3o &#8220;<a href=\"https:\/\/jundiai.sp.gov.br\/servicos-online\/\">Servi\u00e7o ao Cidad\u00e3o<\/a>&#8221;\u00a0 &#8211; Emiss\u00e3o de Certid\u00f5es e Autenticidades. <\/strong><\/p>\n","protected":false},"excerpt":{"rendered":"<p>O que \u00e9? Documento que comprova a regularidade da pessoa f\u00edsica ou jur\u00eddica para com o Munic\u00edpio. Se houver pend\u00eancias, o solicitante poder\u00e1 requisitar a guia de pagamento dos tributos em aberto, pag\u00e1-los e, ap\u00f3s 3 (tr\u00eas) dias \u00fateis, solicitar a Certid\u00e3o Negativa de D\u00e9bitos &#8211; CND novamente. O sistema tamb\u00e9m possibilita a quem recebe [&hellip;]<\/p>\n","protected":false},"author":5,"featured_media":0,"parent":31,"menu_order":0,"comment_status":"closed","ping_status":"closed","template":"page-subpaginas.php","meta":{"footnotes":""},"class_list":["post-137","page","type-page","status-publish","hentry"],"_links":{"self":[{"href":"https:\/\/jundiai.sp.gov.br\/financas\/wp-json\/wp\/v2\/pages\/137","targetHints":{"allow":["GET"]}}],"collection":[{"href":"https:\/\/jundiai.sp.gov.br\/financas\/wp-json\/wp\/v2\/pages"}],"about":[{"href":"https:\/\/jundiai.sp.gov.br\/financas\/wp-json\/wp\/v2\/types\/page"}],"author":[{"embeddable":true,"href":"https:\/\/jundiai.sp.gov.br\/financas\/wp-json\/wp\/v2\/users\/5"}],"replies":[{"embeddable":true,"href":"https:\/\/jundiai.sp.gov.br\/financas\/wp-json\/wp\/v2\/comments?post=137"}],"version-history":[{"count":16,"href":"https:\/\/jundiai.sp.gov.br\/financas\/wp-json\/wp\/v2\/pages\/137\/revisions"}],"predecessor-version":[{"id":6245,"href":"https:\/\/jundiai.sp.gov.br\/financas\/wp-json\/wp\/v2\/pages\/137\/revisions\/6245"}],"up":[{"embeddable":true,"href":"https:\/\/jundiai.sp.gov.br\/financas\/wp-json\/wp\/v2\/pages\/31"}],"wp:attachment":[{"href":"https:\/\/jundiai.sp.gov.br\/financas\/wp-json\/wp\/v2\/media?parent=137"}],"curies":[{"name":"wp","href":"https:\/\/api.w.org\/{rel}","templated":true}]}}