{"id":1377,"date":"2014-12-19T12:34:25","date_gmt":"2014-12-19T14:34:25","guid":{"rendered":"https:\/\/jundiai.sp.gov.br\/financas\/?page_id=1377"},"modified":"2017-08-18T11:21:55","modified_gmt":"2017-08-18T14:21:55","slug":"remissao-perdao-da-divida","status":"publish","type":"page","link":"https:\/\/jundiai.sp.gov.br\/financas\/iptu-e-taxa-de-coleta-de-lixo\/remissao-perdao-da-divida\/","title":{"rendered":"Remiss\u00e3o (Perd\u00e3o da D\u00edvida)"},"content":{"rendered":"<p>Os contribuintes que n\u00e3o possuam condi\u00e7\u00f5es financeiras de efetuar o pagamento do IPTU e da Taxa de Coleta de Lixo podem solicitar a remiss\u00e3o dos d\u00e9bitos (que \u00e9 o perd\u00e3o da d\u00edvida).<\/p>\n<p>Ser\u00e1 feita uma avalia\u00e7\u00e3o social, para se identificar o n\u00edvel de vulnerabilidade social da fam\u00edlia. Com base nesse parecer, o Secret\u00e1rio de Finan\u00e7as poder\u00e1, ou n\u00e3o, deferir a remiss\u00e3o dos d\u00e9bitos pendentes, de forma parcial ou total.<\/p>\n<p><strong>Como solicitar<\/strong><\/p>\n<p>A solicita\u00e7\u00e3o desse benef\u00edcio deve ser feita no <strong><a href=\"http:\/\/guia.poupatempo.sp.gov.br\/_postos.aspx?Page=&amp;PostID=34&amp;PostTipo=F&amp;PostNomeReduzido=Poupatempo%20Jundia%C3%AD&amp;QtdComunica=1\" target=\"_blank\" rel=\"noopener noreferrer\">Poupatempo<\/a><\/strong> (<strong><a href=\"https:\/\/jundiai.sp.gov.br\/financas\/iptu-e-taxa-de-coleta-de-lixo\/contato\/\" target=\"_blank\" rel=\"noopener noreferrer\">veja o endere\u00e7o e o hor\u00e1rio de atendimento<\/a><\/strong>).<\/p>\n<p><strong>Devem ser apresentados os seguintes documentos:<\/strong><\/p>\n<ol>\n<li style=\"margin-bottom: 1em\"><a href=\"https:\/\/jundiai.sp.gov.br\/financas\/wp-content\/uploads\/sites\/12\/2017\/08\/FORM-SOL-REMISS\u00c3O.pdf\" target=\"_blank\">Formul\u00e1rio<\/a> devidamente preenchido;<\/li>\n<li style=\"margin-bottom: 1em\">C\u00f3pia do CPF e RG do solicitante;<\/li>\n<li style=\"margin-bottom: 1em\">C\u00f3pia da <a href=\"https:\/\/jundiai.sp.gov.br\/financas\/matricula\/\">Matr\u00edcula do Registro de Im\u00f3veis<\/a> atualizada (com no m\u00e1ximo um ano de emiss\u00e3o) ou Escritura sem registro ou Contrato de compromisso de venda e compra;<\/li>\n<li style=\"margin-bottom: 1em\">Procura\u00e7\u00e3o (se a solicita\u00e7\u00e3o estiver assinada por terceiros) e CPF e RG do procurador;<\/li>\n<li style=\"margin-bottom: 1em\">C\u00f3pia do Carn\u00ea de IPTU;<\/li>\n<li style=\"margin-bottom: 1em\">C\u00f3pias das contas de luz, \u00e1gua e telefone (atuais);<\/li>\n<li style=\"margin-bottom: 1em\">Comprovantes atualizados dos demais gastos familiares;<\/li>\n<li style=\"margin-bottom: 1em\">C\u00f3pia da conta de taxa condominial atual, frente e verso (se houver);<\/li>\n<li style=\"margin-bottom: 1em\">C\u00f3pia do documento de ve\u00edculos (se houver);<\/li>\n<li style=\"margin-bottom: 1em\">Se vi\u00favo(a), c\u00f3pia do atestado de \u00f3bito e invent\u00e1rio;<\/li>\n<li>Todos os familiares (independente de residir ou n\u00e3o no im\u00f3vel):\n<ul>\n<li>\u00daltimo holerite de pagamento de cada um;<\/li>\n<li>Rela\u00e7\u00e3o de demais rendimentos da fam\u00edlia (exemplo: valores referentes a trabalhos como aut\u00f4nomo, a pequenos com\u00e9rcios, alugu\u00e9is recebidos etc.);<\/li>\n<li>Carteira profissional de quem estiver desempregado (p\u00e1ginas da foto e do \u00faltimo contrato de trabalho);<\/li>\n<li>Extrato de pagamento do <a href=\"https:\/\/www8.dataprev.gov.br\/SipaINSS\/pages\/hiscre\/hiscreInicio.xhtml\" target=\"_blank\" rel=\"noopener noreferrer\">INSS atual<\/a>(Base legal: <a href=\"https:\/\/jundiai.sp.gov.br\/financas\/wp-content\/uploads\/sites\/12\/2016\/01\/LC-460-08-at%C3%A9-567-2015.pdf\" target=\"_blank\" rel=\"noopener noreferrer\">Art. 15, I da Lei Complementar n\u00ba 460\/2008<\/a>);<\/li>\n<li>C\u00f3pia do RG e CPF e endere\u00e7o de cada um;<\/li>\n<\/ul>\n<\/li>\n<\/ol>\n<p><strong>Aten\u00e7\u00e3o<\/strong><\/p>\n<p>Esse benef\u00edcio <strong>deve ser solicitado apenas por quem realmente n\u00e3o tenha condi\u00e7\u00f5es de arcar com os tributos<\/strong>.<\/p>\n<p>Ser\u00e1 verificada a autenticidade e veracidade de todos os documentos. A omiss\u00e3o de qualquer documento poder\u00e1 gerar de imediato o INDEFERIMENTO do pedido.<\/p>\n<p>De acordo com a <a href=\"http:\/\/www.planalto.gov.br\/ccivil_03\/leis\/l8137.htm\" target=\"_blank\" rel=\"noopener noreferrer\">Lei Federal n\u00ba 8.137\/90<\/a>, constitui <strong>CRIME contra a ordem tribut\u00e1ria<\/strong> suprimir ou reduzir tributo por meio de, dentre outras condutas, as seguintes: omitir informa\u00e7\u00e3o, ou prestar declara\u00e7\u00e3o falsa \u00e0s autoridades fazend\u00e1rias, utilizar documento falso ou inexato, fazer declara\u00e7\u00e3o falsa ou omitir declara\u00e7\u00e3o sobre rendas, bens ou fatos, ou empregar outra fraude, para eximir-se, total ou parcialmente, de pagamento de tributo. A pena \u00e9 de <strong>reclus\u00e3o de 2 a 5 anos, e multa.<\/strong><\/p>\n","protected":false},"excerpt":{"rendered":"<p>Os contribuintes que n\u00e3o possuam condi\u00e7\u00f5es financeiras de efetuar o pagamento do IPTU e da Taxa de Coleta de Lixo podem solicitar a remiss\u00e3o dos d\u00e9bitos (que \u00e9 o perd\u00e3o da d\u00edvida). Ser\u00e1 feita uma avalia\u00e7\u00e3o social, para se identificar o n\u00edvel de vulnerabilidade social da fam\u00edlia. Com base nesse parecer, o Secret\u00e1rio de Finan\u00e7as [&hellip;]<\/p>\n","protected":false},"author":5,"featured_media":0,"parent":1332,"menu_order":16,"comment_status":"closed","ping_status":"closed","template":"","meta":{"footnotes":""},"class_list":["post-1377","page","type-page","status-publish","hentry"],"_links":{"self":[{"href":"https:\/\/jundiai.sp.gov.br\/financas\/wp-json\/wp\/v2\/pages\/1377","targetHints":{"allow":["GET"]}}],"collection":[{"href":"https:\/\/jundiai.sp.gov.br\/financas\/wp-json\/wp\/v2\/pages"}],"about":[{"href":"https:\/\/jundiai.sp.gov.br\/financas\/wp-json\/wp\/v2\/types\/page"}],"author":[{"embeddable":true,"href":"https:\/\/jundiai.sp.gov.br\/financas\/wp-json\/wp\/v2\/users\/5"}],"replies":[{"embeddable":true,"href":"https:\/\/jundiai.sp.gov.br\/financas\/wp-json\/wp\/v2\/comments?post=1377"}],"version-history":[{"count":27,"href":"https:\/\/jundiai.sp.gov.br\/financas\/wp-json\/wp\/v2\/pages\/1377\/revisions"}],"predecessor-version":[{"id":3480,"href":"https:\/\/jundiai.sp.gov.br\/financas\/wp-json\/wp\/v2\/pages\/1377\/revisions\/3480"}],"up":[{"embeddable":true,"href":"https:\/\/jundiai.sp.gov.br\/financas\/wp-json\/wp\/v2\/pages\/1332"}],"wp:attachment":[{"href":"https:\/\/jundiai.sp.gov.br\/financas\/wp-json\/wp\/v2\/media?parent=1377"}],"curies":[{"name":"wp","href":"https:\/\/api.w.org\/{rel}","templated":true}]}}