{"id":1390,"date":"2014-12-19T15:47:48","date_gmt":"2014-12-19T17:47:48","guid":{"rendered":"https:\/\/jundiai.sp.gov.br\/financas\/?page_id=1390"},"modified":"2015-02-05T10:24:17","modified_gmt":"2015-02-05T12:24:17","slug":"isencoes","status":"publish","type":"page","link":"https:\/\/jundiai.sp.gov.br\/financas\/iptu-e-taxa-de-coleta-de-lixo\/isencoes\/","title":{"rendered":"Isen\u00e7\u00f5es e Como Solicitar"},"content":{"rendered":"<p>Isen\u00e7\u00f5es s\u00e3o benef\u00edcios concedidos pelo munic\u00edpio, as quais desobrigam o pagamento de tributos pelo cidad\u00e3o. Tais benef\u00edcios s\u00e3o autorizados nas pr\u00f3prias leis municipais e dependem do cumprimento de certas condi\u00e7\u00f5es.<\/p>\n<p><strong>Aten\u00e7\u00e3o: <\/strong><br \/>\n\u2022 \u00c9 importante ressaltar que essas condi\u00e7\u00f5es devem ser cumpridas fielmente como determinam a lei, de forma literal, o que garante a imparcialidade na atua\u00e7\u00e3o da administra\u00e7\u00e3o p\u00fablica.<\/p>\n<p>\u2022 De acordo com a <a href=\"http:\/\/www.planalto.gov.br\/ccivil_03\/leis\/l8137.htm\" target=\"_blank\">Lei Federal n\u00ba 8.137\/90<\/a>, constitui <strong>CRIME contra a ordem tribut\u00e1ria<\/strong> suprimir ou reduzir tributo por meio de, dentre outras condutas, uma das seguintes: omitir informa\u00e7\u00e3o, ou prestar declara\u00e7\u00e3o falsa \u00e0s autoridades fazend\u00e1rias, utilizar documento falso ou inexato, fazer declara\u00e7\u00e3o falsa ou omitir declara\u00e7\u00e3o sobre rendas, bens ou fatos, ou empregar outra fraude, para eximir-se, total ou parcialmente, de pagamento de tributo. A pena \u00e9 de reclus\u00e3o de 2 a 5 anos, e multa.<\/p>\n<p>Veja abaixo os tipos de isen\u00e7\u00e3o, os crit\u00e9rios dos benef\u00edcios e a forma de solicita\u00e7\u00e3o:<\/p>\n","protected":false},"excerpt":{"rendered":"<p>Isen\u00e7\u00f5es s\u00e3o benef\u00edcios concedidos pelo munic\u00edpio, as quais desobrigam o pagamento de tributos pelo cidad\u00e3o. Tais benef\u00edcios s\u00e3o autorizados nas pr\u00f3prias leis municipais e dependem do cumprimento de certas condi\u00e7\u00f5es. Aten\u00e7\u00e3o: \u2022 \u00c9 importante ressaltar que essas condi\u00e7\u00f5es devem ser cumpridas fielmente como determinam a lei, de forma literal, o que garante a imparcialidade na [&hellip;]<\/p>\n","protected":false},"author":5,"featured_media":0,"parent":1332,"menu_order":11,"comment_status":"closed","ping_status":"closed","template":"page-subpaginas.php","meta":{"footnotes":""},"class_list":["post-1390","page","type-page","status-publish","hentry"],"_links":{"self":[{"href":"https:\/\/jundiai.sp.gov.br\/financas\/wp-json\/wp\/v2\/pages\/1390","targetHints":{"allow":["GET"]}}],"collection":[{"href":"https:\/\/jundiai.sp.gov.br\/financas\/wp-json\/wp\/v2\/pages"}],"about":[{"href":"https:\/\/jundiai.sp.gov.br\/financas\/wp-json\/wp\/v2\/types\/page"}],"author":[{"embeddable":true,"href":"https:\/\/jundiai.sp.gov.br\/financas\/wp-json\/wp\/v2\/users\/5"}],"replies":[{"embeddable":true,"href":"https:\/\/jundiai.sp.gov.br\/financas\/wp-json\/wp\/v2\/comments?post=1390"}],"version-history":[{"count":6,"href":"https:\/\/jundiai.sp.gov.br\/financas\/wp-json\/wp\/v2\/pages\/1390\/revisions"}],"predecessor-version":[{"id":2080,"href":"https:\/\/jundiai.sp.gov.br\/financas\/wp-json\/wp\/v2\/pages\/1390\/revisions\/2080"}],"up":[{"embeddable":true,"href":"https:\/\/jundiai.sp.gov.br\/financas\/wp-json\/wp\/v2\/pages\/1332"}],"wp:attachment":[{"href":"https:\/\/jundiai.sp.gov.br\/financas\/wp-json\/wp\/v2\/media?parent=1390"}],"curies":[{"name":"wp","href":"https:\/\/api.w.org\/{rel}","templated":true}]}}