{"id":1394,"date":"2014-12-19T16:27:01","date_gmt":"2014-12-19T18:27:01","guid":{"rendered":"https:\/\/jundiai.sp.gov.br\/financas\/?page_id=1394"},"modified":"2023-09-20T17:14:27","modified_gmt":"2023-09-20T20:14:27","slug":"contato","status":"publish","type":"page","link":"https:\/\/jundiai.sp.gov.br\/financas\/iptu-e-taxa-de-coleta-de-lixo\/contato\/","title":{"rendered":"Contatos e Atendimento"},"content":{"rendered":"<h2>Atendimento<\/h2>\n<h2 style=\"padding-left: 30px;\">Posto de atendimento da Prefeitura no Poupatempo<\/h2>\n<p style=\"padding-left: 30px;\"><strong>Respons\u00e1vel pelo setor:<\/strong>\u00a0Maria L\u00facia Silva<br \/>\n<strong>Localiza\u00e7\u00e3o:\u00a0<\/strong>Avenida Uni\u00e3o dos Ferrovi\u00e1rios, 1.760<br \/>\n<strong>Hor\u00e1rio de atendimento:<\/strong> de segunda a sexta-feira, das 9h \u00e0s 17h e, aos s\u00e1bados, das 9h \u00e0s 13h.<\/p>\n<p><strong><span style=\"text-decoration: underline;\">Aten\u00e7\u00e3o<\/span>:<\/strong> A partir dia 03\/08\/15, o atendimento referente ao <strong>IPTU<\/strong> e \u00e0 <strong>Taxa de Coleta de Lixo<\/strong> passou a ser feito <strong>exclusivamente no <a href=\"https:\/\/www.poupatempo.sp.gov.br\/wps\/portal\/poupatempoTaOn\/servicos\/intermediarias\/municipios\/jundiai\" target=\"_blank\" rel=\"noopener\">Posto de atendimento da Prefeitura no Poupatempo<\/a><\/strong><a href=\"_wp_link_placeholder\">.<\/a><\/p>\n<h2>Contatos na Prefeitura<\/h2>\n<h2 style=\"padding-left: 30px;\">Divis\u00e3o de Cadastro Imobili\u00e1rio<\/h2>\n<p style=\"padding-left: 30px;\"><strong>Respons\u00e1vel pelo setor: <\/strong>Gabriela Cergol Spina<br \/>\n<strong>Localiza\u00e7\u00e3o:<\/strong> Pa\u00e7o Municipal, av. da Liberdade, s\/n &#8211; mezanino, ala Sul<br \/>\nVila Bandeirantes, CEP 13214-900<span style=\"color: #666666;\">\u00a0<\/span><br \/>\nTelefone: (11)\u00a0 4589-8723<br \/>\nE-mail: <strong><a href=\"mailto:iptu@jundiai.sp.gov.br\" target=\"_blank\" rel=\"noopener noreferrer\">iptu@jundiai.sp.gov.br<\/a><\/strong><\/p>\n<h2 style=\"padding-left: 30px;\">Divis\u00e3o de Fiscaliza\u00e7\u00e3o Imobili\u00e1ria<\/h2>\n<p style=\"padding-left: 30px;\"><strong>Respons\u00e1vel pelo setor:<\/strong> Patr\u00edcia Correa Prod\u00f3cimo<br \/>\n<strong>Localiza\u00e7\u00e3o:<\/strong>\u00a0Pa\u00e7o Municipal, av. da Liberdade, s\/n &#8211; mezanino, ala Sul<br \/>\nVila Bandeirantes, CEP 13214-900<span style=\"color: #666666;\">\u00a0<\/span><br \/>\nTelefone: (11) 4589 8931<\/p>\n<h2 style=\"padding-left: 30px;\">Central de Cobran\u00e7a da Prefeitura<\/h2>\n<p style=\"padding-left: 30px;\">Telefone: 4589-8706<\/p>\n","protected":false},"excerpt":{"rendered":"<p>Atendimento Posto de atendimento da Prefeitura no Poupatempo Respons\u00e1vel pelo setor:\u00a0Maria L\u00facia Silva Localiza\u00e7\u00e3o:\u00a0Avenida Uni\u00e3o dos Ferrovi\u00e1rios, 1.760 Hor\u00e1rio de atendimento: de segunda a sexta-feira, das 9h \u00e0s 17h e, aos s\u00e1bados, das 9h \u00e0s 13h. Aten\u00e7\u00e3o: A partir dia 03\/08\/15, o atendimento referente ao IPTU e \u00e0 Taxa de Coleta de Lixo passou a [&hellip;]<\/p>\n","protected":false},"author":14,"featured_media":0,"parent":1332,"menu_order":18,"comment_status":"closed","ping_status":"closed","template":"page-subpaginas.php","meta":{"footnotes":""},"class_list":["post-1394","page","type-page","status-publish","hentry"],"_links":{"self":[{"href":"https:\/\/jundiai.sp.gov.br\/financas\/wp-json\/wp\/v2\/pages\/1394","targetHints":{"allow":["GET"]}}],"collection":[{"href":"https:\/\/jundiai.sp.gov.br\/financas\/wp-json\/wp\/v2\/pages"}],"about":[{"href":"https:\/\/jundiai.sp.gov.br\/financas\/wp-json\/wp\/v2\/types\/page"}],"author":[{"embeddable":true,"href":"https:\/\/jundiai.sp.gov.br\/financas\/wp-json\/wp\/v2\/users\/14"}],"replies":[{"embeddable":true,"href":"https:\/\/jundiai.sp.gov.br\/financas\/wp-json\/wp\/v2\/comments?post=1394"}],"version-history":[{"count":26,"href":"https:\/\/jundiai.sp.gov.br\/financas\/wp-json\/wp\/v2\/pages\/1394\/revisions"}],"predecessor-version":[{"id":5994,"href":"https:\/\/jundiai.sp.gov.br\/financas\/wp-json\/wp\/v2\/pages\/1394\/revisions\/5994"}],"up":[{"embeddable":true,"href":"https:\/\/jundiai.sp.gov.br\/financas\/wp-json\/wp\/v2\/pages\/1332"}],"wp:attachment":[{"href":"https:\/\/jundiai.sp.gov.br\/financas\/wp-json\/wp\/v2\/media?parent=1394"}],"curies":[{"name":"wp","href":"https:\/\/api.w.org\/{rel}","templated":true}]}}