{"id":1404,"date":"2014-12-19T16:44:44","date_gmt":"2014-12-19T18:44:44","guid":{"rendered":"https:\/\/jundiai.sp.gov.br\/financas\/?page_id=1404"},"modified":"2026-01-07T14:22:50","modified_gmt":"2026-01-07T17:22:50","slug":"taxa-de-coleta-de-lixo","status":"publish","type":"page","link":"https:\/\/jundiai.sp.gov.br\/financas\/iptu-e-taxa-de-coleta-de-lixo\/o-que-e-iptu\/taxa-de-coleta-de-lixo\/","title":{"rendered":"Taxa de Coleta de Lixo"},"content":{"rendered":"\n<p>A Taxa de Coleta de Lixo \u00e9 um tributo criado no Munic\u00edpio para dar conta do \u00f4nus do servi\u00e7o municipal de coleta de lixo domiciliar.<\/p>\n\n\n\n<p>Ela \u00e9 cobrada no mesmo <a href=\"https:\/\/jundiai.sp.gov.br\/financas\/iptu\/carne-do-iptu-e-entrega\/\">carn\u00ea<\/a> pelo qual se d\u00e1 a notifica\u00e7\u00e3o de lan\u00e7amento do IPTU e \u00e9 calculado de acordo com a \u00e1rea constru\u00edda do im\u00f3vel.<\/p>\n\n\n\n<h2 class=\"wp-block-heading\">Como \u00e9 calculada a Taxa de Coleta de Lixo<\/h2>\n\n\n\n<p>De acordo com o que define a <a href=\"https:\/\/jundiai.sp.gov.br\/financas\/wp-content\/uploads\/sites\/12\/2017\/10\/codigo-tributario-em-pdf-atualizado-ate-lc-580-2017.pdf\" target=\"_blank\" rel=\"noopener noreferrer\">Lei Complementar n\u00ba 460\/2008<\/a>, e altera\u00e7\u00f5es, e o <a href=\"https:\/\/jundiai.sp.gov.br\/financas\/wp-content\/uploads\/sites\/12\/2026\/01\/decreto-35883-de-16-de-dezembro-de-2025-taxa-de-coleta-de-lixo-custo-do-servico-publico-de-coleta-datas-de-vencimento-e-demais-regras-1.pdf\">Decreto 35.883 de 16 de dezembro de 2025<\/a>, o valor da Taxa de Coleta de Lixo se d\u00e1 pelo rateio do Custo Total do Servi\u00e7o de Coleta de Lixo, proporcionalmente \u00e0s \u00e1reas constru\u00eddas dos im\u00f3veis, que sejam situados em locais em que se d\u00ea a atua\u00e7\u00e3o do servi\u00e7o prestado, segundo a f\u00f3rmula:<\/p>\n\n\n\n<pre class=\"wp-block-preformatted\"><strong>VUTm\u00b2AC = <ins>VTC x FL<\/ins>\n            TAC<\/strong><\/pre>\n\n\n\n<p><small><strong>Legenda:<\/strong><br><strong>VUTm\u00b2AC<\/strong> \u2013 Valor Unit\u00e1rio da Taxa por metro quadrado de \u00c1rea Constru\u00edda<br><strong>VTC<\/strong> \u2013 Valor Total do Custeio<br><strong>TAC<\/strong> \u2013 Total das \u00c1reas Constru\u00eddas<br><strong>FL<\/strong> \u2013 Fator de Localiza\u00e7\u00e3o<\/small><\/p>\n\n\n\n<p><strong>Observa\u00e7\u00e3o<\/strong>:<\/p>\n\n\n\n<ul class=\"wp-block-list\">\n<li>Em 2026, o valor total do custeio (VTC) \u00e9 de R$ 87.347.250,28, conforme <a href=\"https:\/\/jundiai.sp.gov.br\/financas\/wp-content\/uploads\/sites\/12\/2026\/01\/decreto-35883-de-16-de-dezembro-de-2025-taxa-de-coleta-de-lixo-custo-do-servico-publico-de-coleta-datas-de-vencimento-e-demais-regras-1.pdf\">Decreto 35.883\/2025\/2025<\/a><\/li>\n\n\n\n<li><a href=\"https:\/\/jundiai.sp.gov.br\/financas\/wp-content\/uploads\/sites\/12\/2026\/01\/vum_-2026-_1_.pdf\">Clique aqui\u00a0para consultar o Vum\u00b2T e o Vum\u00b2C<\/a><\/li>\n<\/ul>\n\n\n\n<h2 class=\"wp-block-heading\">Grandes Geradores de Lixo\/Res\u00edduos S\u00f3lidos<\/h2>\n\n\n\n<p>Conforme disposto no art. 252-A da Lei Complementar 460\/2008 e altera\u00e7\u00f5es (C\u00f3digo Tribut\u00e1rio Municipal):<\/p>\n\n\n\n<p><em>&#8220;Art. 252-A. S\u00e3o isentos do recolhimento da Taxa de Coleta de Lixo, os im\u00f3veis enquadrados como grandes geradores de lixo, devidamente cadastrados perante a Unidade de Gest\u00e3o de Infraestrutura e Servi\u00e7os P\u00fablicos, quando o interessado contratar, \u00e0s suas expensas, autorizat\u00e1rios, em regime privado, para a execu\u00e7\u00e3o dos servi\u00e7os de coleta, transporte, tratamento e destina\u00e7\u00e3o dos seus res\u00edduos, observadas as exig\u00eancias previstas em legisla\u00e7\u00e3o espec\u00edfica.&nbsp;<\/em><\/p>\n\n\n\n<p><em>\u00a7 1o . Para fazer jus ao benef\u00edcio fiscal referido no \u201ccaput\u201d deste artigo,&nbsp;<u><strong>os interessados dever\u00e3o apresentar at\u00e9 o dia 30 de novembro do exerc\u00edcio anterior<\/strong>,<\/u>&nbsp;a documenta\u00e7\u00e3o definida em regulamento.&nbsp;<\/em><\/p>\n\n\n\n<p><em>\u00a7 2o . Anualmente, o pedido dever\u00e1 ser renovado, por interm\u00e9dio de requerimento do interessado, observando-se, para tanto, o prazo previsto no \u00a7 1o deste artigo.&#8221;<\/em><\/p>\n\n\n\n<p><strong>Como solicitar<\/strong><\/p>\n\n\n\n<p>A solicita\u00e7\u00e3o desse benef\u00edcio deve ser feita no posto de atendimento da Prefeitura no Poupatempo Jundia\u00ed ou atrav\u00e9s do e-mail:&nbsp;<a href=\"mailto:atendimentofinancas@jundiai.sp.gov.br\" target=\"_blank\" rel=\"noreferrer noopener\">atendimentofinancas@jundiai.sp.gov.br<\/a>.<\/p>\n\n\n\n<p>Devem ser apresentados os seguintes documentos:<\/p>\n\n\n\n<p>1.&nbsp;<a href=\"https:\/\/jundiai.sp.gov.br\/financas\/wp-content\/uploads\/sites\/12\/2025\/11\/form-sol-isencao-tx-lixo-grandes-geradores.pdf\">Formul\u00e1rio<\/a>&nbsp;devidamente preenchido,<\/p>\n\n\n\n<p>2. C\u00f3pia da matr\u00edcula do Registro de Im\u00f3veis atualizada ou escritura sem registro ou contrato de compromisso de compra e venda (quando n\u00e3o estiver em nome do atual propriet\u00e1rio \u2013 verificar no carn\u00ea do IPTU);<\/p>\n\n\n\n<p>3. Certificado de cadastro do im\u00f3vel perante a Unidade de Gest\u00e3o de Infraestrutura e Servi\u00e7os P\u00fablicos&nbsp;(solicita\u00e7\u00e3o exclusivamente pelo e-mail&nbsp;<a href=\"mailto:grandesgeradores@jundiai.sp.gov.br\" target=\"_blank\" rel=\"noreferrer noopener\">grandesgeradores@jundiai.sp.gov.br<\/a>, at\u00e9 dia 31 de outubro do exerc\u00edcio anterior);&nbsp;<\/p>\n\n\n\n<p>4. C\u00f3pia da capa do carn\u00ea de IPTU onde conste os dados do im\u00f3vel;<\/p>\n\n\n\n<p>5. C\u00f3pia do CNPJ;<\/p>\n\n\n\n<p>6. C\u00f3pia do ato constitutivo, devidamente atualizado;<\/p>\n\n\n\n<p>7. Procura\u00e7\u00e3o (se assinado por terceiros) e CPF e RG do procurador;<\/p>\n\n\n\n<p>8. Contrato de loca\u00e7\u00e3o, se o caso;<\/p>\n\n\n\n<p>9. Contrato(s) de presta\u00e7\u00e3o de servi\u00e7o de&nbsp;coleta, transporte, tratamento e destina\u00e7\u00e3o final dos seus res\u00edduos.<\/p>\n\n\n\n<p><strong><u>A solicita\u00e7\u00e3o dever\u00e1 ser feita at\u00e9 30 de novembro do exerc\u00edcio anterior.<\/u><\/strong><\/p>\n\n\n\n<p><br><\/p>\n","protected":false},"excerpt":{"rendered":"<p>A Taxa de Coleta de Lixo \u00e9 um tributo criado no Munic\u00edpio para dar conta do \u00f4nus do servi\u00e7o municipal de coleta de lixo domiciliar. Ela \u00e9 cobrada no mesmo carn\u00ea pelo qual se d\u00e1 a notifica\u00e7\u00e3o de lan\u00e7amento do IPTU e \u00e9 calculado de acordo com a \u00e1rea constru\u00edda do im\u00f3vel. Como \u00e9 calculada [&hellip;]<\/p>\n","protected":false},"author":14,"featured_media":0,"parent":1336,"menu_order":4,"comment_status":"closed","ping_status":"closed","template":"page-subpaginas.php","meta":{"footnotes":""},"class_list":["post-1404","page","type-page","status-publish","hentry"],"_links":{"self":[{"href":"https:\/\/jundiai.sp.gov.br\/financas\/wp-json\/wp\/v2\/pages\/1404","targetHints":{"allow":["GET"]}}],"collection":[{"href":"https:\/\/jundiai.sp.gov.br\/financas\/wp-json\/wp\/v2\/pages"}],"about":[{"href":"https:\/\/jundiai.sp.gov.br\/financas\/wp-json\/wp\/v2\/types\/page"}],"author":[{"embeddable":true,"href":"https:\/\/jundiai.sp.gov.br\/financas\/wp-json\/wp\/v2\/users\/14"}],"replies":[{"embeddable":true,"href":"https:\/\/jundiai.sp.gov.br\/financas\/wp-json\/wp\/v2\/comments?post=1404"}],"version-history":[{"count":63,"href":"https:\/\/jundiai.sp.gov.br\/financas\/wp-json\/wp\/v2\/pages\/1404\/revisions"}],"predecessor-version":[{"id":7316,"href":"https:\/\/jundiai.sp.gov.br\/financas\/wp-json\/wp\/v2\/pages\/1404\/revisions\/7316"}],"up":[{"embeddable":true,"href":"https:\/\/jundiai.sp.gov.br\/financas\/wp-json\/wp\/v2\/pages\/1336"}],"wp:attachment":[{"href":"https:\/\/jundiai.sp.gov.br\/financas\/wp-json\/wp\/v2\/media?parent=1404"}],"curies":[{"name":"wp","href":"https:\/\/api.w.org\/{rel}","templated":true}]}}