{"id":141,"date":"2014-09-10T16:46:19","date_gmt":"2014-09-10T19:46:19","guid":{"rendered":"https:\/\/jundiai.sp.gov.br\/financas\/?page_id=141"},"modified":"2025-09-03T14:32:32","modified_gmt":"2025-09-03T17:32:32","slug":"contato","status":"publish","type":"page","link":"https:\/\/jundiai.sp.gov.br\/financas\/divida-ativa\/contato\/","title":{"rendered":"Contato"},"content":{"rendered":"\n<p><strong>Divis\u00e3o de D\u00edvida Ativa<br><\/strong>Respons\u00e1vel pelo setor: Talita Valeria Nielsen Tofanini<br>E-mail:\u00a0<a href=\"mailto:dividaativa@jundiai.sp.gov.br\" target=\"_blank\" rel=\"noreferrer noopener\">dividaativa@jundiai.sp.gov.br<\/a><\/p>\n","protected":false},"excerpt":{"rendered":"<p>Divis\u00e3o de D\u00edvida AtivaRespons\u00e1vel pelo setor: Talita Valeria Nielsen TofaniniE-mail:\u00a0dividaativa@jundiai.sp.gov.br<\/p>\n","protected":false},"author":5,"featured_media":0,"parent":31,"menu_order":0,"comment_status":"closed","ping_status":"closed","template":"","meta":{"footnotes":""},"class_list":["post-141","page","type-page","status-publish","hentry"],"_links":{"self":[{"href":"https:\/\/jundiai.sp.gov.br\/financas\/wp-json\/wp\/v2\/pages\/141","targetHints":{"allow":["GET"]}}],"collection":[{"href":"https:\/\/jundiai.sp.gov.br\/financas\/wp-json\/wp\/v2\/pages"}],"about":[{"href":"https:\/\/jundiai.sp.gov.br\/financas\/wp-json\/wp\/v2\/types\/page"}],"author":[{"embeddable":true,"href":"https:\/\/jundiai.sp.gov.br\/financas\/wp-json\/wp\/v2\/users\/5"}],"replies":[{"embeddable":true,"href":"https:\/\/jundiai.sp.gov.br\/financas\/wp-json\/wp\/v2\/comments?post=141"}],"version-history":[{"count":7,"href":"https:\/\/jundiai.sp.gov.br\/financas\/wp-json\/wp\/v2\/pages\/141\/revisions"}],"predecessor-version":[{"id":7217,"href":"https:\/\/jundiai.sp.gov.br\/financas\/wp-json\/wp\/v2\/pages\/141\/revisions\/7217"}],"up":[{"embeddable":true,"href":"https:\/\/jundiai.sp.gov.br\/financas\/wp-json\/wp\/v2\/pages\/31"}],"wp:attachment":[{"href":"https:\/\/jundiai.sp.gov.br\/financas\/wp-json\/wp\/v2\/media?parent=141"}],"curies":[{"name":"wp","href":"https:\/\/api.w.org\/{rel}","templated":true}]}}