{"id":1416,"date":"2014-12-19T17:05:45","date_gmt":"2014-12-19T19:05:45","guid":{"rendered":"https:\/\/jundiai.sp.gov.br\/financas\/?page_id=1416"},"modified":"2026-01-07T14:02:13","modified_gmt":"2026-01-07T17:02:13","slug":"carne-do-iptu-e-entrega","status":"publish","type":"page","link":"https:\/\/jundiai.sp.gov.br\/financas\/iptu-e-taxa-de-coleta-de-lixo\/carne-do-iptu-e-entrega\/","title":{"rendered":"Conhe\u00e7a seu carn\u00ea"},"content":{"rendered":"\n<p><strong>Conhe\u00e7a nesta p\u00e1gina o seu carn\u00ea e as diversas informa\u00e7\u00f5es que est\u00e3o contidas nele:<\/strong><\/p>\n\n\n\n<p><strong>AVISO<\/strong><br>Fique atento a documentos que chegarem \u00e0 sua casa, conferindo todas as informa\u00e7\u00f5es. Em caso de d\u00favida quanto \u00e0 veracidade do carn\u00ea, entre em contato com a Divis\u00e3o de Cadastro Imobili\u00e1rio pelo e-mail: <a href=\"mailto:iptu@jundiai.sp.gov.br\">iptu@jundiai.sp.gov.br<\/a><\/p>\n\n\n\n<p><\/p>\n\n\n\n<p><strong><a href=\"https:\/\/jundiai.sp.gov.br\/servicos-online\/segunda-via-da-parcela-do-iptu\/\">CONSULTE AS PARCELAS DO IPTU 2026<\/a><\/strong><\/p>\n\n\n\n<h2 class=\"wp-block-heading\">Capa do carn\u00ea<\/h2>\n\n\n<div class=\"wp-block-image\">\n<figure class=\"alignleft size-full\"><img loading=\"lazy\" decoding=\"async\" width=\"834\" height=\"417\" src=\"https:\/\/jundiai.sp.gov.br\/financas\/wp-content\/uploads\/sites\/12\/2026\/01\/capa-2026.png\" alt=\"\" class=\"wp-image-7274\" srcset=\"https:\/\/jundiai.sp.gov.br\/financas\/wp-content\/uploads\/sites\/12\/2026\/01\/capa-2026.png 834w, https:\/\/jundiai.sp.gov.br\/financas\/wp-content\/uploads\/sites\/12\/2026\/01\/capa-2026-300x150.png 300w, https:\/\/jundiai.sp.gov.br\/financas\/wp-content\/uploads\/sites\/12\/2026\/01\/capa-2026-768x384.png 768w\" sizes=\"auto, (max-width: 834px) 100vw, 834px\" \/><\/figure>\n<\/div>\n\n\n<div style=\"height:50px\" aria-hidden=\"true\" class=\"wp-block-spacer\"><\/div>\n\n\n\n<h2 class=\"wp-block-heading\">Informa\u00e7\u00f5es b\u00e1sicas do lan\u00e7amento tribut\u00e1rio<\/h2>\n\n\n\n<p>Essa \u00e9 a folha que indica as informa\u00e7\u00f5es necess\u00e1rias ao lan\u00e7amento do IPTU e da Taxa de Coleta de Lixo. \u00c9&nbsp;importante que o cidad\u00e3o confira as informa\u00e7\u00f5es,&nbsp;<a rel=\"noopener noreferrer\" href=\"https:\/\/jundiai.sp.gov.br\/financas\/iptu\/atualizacoes-no-cadastro-do-iptu\/\" target=\"_blank\">atualizando o cadastro se necess\u00e1rio<\/a>.<\/p>\n\n\n<div class=\"wp-block-image\">\n<figure class=\"alignleft size-full\"><img loading=\"lazy\" decoding=\"async\" width=\"725\" height=\"326\" src=\"https:\/\/jundiai.sp.gov.br\/financas\/wp-content\/uploads\/sites\/12\/2026\/01\/aviso-de-lancamento.png\" alt=\"\" class=\"wp-image-7276\" srcset=\"https:\/\/jundiai.sp.gov.br\/financas\/wp-content\/uploads\/sites\/12\/2026\/01\/aviso-de-lancamento.png 725w, https:\/\/jundiai.sp.gov.br\/financas\/wp-content\/uploads\/sites\/12\/2026\/01\/aviso-de-lancamento-300x135.png 300w\" sizes=\"auto, (max-width: 725px) 100vw, 725px\" \/><\/figure>\n<\/div>\n\n\n<div style=\"height:50px\" aria-hidden=\"true\" class=\"wp-block-spacer\"><\/div>\n\n\n\n<h2 class=\"wp-block-heading\">&nbsp;<strong>Guias para pagamento<\/strong><\/h2>\n\n\n\n<p><strong>Primeira op\u00e7\u00e3o:<\/strong> Vencimento em 27\/02\/2026 com 5% de desconto<\/p>\n\n\n<div class=\"wp-block-image\">\n<figure class=\"alignleft size-full\"><img loading=\"lazy\" decoding=\"async\" width=\"727\" height=\"331\" src=\"https:\/\/jundiai.sp.gov.br\/financas\/wp-content\/uploads\/sites\/12\/2026\/01\/parcela-unica-opcao-1.png\" alt=\"\" class=\"wp-image-7277\" srcset=\"https:\/\/jundiai.sp.gov.br\/financas\/wp-content\/uploads\/sites\/12\/2026\/01\/parcela-unica-opcao-1.png 727w, https:\/\/jundiai.sp.gov.br\/financas\/wp-content\/uploads\/sites\/12\/2026\/01\/parcela-unica-opcao-1-300x137.png 300w\" sizes=\"auto, (max-width: 727px) 100vw, 727px\" \/><\/figure>\n<\/div>\n\n\n<div style=\"height:50px\" aria-hidden=\"true\" class=\"wp-block-spacer\"><\/div>\n\n\n\n<p><strong>Segunda op\u00e7\u00e3o: <\/strong>Vencimento em 27\/03\/2026 com 4% de desconto<\/p>\n\n\n<div class=\"wp-block-image\">\n<figure class=\"alignleft size-full\"><img loading=\"lazy\" decoding=\"async\" width=\"731\" height=\"331\" src=\"https:\/\/jundiai.sp.gov.br\/financas\/wp-content\/uploads\/sites\/12\/2026\/01\/parcela-unica-opcao-2-1.png\" alt=\"\" class=\"wp-image-7310\" srcset=\"https:\/\/jundiai.sp.gov.br\/financas\/wp-content\/uploads\/sites\/12\/2026\/01\/parcela-unica-opcao-2-1.png 731w, https:\/\/jundiai.sp.gov.br\/financas\/wp-content\/uploads\/sites\/12\/2026\/01\/parcela-unica-opcao-2-1-300x136.png 300w\" sizes=\"auto, (max-width: 731px) 100vw, 731px\" \/><\/figure>\n<\/div>\n\n\n<div style=\"height:50px\" aria-hidden=\"true\" class=\"wp-block-spacer\"><\/div>\n\n\n\n<p><strong><br>Terceira op\u00e7\u00e3o:<\/strong> Vencimento em 27\/04\/2026 com 3% de desconto<\/p>\n\n\n<div class=\"wp-block-image\">\n<figure class=\"alignleft size-full\"><img loading=\"lazy\" decoding=\"async\" width=\"729\" height=\"331\" src=\"https:\/\/jundiai.sp.gov.br\/financas\/wp-content\/uploads\/sites\/12\/2026\/01\/parcela-unica-opcao-3.png\" alt=\"\" class=\"wp-image-7280\" srcset=\"https:\/\/jundiai.sp.gov.br\/financas\/wp-content\/uploads\/sites\/12\/2026\/01\/parcela-unica-opcao-3.png 729w, https:\/\/jundiai.sp.gov.br\/financas\/wp-content\/uploads\/sites\/12\/2026\/01\/parcela-unica-opcao-3-300x136.png 300w\" sizes=\"auto, (max-width: 729px) 100vw, 729px\" \/><\/figure>\n<\/div>\n\n\n<div style=\"height:50px\" aria-hidden=\"true\" class=\"wp-block-spacer\"><\/div>\n\n\n\n<p><strong>Pagamento parcelado:<\/strong> &nbsp;Primeiro vencimento em 27\/02\/2026, SEM DESCONTOS<\/p>\n\n\n\n<p>As demais parcelas dever\u00e3o ser emitidas atrav\u00e9s do link:&nbsp;<a href=\"https:\/\/jundiai.sp.gov.br\/servicos-online\/segunda-via-da-parcela-do-iptu\/\">https:\/\/jundiai.sp.gov.br\/servicos-online\/segunda-via-da-parcela-do-iptu\/<\/a><\/p>\n\n\n<div class=\"wp-block-image\">\n<figure class=\"alignleft size-full\"><img loading=\"lazy\" decoding=\"async\" width=\"726\" height=\"333\" src=\"https:\/\/jundiai.sp.gov.br\/financas\/wp-content\/uploads\/sites\/12\/2026\/01\/parcela.png\" alt=\"\" class=\"wp-image-7281\" srcset=\"https:\/\/jundiai.sp.gov.br\/financas\/wp-content\/uploads\/sites\/12\/2026\/01\/parcela.png 726w, https:\/\/jundiai.sp.gov.br\/financas\/wp-content\/uploads\/sites\/12\/2026\/01\/parcela-300x138.png 300w\" sizes=\"auto, (max-width: 726px) 100vw, 726px\" \/><\/figure>\n<\/div>\n\n\n<div style=\"height:50px\" aria-hidden=\"true\" class=\"wp-block-spacer\"><\/div>\n\n\n\n<p><strong>CONTRIBUI\u00c7\u00c3O VOLUNT\u00c1RIA PARA CULTURA<\/strong><br>Desde 2016, junto com o carn\u00ea de IPTU \u00e9 enviada uma guia para pagamento da <strong>Contribui\u00e7\u00e3o Volunt\u00e1ria da Cultura<\/strong>, conforme <a href=\"https:\/\/jundiai.sp.gov.br\/financas\/wp-content\/uploads\/sites\/12\/2023\/01\/lei-9619-2021-contribuicao-voluntaria-cultura.pdf\">lei n\u00ba 9.619, de 26 de agosto de 2021<\/a>, com a finalidade de subsidiar recursos para entidades e coletivos sem fins lucrativos, representados por pessoas f\u00edsicas ou jur\u00eddicas, que promovam ou exer\u00e7am atividades culturais ou art\u00edsticas no Munic\u00edpio de Jundia\u00ed.<\/p>\n\n\n\n<p><strong>Aten\u00e7\u00e3o:<\/strong> Ao contr\u00e1rio do IPTU e da Taxa de Coleta de Lixo, o <strong>pagamento dessa contribui\u00e7\u00e3o n\u00e3o \u00e9 obrigat\u00f3rio.<\/strong><\/p>\n\n\n<div class=\"wp-block-image\">\n<figure class=\"alignleft size-full\"><img loading=\"lazy\" decoding=\"async\" width=\"753\" height=\"337\" src=\"https:\/\/jundiai.sp.gov.br\/financas\/wp-content\/uploads\/sites\/12\/2026\/01\/contribuicao-voluntaria-cultura.png\" alt=\"\" class=\"wp-image-7282\" srcset=\"https:\/\/jundiai.sp.gov.br\/financas\/wp-content\/uploads\/sites\/12\/2026\/01\/contribuicao-voluntaria-cultura.png 753w, https:\/\/jundiai.sp.gov.br\/financas\/wp-content\/uploads\/sites\/12\/2026\/01\/contribuicao-voluntaria-cultura-300x134.png 300w\" sizes=\"auto, (max-width: 753px) 100vw, 753px\" \/><\/figure>\n<\/div>\n\n\n<div style=\"height:50px\" aria-hidden=\"true\" class=\"wp-block-spacer\"><\/div>\n\n\n\n<p><\/p>\n\n\n\n<p><strong><a href=\"https:\/\/jundiai.sp.gov.br\/servicos-online\/segunda-via-da-parcela-do-iptu\/\">CONSULTE AS PARCELAS DO IPTU 2026<\/a><\/strong><\/p>\n","protected":false},"excerpt":{"rendered":"<p>Conhe\u00e7a nesta p\u00e1gina o seu carn\u00ea e as diversas informa\u00e7\u00f5es que est\u00e3o contidas nele: AVISOFique atento a documentos que chegarem \u00e0 sua casa, conferindo todas as informa\u00e7\u00f5es. Em caso de d\u00favida quanto \u00e0 veracidade do carn\u00ea, entre em contato com a Divis\u00e3o de Cadastro Imobili\u00e1rio pelo e-mail: iptu@jundiai.sp.gov.br CONSULTE AS PARCELAS DO IPTU 2026 Capa [&hellip;]<\/p>\n","protected":false},"author":14,"featured_media":0,"parent":1332,"menu_order":5,"comment_status":"closed","ping_status":"closed","template":"page-subpaginas.php","meta":{"footnotes":""},"class_list":["post-1416","page","type-page","status-publish","hentry"],"_links":{"self":[{"href":"https:\/\/jundiai.sp.gov.br\/financas\/wp-json\/wp\/v2\/pages\/1416","targetHints":{"allow":["GET"]}}],"collection":[{"href":"https:\/\/jundiai.sp.gov.br\/financas\/wp-json\/wp\/v2\/pages"}],"about":[{"href":"https:\/\/jundiai.sp.gov.br\/financas\/wp-json\/wp\/v2\/types\/page"}],"author":[{"embeddable":true,"href":"https:\/\/jundiai.sp.gov.br\/financas\/wp-json\/wp\/v2\/users\/14"}],"replies":[{"embeddable":true,"href":"https:\/\/jundiai.sp.gov.br\/financas\/wp-json\/wp\/v2\/comments?post=1416"}],"version-history":[{"count":115,"href":"https:\/\/jundiai.sp.gov.br\/financas\/wp-json\/wp\/v2\/pages\/1416\/revisions"}],"predecessor-version":[{"id":7311,"href":"https:\/\/jundiai.sp.gov.br\/financas\/wp-json\/wp\/v2\/pages\/1416\/revisions\/7311"}],"up":[{"embeddable":true,"href":"https:\/\/jundiai.sp.gov.br\/financas\/wp-json\/wp\/v2\/pages\/1332"}],"wp:attachment":[{"href":"https:\/\/jundiai.sp.gov.br\/financas\/wp-json\/wp\/v2\/media?parent=1416"}],"curies":[{"name":"wp","href":"https:\/\/api.w.org\/{rel}","templated":true}]}}