{"id":1589,"date":"2015-01-23T10:18:43","date_gmt":"2015-01-23T12:18:43","guid":{"rendered":"https:\/\/jundiai.sp.gov.br\/financas\/?page_id=1589"},"modified":"2026-01-07T11:11:39","modified_gmt":"2026-01-07T14:11:39","slug":"2a-via-do-iptu-de-2025","status":"publish","type":"page","link":"https:\/\/jundiai.sp.gov.br\/financas\/iptu-e-taxa-de-coleta-de-lixo\/pagamento-como-pagar-a-2a-via-do-iptu\/2a-via-do-iptu-de-2025\/","title":{"rendered":"Impress\u00e3o da parcela do IPTU 2026"},"content":{"rendered":"\n<p>Em caso de perda ou extravio do carn\u00ea, ou se a parcela estiver vencida,<strong> h\u00e1 duas op\u00e7\u00f5es para emitir a 2\u00aa Via do IPTU de 202<\/strong>6:<\/p>\n\n\n\n<ol class=\"wp-block-list\">\n<li><a href=\"https:\/\/jundiai.sp.gov.br\/servicos-online\/segunda-via-da-parcela-do-iptu\/\">Emiss\u00e3o on line<\/a>;<\/li>\n\n\n\n<li>Emiss\u00e3o presencial no <a href=\"http:\/\/guia.poupatempo.sp.gov.br\/_postos.aspx?Page=&amp;PostID=34&amp;PostTipo=F&amp;PostNomeReduzido=Poupatempo%20Jundia%C3%AD&amp;QtdComunica=1\" target=\"_blank\" rel=\"noopener noreferrer\">Poupatempo Jundia\u00ed<\/a> (<a href=\"https:\/\/jundiai.sp.gov.br\/financas\/iptu-e-taxa-de-coleta-de-lixo\/contato\/\">veja endere\u00e7o e hor\u00e1rios de atendimento<\/a>), trazendo os seguintes documentos:\n<ul class=\"wp-block-list\">\n<li>Carn\u00ea mais recente do IPTU; ou<\/li>\n\n\n\n<li><a href=\"https:\/\/jundiai.sp.gov.br\/financas\/matricula\/\">Matr\u00edcula do Registro de Im\u00f3veis atualizada<\/a> (<strong>com no m\u00e1ximo 1 ano de emiss\u00e3o<\/strong>) ou escritura sem registro ou contrato de compromisso de compra e venda, caso n\u00e3o tenha sido efetuado o registro no Cart\u00f3rio de Im\u00f3veis.<\/li>\n<\/ul>\n<\/li>\n<\/ol>\n\n\n\n<p><strong>Aten\u00e7\u00e3o:<\/strong> Essa orienta\u00e7\u00e3o se refere apenas ao exerc\u00edcio de 2026. <strong>Para d\u00e9bitos referentes a anos anteriores<\/strong>, acesse <a href=\"https:\/\/jundiai.sp.gov.br\/servicos-online\/consulta-de-debito\/\">Consulta de D\u00e9bito<\/a>.<\/p>\n\n\n\n<p><\/p>\n","protected":false},"excerpt":{"rendered":"<p>Em caso de perda ou extravio do carn\u00ea, ou se a parcela estiver vencida, h\u00e1 duas op\u00e7\u00f5es para emitir a 2\u00aa Via do IPTU de 2026: Aten\u00e7\u00e3o: Essa orienta\u00e7\u00e3o se refere apenas ao exerc\u00edcio de 2026. Para d\u00e9bitos referentes a anos anteriores, acesse Consulta de D\u00e9bito.<\/p>\n","protected":false},"author":14,"featured_media":0,"parent":1583,"menu_order":1,"comment_status":"closed","ping_status":"closed","template":"page-subpaginas.php","meta":{"footnotes":""},"class_list":["post-1589","page","type-page","status-publish","hentry"],"_links":{"self":[{"href":"https:\/\/jundiai.sp.gov.br\/financas\/wp-json\/wp\/v2\/pages\/1589","targetHints":{"allow":["GET"]}}],"collection":[{"href":"https:\/\/jundiai.sp.gov.br\/financas\/wp-json\/wp\/v2\/pages"}],"about":[{"href":"https:\/\/jundiai.sp.gov.br\/financas\/wp-json\/wp\/v2\/types\/page"}],"author":[{"embeddable":true,"href":"https:\/\/jundiai.sp.gov.br\/financas\/wp-json\/wp\/v2\/users\/14"}],"replies":[{"embeddable":true,"href":"https:\/\/jundiai.sp.gov.br\/financas\/wp-json\/wp\/v2\/comments?post=1589"}],"version-history":[{"count":48,"href":"https:\/\/jundiai.sp.gov.br\/financas\/wp-json\/wp\/v2\/pages\/1589\/revisions"}],"predecessor-version":[{"id":7295,"href":"https:\/\/jundiai.sp.gov.br\/financas\/wp-json\/wp\/v2\/pages\/1589\/revisions\/7295"}],"up":[{"embeddable":true,"href":"https:\/\/jundiai.sp.gov.br\/financas\/wp-json\/wp\/v2\/pages\/1583"}],"wp:attachment":[{"href":"https:\/\/jundiai.sp.gov.br\/financas\/wp-json\/wp\/v2\/media?parent=1589"}],"curies":[{"name":"wp","href":"https:\/\/api.w.org\/{rel}","templated":true}]}}