{"id":1615,"date":"2015-01-23T11:48:30","date_gmt":"2015-01-23T13:48:30","guid":{"rendered":"https:\/\/jundiai.sp.gov.br\/financas\/?page_id=1615"},"modified":"2026-01-07T11:12:07","modified_gmt":"2026-01-07T14:12:07","slug":"consulta-de-debito-de-iptu-anterior-a-2023","status":"publish","type":"page","link":"https:\/\/jundiai.sp.gov.br\/financas\/iptu-e-taxa-de-coleta-de-lixo\/pagamento-como-pagar-a-2a-via-do-iptu\/consulta-de-debito-de-iptu-anterior-a-2023\/","title":{"rendered":"Consulta de d\u00e9bito de IPTU (2025 e anos anteriores)"},"content":{"rendered":"\n<p>Voc\u00ea pode consultar seus d\u00e9bitos de IPTU\/Taxa de Coleta de Lixo referentes a anos anteriores ao ano corrente acessando <strong><a href=\"https:\/\/jundiai.sp.gov.br\/servicos-online\/consulta-de-debito\/\">Consulta de D\u00e9bitos<\/a><\/strong>.<\/p>\n\n\n\n<p>Para isso, tenha em m\u00e3os o n\u00famero de contribuinte imobili\u00e1rio, que \u00e9 o n\u00famero que consta no Carn\u00ea do IPTU (<strong><a href=\"https:\/\/jundiai.sp.gov.br\/financas\/iptu\/carne-do-iptu-e-entrega\/\" target=\"_blank\" rel=\"noopener noreferrer\">veja aqui como descobrir<\/a><\/strong>) e o CPF ou CNPJ do propriet\u00e1rio.<\/p>\n\n\n\n<p>Para mais informa\u00e7\u00f5es, procure o atendimento da Prefeitura no <a href=\"http:\/\/www.poupatempo.sp.gov.br\/home\/\" target=\"_blank\" rel=\"noopener noreferrer\">Poupatempo<\/a> (<strong><a href=\"https:\/\/jundiai.sp.gov.br\/financas\/iptu-e-taxa-de-coleta-de-lixo\/contato\/\" target=\"_blank\" rel=\"noopener noreferrer\">veja o endere\u00e7o e o hor\u00e1rio de atendimento<\/a><\/strong>), ou pelo telefone <strong>(11) 4589-8706.<\/strong><\/p>\n","protected":false},"excerpt":{"rendered":"<p>Voc\u00ea pode consultar seus d\u00e9bitos de IPTU\/Taxa de Coleta de Lixo referentes a anos anteriores ao ano corrente acessando Consulta de D\u00e9bitos. Para isso, tenha em m\u00e3os o n\u00famero de contribuinte imobili\u00e1rio, que \u00e9 o n\u00famero que consta no Carn\u00ea do IPTU (veja aqui como descobrir) e o CPF ou CNPJ do propriet\u00e1rio. Para mais [&hellip;]<\/p>\n","protected":false},"author":14,"featured_media":0,"parent":1583,"menu_order":5,"comment_status":"closed","ping_status":"closed","template":"page-subpaginas.php","meta":{"footnotes":""},"class_list":["post-1615","page","type-page","status-publish","hentry"],"_links":{"self":[{"href":"https:\/\/jundiai.sp.gov.br\/financas\/wp-json\/wp\/v2\/pages\/1615","targetHints":{"allow":["GET"]}}],"collection":[{"href":"https:\/\/jundiai.sp.gov.br\/financas\/wp-json\/wp\/v2\/pages"}],"about":[{"href":"https:\/\/jundiai.sp.gov.br\/financas\/wp-json\/wp\/v2\/types\/page"}],"author":[{"embeddable":true,"href":"https:\/\/jundiai.sp.gov.br\/financas\/wp-json\/wp\/v2\/users\/14"}],"replies":[{"embeddable":true,"href":"https:\/\/jundiai.sp.gov.br\/financas\/wp-json\/wp\/v2\/comments?post=1615"}],"version-history":[{"count":35,"href":"https:\/\/jundiai.sp.gov.br\/financas\/wp-json\/wp\/v2\/pages\/1615\/revisions"}],"predecessor-version":[{"id":7296,"href":"https:\/\/jundiai.sp.gov.br\/financas\/wp-json\/wp\/v2\/pages\/1615\/revisions\/7296"}],"up":[{"embeddable":true,"href":"https:\/\/jundiai.sp.gov.br\/financas\/wp-json\/wp\/v2\/pages\/1583"}],"wp:attachment":[{"href":"https:\/\/jundiai.sp.gov.br\/financas\/wp-json\/wp\/v2\/media?parent=1615"}],"curies":[{"name":"wp","href":"https:\/\/api.w.org\/{rel}","templated":true}]}}