{"id":1621,"date":"2015-01-23T12:03:18","date_gmt":"2015-01-23T14:03:18","guid":{"rendered":"https:\/\/jundiai.sp.gov.br\/financas\/?page_id=1621"},"modified":"2024-08-30T11:21:23","modified_gmt":"2024-08-30T14:21:23","slug":"alteracao-do-nome-do-proprietario-no-carne","status":"publish","type":"page","link":"https:\/\/jundiai.sp.gov.br\/financas\/iptu-e-taxa-de-coleta-de-lixo\/atualizacoes-no-cadastro-do-iptu\/alteracao-do-nome-do-proprietario-no-carne\/","title":{"rendered":"Nome do Propriet\u00e1rio no Carn\u00ea"},"content":{"rendered":"\n<p>A atualiza\u00e7\u00e3o da titularidade ser\u00e1 efetuada em conformidade com o \u00a7 5\u00ba da Art. 122, da LC 580, de 27 de setembro de 2017, que cita:<\/p>\n\n\n\n<blockquote class=\"wp-block-quote is-layout-flow wp-block-quote-is-layout-flow\">\n<p>\u201c\u00a7 5\u00ba O imposto ser\u00e1 lan\u00e7ado em nome do sujeito passivo que constar no Cadastro Fiscal Imobili\u00e1rio, como:<\/p>\n\n\n\n<p>I \u2013 propriet\u00e1rio: todo aquele que possuir t\u00edtulo de propriedade plena e exclusiva, mediante registro do t\u00edtulo aquisitivo ou translativo no Registro de Im\u00f3veis;<\/p>\n\n\n\n<p>II \u2013 compromiss\u00e1rio comprador:<br>a) todo titular de instrumento p\u00fablico ou particular de promessa de compra e venda ou de cess\u00e3o e promessa de cess\u00e3o deste registrados no Registro de Im\u00f3veis;<br>b) todo aquele que possuir escritura de compra e venda ou contrato de compromisso de compra e venda, suas cess\u00f5es ou promessa de cess\u00f5es, desde que celebrados por instrumento p\u00fablico;<br>c) todo aquele que possuir contrato particular que a lei confira tal car\u00e1ter e n\u00e3o submetidos ao Registro de Im\u00f3veis.\u201d<\/p>\n<\/blockquote>\n\n\n\n<p>Para atualiza\u00e7\u00e3o, a seguinte documenta\u00e7\u00e3o \u00e9 necess\u00e1ria:<br>a) C\u00f3pia da <a href=\"https:\/\/jundiai.sp.gov.br\/financas\/matricula\/\">Matr\u00edcula do Registro de Im\u00f3veis<\/a> atualizada (com no m\u00e1ximo 1 ano de emiss\u00e3o) e\/ou escritura sem registro ou contrato de compromisso de venda e compra;<br>b) C\u00f3pia do Carn\u00ea de IPTU.<\/p>\n\n\n\n<p>E poder\u00e1 ser apresentada por uma das seguintes formas:<\/p>\n\n\n\n<p>Por e-mail: iptu@jundiai.sp.gov.br<br>Pessoalmente no <a href=\"http:\/\/guia.poupatempo.sp.gov.br\/_postos.aspx?Page=&amp;PostID=34&amp;PostTipo=F&amp;PostNomeReduzido=Poupatempo%20Jundia%C3%AD&amp;QtdComunica=1\">Poupatempo<\/a> Jundia\u00ed<\/p>\n\n\n\n<p><strong>ATEN\u00c7\u00c3O:<\/strong><br>Todas as altera\u00e7\u00f5es s\u00e3o efetuadas para o pr\u00f3ximo exerc\u00edcio.<br>No caso de encaminhamento dos documentos por e-mail, a matr\u00edcula deve estar digitalizada, em arquivo \u00fanico do tipo PDF \u2013 Adobe\u00ae Reader\u00ae;<\/p>\n\n\n\n<p>\u00c9 obriga\u00e7\u00e3o do contribuinte atualizar o cadastro, conforme <a href=\"https:\/\/jundiai.sp.gov.br\/financas\/wp-content\/uploads\/sites\/12\/2016\/01\/LC-460-08-at%C3%A9-567-2015.pdf\" target=\"_blank\" rel=\"noreferrer noopener\">Lei Complementar n\u00ba 460\/2008<\/a> e altera\u00e7\u00f5es.<\/p>\n","protected":false},"excerpt":{"rendered":"<p>A atualiza\u00e7\u00e3o da titularidade ser\u00e1 efetuada em conformidade com o \u00a7 5\u00ba da Art. 122, da LC 580, de 27 de setembro de 2017, que cita: \u201c\u00a7 5\u00ba O imposto ser\u00e1 lan\u00e7ado em nome do sujeito passivo que constar no Cadastro Fiscal Imobili\u00e1rio, como: I \u2013 propriet\u00e1rio: todo aquele que possuir t\u00edtulo de propriedade plena [&hellip;]<\/p>\n","protected":false},"author":14,"featured_media":0,"parent":1812,"menu_order":1,"comment_status":"closed","ping_status":"closed","template":"page-subpaginas.php","meta":{"footnotes":""},"class_list":["post-1621","page","type-page","status-publish","hentry"],"_links":{"self":[{"href":"https:\/\/jundiai.sp.gov.br\/financas\/wp-json\/wp\/v2\/pages\/1621","targetHints":{"allow":["GET"]}}],"collection":[{"href":"https:\/\/jundiai.sp.gov.br\/financas\/wp-json\/wp\/v2\/pages"}],"about":[{"href":"https:\/\/jundiai.sp.gov.br\/financas\/wp-json\/wp\/v2\/types\/page"}],"author":[{"embeddable":true,"href":"https:\/\/jundiai.sp.gov.br\/financas\/wp-json\/wp\/v2\/users\/14"}],"replies":[{"embeddable":true,"href":"https:\/\/jundiai.sp.gov.br\/financas\/wp-json\/wp\/v2\/comments?post=1621"}],"version-history":[{"count":25,"href":"https:\/\/jundiai.sp.gov.br\/financas\/wp-json\/wp\/v2\/pages\/1621\/revisions"}],"predecessor-version":[{"id":7050,"href":"https:\/\/jundiai.sp.gov.br\/financas\/wp-json\/wp\/v2\/pages\/1621\/revisions\/7050"}],"up":[{"embeddable":true,"href":"https:\/\/jundiai.sp.gov.br\/financas\/wp-json\/wp\/v2\/pages\/1812"}],"wp:attachment":[{"href":"https:\/\/jundiai.sp.gov.br\/financas\/wp-json\/wp\/v2\/media?parent=1621"}],"curies":[{"name":"wp","href":"https:\/\/api.w.org\/{rel}","templated":true}]}}