{"id":1627,"date":"2015-01-26T11:26:58","date_gmt":"2015-01-26T13:26:58","guid":{"rendered":"https:\/\/jundiai.sp.gov.br\/financas\/?page_id=1627"},"modified":"2024-01-16T11:11:47","modified_gmt":"2024-01-16T14:11:47","slug":"alteracao-do-endereco-para-correspondencia","status":"publish","type":"page","link":"https:\/\/jundiai.sp.gov.br\/financas\/iptu-e-taxa-de-coleta-de-lixo\/atualizacoes-no-cadastro-do-iptu\/alteracao-do-endereco-para-correspondencia\/","title":{"rendered":"Atualiza\u00e7\u00e3o Cadastral"},"content":{"rendered":"\n<p><\/p>\n\n\n\n<p>Para alterar o&nbsp;<strong>Endere\u00e7o de Correspond\u00eancia<\/strong> <a href=\"https:\/\/jundiai.sp.gov.br\/financas\/alteracao-de-endereco\/\">clique aqui.<\/a><\/p>\n\n\n\n<p>Para alterar o&nbsp;<strong>nome do Propriet\u00e1rio no Carn\u00ea<\/strong>&nbsp;<a href=\"https:\/\/jundiai.sp.gov.br\/financas\/iptu-e-taxa-de-coleta-de-lixo\/atualizacoes-no-cadastro-do-iptu\/alteracao-do-nome-do-proprietario-no-carne\/\">clique aqui<\/a>&nbsp;&nbsp;<\/p>\n\n\n\n<p>Para fazer a altera\u00e7\u00e3o pessoalmente, basta se dirigir ao posto do  <strong>Poupatempo<\/strong> (<strong><a href=\"https:\/\/jundiai.sp.gov.br\/financas\/iptu-e-taxa-de-coleta-de-lixo\/contato\/\" target=\"_blank\" rel=\"noopener\">veja o endere\u00e7o e o hor\u00e1rio de atendimento<\/a><\/strong>) e apresentar o carn\u00ea um documento pessoal.<\/p>\n\n\n\n<p><strong>Aten\u00e7\u00e3o:<\/strong>&nbsp;Quando o pedido for feito pessoalmente e o solicitante n\u00e3o for propriet\u00e1rio ou possuidor cadastrado, a pessoa dever\u00e1 apresentar procura\u00e7\u00e3o.<\/p>\n\n\n\n<p>A altera\u00e7\u00e3o de endere\u00e7o de entrega somente ter\u00e1 efeito para os lan\u00e7amentos ou retifica\u00e7\u00f5es futuras. Portanto,<strong> atualize seu endere\u00e7o de entrega at\u00e9, no m\u00e1ximo, 30 de novembro<\/strong>.<\/p>\n","protected":false},"excerpt":{"rendered":"<p>Para alterar o&nbsp;Endere\u00e7o de Correspond\u00eancia clique aqui. Para alterar o&nbsp;nome do Propriet\u00e1rio no Carn\u00ea&nbsp;clique aqui&nbsp;&nbsp; Para fazer a altera\u00e7\u00e3o pessoalmente, basta se dirigir ao posto do Poupatempo (veja o endere\u00e7o e o hor\u00e1rio de atendimento) e apresentar o carn\u00ea um documento pessoal. Aten\u00e7\u00e3o:&nbsp;Quando o pedido for feito pessoalmente e o solicitante n\u00e3o for propriet\u00e1rio ou [&hellip;]<\/p>\n","protected":false},"author":14,"featured_media":0,"parent":1812,"menu_order":0,"comment_status":"closed","ping_status":"closed","template":"page-subpaginas.php","meta":{"footnotes":""},"class_list":["post-1627","page","type-page","status-publish","hentry"],"_links":{"self":[{"href":"https:\/\/jundiai.sp.gov.br\/financas\/wp-json\/wp\/v2\/pages\/1627","targetHints":{"allow":["GET"]}}],"collection":[{"href":"https:\/\/jundiai.sp.gov.br\/financas\/wp-json\/wp\/v2\/pages"}],"about":[{"href":"https:\/\/jundiai.sp.gov.br\/financas\/wp-json\/wp\/v2\/types\/page"}],"author":[{"embeddable":true,"href":"https:\/\/jundiai.sp.gov.br\/financas\/wp-json\/wp\/v2\/users\/14"}],"replies":[{"embeddable":true,"href":"https:\/\/jundiai.sp.gov.br\/financas\/wp-json\/wp\/v2\/comments?post=1627"}],"version-history":[{"count":25,"href":"https:\/\/jundiai.sp.gov.br\/financas\/wp-json\/wp\/v2\/pages\/1627\/revisions"}],"predecessor-version":[{"id":6156,"href":"https:\/\/jundiai.sp.gov.br\/financas\/wp-json\/wp\/v2\/pages\/1627\/revisions\/6156"}],"up":[{"embeddable":true,"href":"https:\/\/jundiai.sp.gov.br\/financas\/wp-json\/wp\/v2\/pages\/1812"}],"wp:attachment":[{"href":"https:\/\/jundiai.sp.gov.br\/financas\/wp-json\/wp\/v2\/media?parent=1627"}],"curies":[{"name":"wp","href":"https:\/\/api.w.org\/{rel}","templated":true}]}}