{"id":1633,"date":"2015-01-26T11:34:51","date_gmt":"2015-01-26T13:34:51","guid":{"rendered":"https:\/\/jundiai.sp.gov.br\/financas\/?page_id=1633"},"modified":"2023-06-21T14:31:24","modified_gmt":"2023-06-21T17:31:24","slug":"solicitacao-de-revisao-do-lancamento-do-iptu","status":"publish","type":"page","link":"https:\/\/jundiai.sp.gov.br\/financas\/iptu-e-taxa-de-coleta-de-lixo\/atualizacoes-no-cadastro-do-iptu\/solicitacao-de-revisao-do-lancamento-do-iptu\/","title":{"rendered":"Revis\u00e3o do lan\u00e7amento de IPTU (\u00e1reas, padr\u00e3o da constru\u00e7\u00e3o, desmembramento etc)"},"content":{"rendered":"<p>O cadastro imobili\u00e1rio mant\u00e9m informa\u00e7\u00f5es gerais sobre o im\u00f3vel, como medidas, padr\u00e3o e uso da constru\u00e7\u00e3o, e outros detalhes, que podem ser conferidos no Carn\u00ea (<strong><a href=\"https:\/\/jundiai.sp.gov.br\/financas\/iptu\/carne-do-iptu-e-entrega\/\" target=\"_blank\" rel=\"noopener noreferrer\">Conhe\u00e7a seu Carn\u00ea<\/a><\/strong>).<\/p>\n<p>Nesse sentido, o contribuinte tem direito de pedir a revis\u00e3o (a altera\u00e7\u00e3o) das informa\u00e7\u00f5es cadastrais, com poss\u00edveis reflexos, inclusive, nos tributos lan\u00e7ados (IPTU e Taxa de Coleta de Lixo).<\/p>\n<p>Dentre outras, podem ser requeridas altera\u00e7\u00f5es nas seguintes informa\u00e7\u00f5es:<\/p>\n<ul>\n<li style=\"list-style-type: none;\">\n<ul>\n<li><em>\u00c1rea territorial;<\/em><\/li>\n<li><em>\u00c1rea Constru\u00edda;<\/em><\/li>\n<li><em>Padr\u00e3o\/uso da constru\u00e7\u00e3o;<\/em><\/li>\n<li><em>Desmembramento \/ Anexa\u00e7\u00e3o.<\/em><\/li>\n<\/ul>\n<\/li>\n<\/ul>\n<h2>Como solicitar<\/h2>\n<p>A solicita\u00e7\u00e3o de revis\u00e3o \u00e9 feita no <strong><a href=\"http:\/\/guia.poupatempo.sp.gov.br\/_postos.aspx?Page=&amp;PostID=34&amp;PostTipo=F&amp;PostNomeReduzido=Poupatempo%20Jundia%C3%AD&amp;QtdComunica=1\" target=\"_blank\" rel=\"noopener noreferrer\">Poupatempo<\/a><\/strong>, (<strong><a href=\"https:\/\/jundiai.sp.gov.br\/financas\/iptu-e-taxa-de-coleta-de-lixo\/contato\/\" target=\"_blank\" rel=\"noopener noreferrer\">veja o endere\u00e7o e o hor\u00e1rio de atendimento<\/a><\/strong>).<\/p>\n<p><span style=\"text-decoration: underline;\">Devem ser apresentados os seguintes documentos:<\/span><\/p>\n<ol>\n<li style=\"list-style-type: none;\">\n<ol>\n<li><a href=\"https:\/\/jundiai.sp.gov.br\/financas\/wp-content\/uploads\/sites\/12\/2023\/06\/form-sol-revisao-iptu_versao_2023-1.pdf\" target=\"_blank\" rel=\"noopener\"><strong>Formul\u00e1rio<\/strong><\/a> devidamente preenchido<\/li>\n<li>C\u00f3pia do CPF e RG (quando pessoa f\u00edsica);<\/li>\n<li>C\u00f3pia do Contrato Social ou Estatuto atualizado, com elei\u00e7\u00e3o da atual Diretoria e c\u00f3pia do Cart\u00e3o de CNPJ (quando pessoa jur\u00eddica);<\/li>\n<li>C\u00f3pias da Certid\u00e3o de \u00d3bito e Certid\u00e3o de Nascimento ou RG do herdeiro (no caso de o propriet\u00e1rio ser falecido); neste caso apresentar documento de nomea\u00e7\u00e3o do inventariante e CPF e RG. No caso de n\u00e3o haver invent\u00e1rio, apresentar c\u00f3pia do RG e CPF;<\/li>\n<li>Procura\u00e7\u00e3o (se a solicita\u00e7\u00e3o estiver assinada por terceiros) e CPF e RG do procurador;<\/li>\n<li>C\u00f3pia da <a href=\"https:\/\/jundiai.sp.gov.br\/financas\/matricula\/\" target=\"_blank\" rel=\"noopener noreferrer\">Matr\u00edcula do Registro de Im\u00f3veis atualizada<\/a>\u00a0(<b>com no m\u00e1ximo 1 ano de emiss\u00e3o<\/b>) e\/ou escritura sem registro ou contrato de compromisso de venda e compra;<\/li>\n<li>C\u00f3pia do projeto simplificado ou arquitet\u00f4nico do im\u00f3vel (de constru\u00e7\u00e3o ou regulariza\u00e7\u00e3o), no caso de pedido de revis\u00e3o de \u00e1rea constru\u00edda, de padr\u00e3o\/uso e de anexa\u00e7\u00e3o\/desmembramento.<\/li>\n<\/ol>\n<\/li>\n<\/ol>\n<p><strong>Aten\u00e7\u00e3o:<\/strong> A solicita\u00e7\u00e3o de revis\u00e3o n\u00e3o cancela o carn\u00ea, que deve continuar a ser pago normalmente. Se, <strong>ao final da revis\u00e3o no processo<\/strong>, constatar-se algum erro, o carn\u00ea ser\u00e1 retificado, com cancelamento do anterior, e o valor j\u00e1 pago ser\u00e1 compensado no novo carn\u00ea que ser\u00e1 emitido.<\/p>\n<p>N\u00e3o havendo a possibilidade de compensar todo o valor, a diferen\u00e7a ser\u00e1 restitu\u00edda.<\/p>\n","protected":false},"excerpt":{"rendered":"<p>O cadastro imobili\u00e1rio mant\u00e9m informa\u00e7\u00f5es gerais sobre o im\u00f3vel, como medidas, padr\u00e3o e uso da constru\u00e7\u00e3o, e outros detalhes, que podem ser conferidos no Carn\u00ea (Conhe\u00e7a seu Carn\u00ea). Nesse sentido, o contribuinte tem direito de pedir a revis\u00e3o (a altera\u00e7\u00e3o) das informa\u00e7\u00f5es cadastrais, com poss\u00edveis reflexos, inclusive, nos tributos lan\u00e7ados (IPTU e Taxa de Coleta [&hellip;]<\/p>\n","protected":false},"author":14,"featured_media":0,"parent":1812,"menu_order":2,"comment_status":"closed","ping_status":"closed","template":"page-subpaginas.php","meta":{"footnotes":""},"class_list":["post-1633","page","type-page","status-publish","hentry"],"_links":{"self":[{"href":"https:\/\/jundiai.sp.gov.br\/financas\/wp-json\/wp\/v2\/pages\/1633","targetHints":{"allow":["GET"]}}],"collection":[{"href":"https:\/\/jundiai.sp.gov.br\/financas\/wp-json\/wp\/v2\/pages"}],"about":[{"href":"https:\/\/jundiai.sp.gov.br\/financas\/wp-json\/wp\/v2\/types\/page"}],"author":[{"embeddable":true,"href":"https:\/\/jundiai.sp.gov.br\/financas\/wp-json\/wp\/v2\/users\/14"}],"replies":[{"embeddable":true,"href":"https:\/\/jundiai.sp.gov.br\/financas\/wp-json\/wp\/v2\/comments?post=1633"}],"version-history":[{"count":25,"href":"https:\/\/jundiai.sp.gov.br\/financas\/wp-json\/wp\/v2\/pages\/1633\/revisions"}],"predecessor-version":[{"id":5944,"href":"https:\/\/jundiai.sp.gov.br\/financas\/wp-json\/wp\/v2\/pages\/1633\/revisions\/5944"}],"up":[{"embeddable":true,"href":"https:\/\/jundiai.sp.gov.br\/financas\/wp-json\/wp\/v2\/pages\/1812"}],"wp:attachment":[{"href":"https:\/\/jundiai.sp.gov.br\/financas\/wp-json\/wp\/v2\/media?parent=1633"}],"curies":[{"name":"wp","href":"https:\/\/api.w.org\/{rel}","templated":true}]}}