{"id":1634,"date":"2015-01-26T11:35:27","date_gmt":"2015-01-26T13:35:27","guid":{"rendered":"https:\/\/jundiai.sp.gov.br\/financas\/?page_id=1634"},"modified":"2023-06-21T14:31:54","modified_gmt":"2023-06-21T17:31:54","slug":"desmembramento-em-unidades-autonomas","status":"publish","type":"page","link":"https:\/\/jundiai.sp.gov.br\/financas\/iptu-e-taxa-de-coleta-de-lixo\/atualizacoes-no-cadastro-do-iptu\/desmembramento-em-unidades-autonomas\/","title":{"rendered":"Desmembramento em unidades aut\u00f4nomas"},"content":{"rendered":"<p>Trata-se de dividir formalmente um im\u00f3vel, at\u00e9 ent\u00e3o registrado no cart\u00f3rio de im\u00f3veis em \u00e1rea maior, em unidades aut\u00f4nomas, como apartamentos, casas, galp\u00f5es comerciais, industriais etc.<\/p>\n<h2>Como solicitar<\/h2>\n<p>A solicita\u00e7\u00e3o de revis\u00e3o \u00e9 feita no <strong><a href=\"http:\/\/guia.poupatempo.sp.gov.br\/_postos.aspx?Page=&amp;PostID=34&amp;PostTipo=F&amp;PostNomeReduzido=Poupatempo%20Jundia%C3%AD&amp;QtdComunica=1\" target=\"_blank\" rel=\"noopener noreferrer\">Poupatempo<\/a><\/strong> (<strong><a href=\"https:\/\/jundiai.sp.gov.br\/financas\/iptu-e-taxa-de-coleta-de-lixo\/contato\/\" target=\"_blank\" rel=\"noopener noreferrer\">veja o endere\u00e7o e o hor\u00e1rio de atendimento<\/a><\/strong>).<\/p>\n<p>Devem ser apresentados os seguintes documentos:<\/p>\n<ol>\n<li style=\"list-style-type: none;\">\n<ol>\n<li><em><a href=\"https:\/\/jundiai.sp.gov.br\/financas\/wp-content\/uploads\/sites\/12\/2023\/06\/form-sol-revisao-iptu_versao_2023-1.pdf\" target=\"_blank\" rel=\"noopener\"><strong>Formul\u00e1rio<\/strong><\/a> devidamente preenchido;<\/em><\/li>\n<li><em>C\u00f3pia do CPF e RG (quando pessoa f\u00edsica);<\/em><\/li>\n<li><em>C\u00f3pia do Contrato Social ou Estatuto atualizado, com elei\u00e7\u00e3o da atual Diretoria e c\u00f3pia do Cart\u00e3o de CNPJ (quando pessoa jur\u00eddica);<\/em><\/li>\n<li><em>C\u00f3pias da Certid\u00e3o de \u00d3bito e Certid\u00e3o de Nascimento ou RG do herdeiro (no caso de o propriet\u00e1rio ser falecido). Nesse caso, apresentar documento de nomea\u00e7\u00e3o do inventariante e CPF e RG. No caso de n\u00e3o haver invent\u00e1rio, apresentar c\u00f3pia do RG e CPF;<\/em><\/li>\n<li><em>Procura\u00e7\u00e3o (se a solicita\u00e7\u00e3o estiver assinada por terceiros) e CPF e RG do procurador;<\/em><\/li>\n<li><em>C\u00f3pia da <a href=\"https:\/\/jundiai.sp.gov.br\/financas\/matricula\/\" target=\"_blank\" rel=\"noopener noreferrer\">Matr\u00edcula do Registro de Im\u00f3veis atualizada<\/a>\u00a0em que conste a Especifica\u00e7\u00e3o e Institui\u00e7\u00e3o de condom\u00ednio, matr\u00edculas das unidades vendidas e\/ou escritura sem registro ou contrato de compromisso de venda e compra;<\/em><\/li>\n<li><em>C\u00f3pia do habite-se.<\/em><\/li>\n<\/ol>\n<\/li>\n<\/ol>\n<p><strong>Aten\u00e7\u00e3o<\/strong>: A solicita\u00e7\u00e3o de revis\u00e3o n\u00e3o cancela o carn\u00ea, que deve continuar a ser pago normalmente. Se, ao final da revis\u00e3o, se constatar algum erro, o carn\u00ea ser\u00e1 retificado, com cancelamento do anterior, e o valor j\u00e1 pago ser\u00e1 compensado no novo carn\u00ea que ser\u00e1 emitido. N\u00e3o havendo a possibilidade de compensar todo o valor, a diferen\u00e7a ser\u00e1 restitu\u00edda.<\/p>\n","protected":false},"excerpt":{"rendered":"<p>Trata-se de dividir formalmente um im\u00f3vel, at\u00e9 ent\u00e3o registrado no cart\u00f3rio de im\u00f3veis em \u00e1rea maior, em unidades aut\u00f4nomas, como apartamentos, casas, galp\u00f5es comerciais, industriais etc. Como solicitar A solicita\u00e7\u00e3o de revis\u00e3o \u00e9 feita no Poupatempo (veja o endere\u00e7o e o hor\u00e1rio de atendimento). Devem ser apresentados os seguintes documentos: Formul\u00e1rio devidamente preenchido; C\u00f3pia do [&hellip;]<\/p>\n","protected":false},"author":14,"featured_media":0,"parent":1812,"menu_order":3,"comment_status":"closed","ping_status":"closed","template":"page-subpaginas.php","meta":{"footnotes":""},"class_list":["post-1634","page","type-page","status-publish","hentry"],"_links":{"self":[{"href":"https:\/\/jundiai.sp.gov.br\/financas\/wp-json\/wp\/v2\/pages\/1634","targetHints":{"allow":["GET"]}}],"collection":[{"href":"https:\/\/jundiai.sp.gov.br\/financas\/wp-json\/wp\/v2\/pages"}],"about":[{"href":"https:\/\/jundiai.sp.gov.br\/financas\/wp-json\/wp\/v2\/types\/page"}],"author":[{"embeddable":true,"href":"https:\/\/jundiai.sp.gov.br\/financas\/wp-json\/wp\/v2\/users\/14"}],"replies":[{"embeddable":true,"href":"https:\/\/jundiai.sp.gov.br\/financas\/wp-json\/wp\/v2\/comments?post=1634"}],"version-history":[{"count":22,"href":"https:\/\/jundiai.sp.gov.br\/financas\/wp-json\/wp\/v2\/pages\/1634\/revisions"}],"predecessor-version":[{"id":5945,"href":"https:\/\/jundiai.sp.gov.br\/financas\/wp-json\/wp\/v2\/pages\/1634\/revisions\/5945"}],"up":[{"embeddable":true,"href":"https:\/\/jundiai.sp.gov.br\/financas\/wp-json\/wp\/v2\/pages\/1812"}],"wp:attachment":[{"href":"https:\/\/jundiai.sp.gov.br\/financas\/wp-json\/wp\/v2\/media?parent=1634"}],"curies":[{"name":"wp","href":"https:\/\/api.w.org\/{rel}","templated":true}]}}