{"id":1650,"date":"2015-01-26T14:35:50","date_gmt":"2015-01-26T16:35:50","guid":{"rendered":"https:\/\/jundiai.sp.gov.br\/financas\/?page_id=1650"},"modified":"2017-03-20T11:52:33","modified_gmt":"2017-03-20T14:52:33","slug":"matricula","status":"publish","type":"page","link":"https:\/\/jundiai.sp.gov.br\/financas\/matricula\/","title":{"rendered":"Cart\u00f3rio de Registro de Im\u00f3veis"},"content":{"rendered":"<p><strong>Obter a matr\u00edcula e retificar o registro de seu im\u00f3vel<\/strong><\/p>\n<p>Os im\u00f3veis localizados no Mun\u00edcipio de Jundia\u00ed est\u00e3o registrados em um dos seguintes Cart\u00f3rios de Im\u00f3veis:<\/p>\n<ul>\n<li><a href=\"http:\/\/www.1registrojundiai.com.br\/default.aspx\" target=\"_blank\">1\u00b0 Registro de Im\u00f3veis de Jundia\u00ed<\/a><\/li>\n<li><a href=\"http:\/\/www.2rijundiai.com.br\/\" target=\"_blank\" target=\"_blank\">2\u00b0 Registro de Im\u00f3veis de Jundia\u00ed<\/a><\/li>\n<\/ul>\n<p>A matr\u00edcula tamb\u00e9m est\u00e1 dispon\u00edvel atrav\u00e9s do site Central Registradores de Im\u00f3veis (Clique aqui para <strong><a href=\"http:\/\/www.registradores.org.br\/VisualizarMatricula\/DefaultVM.aspx?from=menu\" target=\"_blank\">acesso \u00e0 Matr\u00edcula online<\/a>)<\/strong>.<\/p>\n","protected":false},"excerpt":{"rendered":"<p>Obter a matr\u00edcula e retificar o registro de seu im\u00f3vel Os im\u00f3veis localizados no Mun\u00edcipio de Jundia\u00ed est\u00e3o registrados em um dos seguintes Cart\u00f3rios de Im\u00f3veis: 1\u00b0 Registro de Im\u00f3veis de Jundia\u00ed 2\u00b0 Registro de Im\u00f3veis de Jundia\u00ed A matr\u00edcula tamb\u00e9m est\u00e1 dispon\u00edvel atrav\u00e9s do site Central Registradores de Im\u00f3veis (Clique aqui para acesso \u00e0 [&hellip;]<\/p>\n","protected":false},"author":14,"featured_media":0,"parent":0,"menu_order":16,"comment_status":"closed","ping_status":"closed","template":"page-subpaginas.php","meta":{"footnotes":""},"class_list":["post-1650","page","type-page","status-publish","hentry"],"_links":{"self":[{"href":"https:\/\/jundiai.sp.gov.br\/financas\/wp-json\/wp\/v2\/pages\/1650","targetHints":{"allow":["GET"]}}],"collection":[{"href":"https:\/\/jundiai.sp.gov.br\/financas\/wp-json\/wp\/v2\/pages"}],"about":[{"href":"https:\/\/jundiai.sp.gov.br\/financas\/wp-json\/wp\/v2\/types\/page"}],"author":[{"embeddable":true,"href":"https:\/\/jundiai.sp.gov.br\/financas\/wp-json\/wp\/v2\/users\/14"}],"replies":[{"embeddable":true,"href":"https:\/\/jundiai.sp.gov.br\/financas\/wp-json\/wp\/v2\/comments?post=1650"}],"version-history":[{"count":11,"href":"https:\/\/jundiai.sp.gov.br\/financas\/wp-json\/wp\/v2\/pages\/1650\/revisions"}],"predecessor-version":[{"id":3267,"href":"https:\/\/jundiai.sp.gov.br\/financas\/wp-json\/wp\/v2\/pages\/1650\/revisions\/3267"}],"wp:attachment":[{"href":"https:\/\/jundiai.sp.gov.br\/financas\/wp-json\/wp\/v2\/media?parent=1650"}],"curies":[{"name":"wp","href":"https:\/\/api.w.org\/{rel}","templated":true}]}}