{"id":1654,"date":"2015-01-26T15:20:52","date_gmt":"2015-01-26T17:20:52","guid":{"rendered":"https:\/\/jundiai.sp.gov.br\/financas\/?page_id=1654"},"modified":"2015-01-29T14:46:51","modified_gmt":"2015-01-29T16:46:51","slug":"como-encontrar-o-grupo-de-contribuinte-a-qual-pertence-o-seu-imovel","status":"publish","type":"page","link":"https:\/\/jundiai.sp.gov.br\/financas\/como-encontrar-o-grupo-de-contribuinte-a-qual-pertence-o-seu-imovel\/","title":{"rendered":"Como encontrar o grupo de contribuinte a qual pertence o seu im\u00f3vel"},"content":{"rendered":"<p>Primeiro, identifique o setor do seu im\u00f3vel.<\/p>\n<p>O setor de seu im\u00f3vel \u00e9 representado pelos dois primeiros d\u00edgitos do n\u00famero de contribuinte, que pode ser encontrado na primeira folha do carn\u00ea de IPTU, conforme exemplo abaixo:<\/p>\n<p><a href=\"https:\/\/jundiai.sp.gov.br\/financas\/wp-content\/uploads\/sites\/12\/2015\/01\/talaofinal.jpg\"><img loading=\"lazy\" decoding=\"async\" class=\"aligncenter size-large wp-image-1763\" src=\"https:\/\/jundiai.sp.gov.br\/financas\/wp-content\/uploads\/sites\/12\/2015\/01\/talaofinal-720x330.jpg\" alt=\"talaofinal\" width=\"720\" height=\"330\" srcset=\"https:\/\/jundiai.sp.gov.br\/financas\/wp-content\/uploads\/sites\/12\/2015\/01\/talaofinal-720x330.jpg 720w, https:\/\/jundiai.sp.gov.br\/financas\/wp-content\/uploads\/sites\/12\/2015\/01\/talaofinal-300x137.jpg 300w, https:\/\/jundiai.sp.gov.br\/financas\/wp-content\/uploads\/sites\/12\/2015\/01\/talaofinal.jpg 1280w\" sizes=\"auto, (max-width: 720px) 100vw, 720px\" \/><\/a><\/p>\n<p>Nesse caso, o setor \u00e9 o de <strong>n\u00famero 79<\/strong>.<\/p>\n<p>Com o n\u00famero do seu setor, identifique na tabela abaixo o Grupo de Contribuinte ao qual pertence seu im\u00f3vel:<\/p>\n<p><a href=\"https:\/\/jundiai.sp.gov.br\/financas\/wp-content\/uploads\/sites\/12\/2015\/01\/grupodesetoresiptu.jpg\"><img loading=\"lazy\" decoding=\"async\" class=\"aligncenter size-large wp-image-1655\" src=\"https:\/\/jundiai.sp.gov.br\/financas\/wp-content\/uploads\/sites\/12\/2015\/01\/grupodesetoresiptu-720x86.jpg\" alt=\"grupodesetoresiptu\" width=\"720\" height=\"86\" srcset=\"https:\/\/jundiai.sp.gov.br\/financas\/wp-content\/uploads\/sites\/12\/2015\/01\/grupodesetoresiptu-720x86.jpg 720w, https:\/\/jundiai.sp.gov.br\/financas\/wp-content\/uploads\/sites\/12\/2015\/01\/grupodesetoresiptu-300x35.jpg 300w, https:\/\/jundiai.sp.gov.br\/financas\/wp-content\/uploads\/sites\/12\/2015\/01\/grupodesetoresiptu.jpg 842w\" sizes=\"auto, (max-width: 720px) 100vw, 720px\" \/><\/a><\/p>\n<p>Ainda no exemplo citado, temos que para o setor 79 o <strong>Grupo de Contribuinte \u00e9 o 1<\/strong>.<\/p>\n","protected":false},"excerpt":{"rendered":"<p>Primeiro, identifique o setor do seu im\u00f3vel. O setor de seu im\u00f3vel \u00e9 representado pelos dois primeiros d\u00edgitos do n\u00famero de contribuinte, que pode ser encontrado na primeira folha do carn\u00ea de IPTU, conforme exemplo abaixo: Nesse caso, o setor \u00e9 o de n\u00famero 79. Com o n\u00famero do seu setor, identifique na tabela abaixo [&hellip;]<\/p>\n","protected":false},"author":14,"featured_media":0,"parent":0,"menu_order":1,"comment_status":"closed","ping_status":"closed","template":"page-subpaginas.php","meta":{"footnotes":""},"class_list":["post-1654","page","type-page","status-publish","hentry"],"_links":{"self":[{"href":"https:\/\/jundiai.sp.gov.br\/financas\/wp-json\/wp\/v2\/pages\/1654","targetHints":{"allow":["GET"]}}],"collection":[{"href":"https:\/\/jundiai.sp.gov.br\/financas\/wp-json\/wp\/v2\/pages"}],"about":[{"href":"https:\/\/jundiai.sp.gov.br\/financas\/wp-json\/wp\/v2\/types\/page"}],"author":[{"embeddable":true,"href":"https:\/\/jundiai.sp.gov.br\/financas\/wp-json\/wp\/v2\/users\/14"}],"replies":[{"embeddable":true,"href":"https:\/\/jundiai.sp.gov.br\/financas\/wp-json\/wp\/v2\/comments?post=1654"}],"version-history":[{"count":11,"href":"https:\/\/jundiai.sp.gov.br\/financas\/wp-json\/wp\/v2\/pages\/1654\/revisions"}],"predecessor-version":[{"id":1924,"href":"https:\/\/jundiai.sp.gov.br\/financas\/wp-json\/wp\/v2\/pages\/1654\/revisions\/1924"}],"wp:attachment":[{"href":"https:\/\/jundiai.sp.gov.br\/financas\/wp-json\/wp\/v2\/media?parent=1654"}],"curies":[{"name":"wp","href":"https:\/\/api.w.org\/{rel}","templated":true}]}}