{"id":173,"date":"2014-09-12T12:09:04","date_gmt":"2014-09-12T15:09:04","guid":{"rendered":"https:\/\/jundiai.sp.gov.br\/financas\/?page_id=173"},"modified":"2024-03-14T14:32:35","modified_gmt":"2024-03-14T17:32:35","slug":"certidao-negativa-de-debitos-imobiliarios","status":"publish","type":"page","link":"https:\/\/jundiai.sp.gov.br\/financas\/certidao-negativa-de-debitos-imobiliarios\/","title":{"rendered":"Certid\u00e3o Negativa de D\u00e9bitos Imobili\u00e1rios"},"content":{"rendered":"\n<p><strong>(IPTU\/ITBI\/Taxas)<\/strong><\/p>\n\n\n\n<p><a href=\"https:\/\/jundiai.sp.gov.br\/servicos-online\/certidao-negativa-de-debitos-de-tributos-imobiliarios\/\">Voc\u00ea pode emitir sua certid\u00e3o clicando aqui<\/a><\/p>\n\n\n\n<p>A solicita\u00e7\u00e3o dessa certid\u00e3o tamb\u00e9m poder\u00e1 ser feita no posto de servi\u00e7os da Prefeitura no Poupatempo, na avenida Uni\u00e3o dos Ferrovi\u00e1rios, 1760, Centro, de segunda a sexta-feira, das 9h \u00e0s 17h, e aos s\u00e1bados, das 9h \u00e0s 12h. <\/p>\n\n\n\n<p>Apresentando c\u00f3pia dos seguintes documentos:<\/p>\n\n\n\n<ul class=\"wp-block-list\">\n<li>C\u00f3pia da capa do carn\u00ea de IPTU (onde constam os dados do im\u00f3vel);<\/li>\n\n\n\n<li>C\u00f3pia da matr\u00edcula do Registro de Im\u00f3veis atualizada ou escritura sem registro ou contrato de compromisso de compra e venda (quando n\u00e3o estiver em nome do atual propriet\u00e1rio \u2013 verificar no carn\u00ea do IPTU);<\/li>\n\n\n\n<li>CPF e RG;<\/li>\n\n\n\n<li>Certid\u00e3o de \u00d3bito e Certid\u00e3o de Nascimento ou RG do herdeiro (no caso do propriet\u00e1rio ser falecido); Neste caso apresentar documento de nomea\u00e7\u00e3o do inventariante e CPF e RG, NO CASO DE N\u00c3O HAVER INVENT\u00c1RIO APRESENTAR C\u00d3PIA DO RG E CPF;<\/li>\n\n\n\n<li>Procura\u00e7\u00e3o com firma reconhecida (se assinado por terceiros) e CPF e RG do procurador;<\/li>\n\n\n\n<li>Taxa de R$ 20,00 (por lauda de certid\u00e3o).<\/li>\n<\/ul>\n\n\n\n<p>&nbsp;<a href=\"https:\/\/jundiai.sp.gov.br\/financas\/wp-content\/uploads\/sites\/12\/2023\/06\/solicitacao-de-certidao-1.pdf\" target=\"_blank\" rel=\"noopener\">Formul\u00e1rio<\/a>&nbsp;de Solicita\u00e7\u00e3o<\/p>\n","protected":false},"excerpt":{"rendered":"<p>(IPTU\/ITBI\/Taxas) Voc\u00ea pode emitir sua certid\u00e3o clicando aqui A solicita\u00e7\u00e3o dessa certid\u00e3o tamb\u00e9m poder\u00e1 ser feita no posto de servi\u00e7os da Prefeitura no Poupatempo, na avenida Uni\u00e3o dos Ferrovi\u00e1rios, 1760, Centro, de segunda a sexta-feira, das 9h \u00e0s 17h, e aos s\u00e1bados, das 9h \u00e0s 12h. Apresentando c\u00f3pia dos seguintes documentos: &nbsp;Formul\u00e1rio&nbsp;de Solicita\u00e7\u00e3o<\/p>\n","protected":false},"author":5,"featured_media":0,"parent":0,"menu_order":0,"comment_status":"closed","ping_status":"closed","template":"","meta":{"footnotes":""},"class_list":["post-173","page","type-page","status-publish","hentry"],"_links":{"self":[{"href":"https:\/\/jundiai.sp.gov.br\/financas\/wp-json\/wp\/v2\/pages\/173","targetHints":{"allow":["GET"]}}],"collection":[{"href":"https:\/\/jundiai.sp.gov.br\/financas\/wp-json\/wp\/v2\/pages"}],"about":[{"href":"https:\/\/jundiai.sp.gov.br\/financas\/wp-json\/wp\/v2\/types\/page"}],"author":[{"embeddable":true,"href":"https:\/\/jundiai.sp.gov.br\/financas\/wp-json\/wp\/v2\/users\/5"}],"replies":[{"embeddable":true,"href":"https:\/\/jundiai.sp.gov.br\/financas\/wp-json\/wp\/v2\/comments?post=173"}],"version-history":[{"count":15,"href":"https:\/\/jundiai.sp.gov.br\/financas\/wp-json\/wp\/v2\/pages\/173\/revisions"}],"predecessor-version":[{"id":6240,"href":"https:\/\/jundiai.sp.gov.br\/financas\/wp-json\/wp\/v2\/pages\/173\/revisions\/6240"}],"wp:attachment":[{"href":"https:\/\/jundiai.sp.gov.br\/financas\/wp-json\/wp\/v2\/media?parent=173"}],"curies":[{"name":"wp","href":"https:\/\/api.w.org\/{rel}","templated":true}]}}