{"id":1782,"date":"2015-01-29T13:56:15","date_gmt":"2015-01-29T15:56:15","guid":{"rendered":"https:\/\/jundiai.sp.gov.br\/financas\/?page_id=1782"},"modified":"2026-01-07T14:56:28","modified_gmt":"2026-01-07T17:56:28","slug":"iptu","status":"publish","type":"page","link":"https:\/\/jundiai.sp.gov.br\/financas\/iptu-e-taxa-de-coleta-de-lixo\/o-que-e-iptu\/iptu\/","title":{"rendered":"IPTU"},"content":{"rendered":"\n<p>O Imposto sobre a Propriedade Predial e Territorial Urbana (IPTU) \u00e9 o tributo que pagamos pela propriedade edificada (residencial ou n\u00e3o) e n\u00e3o edificada (terrenos). Ele incide sobre o im\u00f3vel localizado na zona urbana da cidade e, em algumas situa\u00e7\u00f5es, sobre im\u00f3veis na zona rural.<\/p>\n\n\n\n<p>\u00c9 cobrado uma vez por ano e pode ser pago \u00e0 vista ou em at\u00e9 dez parcelas mensais e consecutivas.<\/p>\n\n\n\n<p>A arrecada\u00e7\u00e3o desse imposto \u00e9 importante por possibilitar \u00e0 municipalidade fazer novos investimentos e manter e expandir os servi\u00e7os existentes, como em Sa\u00fade e Educa\u00e7\u00e3o.<\/p>\n\n\n\n<p>Neste site, o contribuinte encontrar\u00e1 todos os servi\u00e7os e informa\u00e7\u00f5es relacionados ao IPTU, como emiss\u00e3o de 2\u00ba via do imposto, certid\u00f5es relativas ao im\u00f3vel, consulta de d\u00e9bito, al\u00e9m das orienta\u00e7\u00f5es sobre isen\u00e7\u00f5es, imunidades e outras informa\u00e7\u00f5es.<\/p>\n\n\n\n<h2 class=\"wp-block-heading\">Como \u00e9 calculado o IPTU<\/h2>\n\n\n\n<p>O valor do IPTU \u00e9 calculado pela aplica\u00e7\u00e3o de al\u00edquotas, definidas em lei, sobre o valor venal do im\u00f3vel, conforme <a href=\"https:\/\/jundiai.sp.gov.br\/financas\/wp-content\/uploads\/sites\/12\/2017\/10\/codigo-tributario-em-pdf-atualizado-ate-lc-580-2017.pdf\" target=\"_blank\" rel=\"noopener noreferrer\">Lei Complementar n\u00ba 460\/2008<\/a>&nbsp;e altera\u00e7\u00f5es. Assim:<\/p>\n\n\n\n<p><strong>Valor do IPTU = Valor Venal x Al\u00edquota<\/strong><br>(A al\u00edquota \u00e9 de 2% quando for apenas \u00e1rea territorial e de 1,5% quando for im\u00f3vel com constru\u00e7\u00e3o)<\/p>\n\n\n\n<p>O <strong>Valor Venal<\/strong> \u00e9 calculado levando-se em conta o valor do terreno, de acordo com seu tamanho, tipo, localiza\u00e7\u00e3o e o Valor Unit\u00e1rio do m\u00b2 do Terreno (Vum\u00b2T), que \u00e9 definido pela <a rel=\"noopener noreferrer\" href=\"https:\/\/jundiai.sp.gov.br\/financas\/wp-content\/uploads\/sites\/12\/2015\/02\/Decreto-17.899-14.07.2000-Planta-de-Valores-2.pdf\" target=\"_blank\">Planta Gen\u00e9rica de Valores do Munic\u00edpio<\/a> (<a rel=\"noopener noreferrer\" href=\"https:\/\/jundiai.sp.gov.br\/financas\/wp-content\/uploads\/sites\/12\/2015\/02\/3624_integral-1.pdf\" target=\"_blank\">e anexo<\/a>), assim como, quando existente, o valor da constru\u00e7\u00e3o, que leva em considera\u00e7\u00e3o a \u00e1rea constru\u00edda, o Valor Unit\u00e1rio do m\u00b2 da Constru\u00e7\u00e3o (Vum\u00b2C), que \u00e9 o definido por meio do padr\u00e3o da constru\u00e7\u00e3o (atrav\u00e9s das caracter\u00edsticas construtivas do im\u00f3vel, mediante vistoria) e a idade do pr\u00e9dio (fator obsolesc\u00eancia, mediante habite-se).<\/p>\n\n\n\n<p>O c\u00e1lculo do <strong>Valor Venal<\/strong> \u00e9 feito da seguinte forma:<\/p>\n\n\n\n<p><strong>Quando for apenas Terreno<\/strong><\/p>\n\n\n\n<p><strong><span style=\"text-decoration: underline\">Valor Venal<\/span>&nbsp;<\/strong>= <strong>AT<\/strong> x <strong>Vum\u00b2T<\/strong> x <strong>Fatores Diversos<\/strong><\/p>\n\n\n\n<p><strong>Quando for Terreno com Constru\u00e7\u00e3o:<\/strong><\/p>\n\n\n\n<p><strong><span style=\"text-decoration: underline\">Valor do Terreno<\/span> =<\/strong>&nbsp;<strong>AT<\/strong> x <strong>Vum\u00b2T<\/strong> x <strong>Fatores diversos<\/strong><br><strong><span style=\"text-decoration: underline\">Valor da Constru\u00e7\u00e3o<\/span> =<\/strong>&nbsp;<strong>AC<\/strong> x <strong>Vum\u00b2C<\/strong> x <strong>Fator obsolesc\u00eancia<\/strong><\/p>\n\n\n\n<p><small><strong>Legenda:<\/strong><br><strong>AT<\/strong> &#8211; \u00c1rea do Terreno<br><strong>AC<\/strong> &#8211; \u00c1rea Constru\u00edda<br><strong>Vum\u00b2T<\/strong> &#8211; Valor unit\u00e1rio do metro quadrado de terreno<br><strong>Vum\u00b2C<\/strong> &#8211; Valor unit\u00e1rio de metro quadrado de constru\u00e7\u00e3o<\/small><\/p>\n\n\n\n<p><strong>Observa\u00e7\u00f5es:<\/strong><\/p>\n\n\n\n<ul class=\"wp-block-list\">\n<li><a href=\"https:\/\/jundiai.sp.gov.br\/financas\/wp-content\/uploads\/sites\/12\/2026\/01\/vum_-2026-_1_.pdf\">Clique aqui para consultar o Vum\u00b2T e o Vum\u00b2C<\/a><\/li>\n\n\n\n<li>Atualmente, a forma de c\u00e1lculo \u00e9 definida na <a rel=\"noopener noreferrer\" href=\"https:\/\/jundiai.sp.gov.br\/financas\/wp-content\/uploads\/sites\/12\/2017\/10\/codigo-tributario-em-pdf-atualizado-ate-lc-580-2017.pdf\" target=\"_blank\">Lei Complementar n\u00ba 460\/2008<\/a>&nbsp;e altera\u00e7\u00f5es.<\/li>\n\n\n\n<li>O valor IPTU em Jundia\u00ed pode ser pago \u00e0 vista ou em at\u00e9 10 vezes (<a href=\"https:\/\/jundiai.sp.gov.br\/financas\/iptu\/pagamento-como-pagar-a-2a-via-do-iptu\/\" target=\"_blank\" rel=\"noopener noreferrer\">veja mais<\/a>).<\/li>\n<\/ul>\n\n\n\n<p><\/p>\n","protected":false},"excerpt":{"rendered":"<p>O Imposto sobre a Propriedade Predial e Territorial Urbana (IPTU) \u00e9 o tributo que pagamos pela propriedade edificada (residencial ou n\u00e3o) e n\u00e3o edificada (terrenos). Ele incide sobre o im\u00f3vel localizado na zona urbana da cidade e, em algumas situa\u00e7\u00f5es, sobre im\u00f3veis na zona rural. \u00c9 cobrado uma vez por ano e pode ser pago [&hellip;]<\/p>\n","protected":false},"author":5,"featured_media":0,"parent":1336,"menu_order":0,"comment_status":"closed","ping_status":"closed","template":"","meta":{"footnotes":""},"class_list":["post-1782","page","type-page","status-publish","hentry"],"_links":{"self":[{"href":"https:\/\/jundiai.sp.gov.br\/financas\/wp-json\/wp\/v2\/pages\/1782","targetHints":{"allow":["GET"]}}],"collection":[{"href":"https:\/\/jundiai.sp.gov.br\/financas\/wp-json\/wp\/v2\/pages"}],"about":[{"href":"https:\/\/jundiai.sp.gov.br\/financas\/wp-json\/wp\/v2\/types\/page"}],"author":[{"embeddable":true,"href":"https:\/\/jundiai.sp.gov.br\/financas\/wp-json\/wp\/v2\/users\/5"}],"replies":[{"embeddable":true,"href":"https:\/\/jundiai.sp.gov.br\/financas\/wp-json\/wp\/v2\/comments?post=1782"}],"version-history":[{"count":57,"href":"https:\/\/jundiai.sp.gov.br\/financas\/wp-json\/wp\/v2\/pages\/1782\/revisions"}],"predecessor-version":[{"id":7318,"href":"https:\/\/jundiai.sp.gov.br\/financas\/wp-json\/wp\/v2\/pages\/1782\/revisions\/7318"}],"up":[{"embeddable":true,"href":"https:\/\/jundiai.sp.gov.br\/financas\/wp-json\/wp\/v2\/pages\/1336"}],"wp:attachment":[{"href":"https:\/\/jundiai.sp.gov.br\/financas\/wp-json\/wp\/v2\/media?parent=1782"}],"curies":[{"name":"wp","href":"https:\/\/api.w.org\/{rel}","templated":true}]}}