{"id":1795,"date":"2015-01-29T14:03:20","date_gmt":"2015-01-29T16:03:20","guid":{"rendered":"https:\/\/jundiai.sp.gov.br\/financas\/?page_id=1795"},"modified":"2026-01-07T11:17:31","modified_gmt":"2026-01-07T14:17:31","slug":"o-que-fazer-se-a-guia-estiver-vencida","status":"publish","type":"page","link":"https:\/\/jundiai.sp.gov.br\/financas\/iptu-e-taxa-de-coleta-de-lixo\/pagamento-como-pagar-a-2a-via-do-iptu\/o-que-fazer-se-a-guia-estiver-vencida\/","title":{"rendered":"O que fazer se a guia estiver vencida"},"content":{"rendered":"\n<p>Ap\u00f3s o vencimento da guia do IPTU 2026, n\u00e3o h\u00e1 mais como quitar os d\u00e9bitos utilizando o mesmo documento, j\u00e1 que os agentes arrecadadores n\u00e3o calculam o valor dos encargos legais devidos (multa e mora).<\/p>\n\n\n\n<p>Nesse caso, h\u00e1 duas op\u00e7\u00f5es para emitir a 2\u00aa via do IPTU 2026:<\/p>\n\n\n\n<p>1. <a href=\"https:\/\/jundiai.sp.gov.br\/servicos-online\/segunda-via-da-parcela-do-iptu\/\">Emiss\u00e3o online<\/a> <\/p>\n\n\n\n<p>2. Emiss\u00e3o presencial no Poupatempo Jundia\u00ed (veja endere\u00e7o e hor\u00e1rios de atendimento)&nbsp;&#8211; apresentando os seguintes documentos:<\/p>\n\n\n\n<p>&nbsp;&#8211; Carn\u00ea mais recente do IPTU ou<\/p>\n\n\n\n<p>&#8211; Matr\u00edcula do Registro de Im\u00f3veis <a href=\"https:\/\/jundiai.sp.gov.br\/financas\/matricula\/\">atualizada<\/a> (com no m\u00e1ximo 1 ano de emiss\u00e3o) ou escritura sem registro ou contrato de compromisso de compra e venda, caso n\u00e3o tenha sido efetuado o registro no Cart\u00f3rio de Registro de Im\u00f3veis.<\/p>\n\n\n\n<p><strong>Aten\u00e7\u00e3o:<\/strong><\/p>\n\n\n\n<p>Essa orienta\u00e7\u00e3o se refere apenas aos d\u00e9bitos do exerc\u00edcio atual. Para d\u00e9bitos referentes a anos anteriores, acesse <a href=\"https:\/\/jundiai.sp.gov.br\/servicos-online\/consulta-de-debito\/\">Consulta de D\u00e9bito<\/a> <\/p>\n","protected":false},"excerpt":{"rendered":"<p>Ap\u00f3s o vencimento da guia do IPTU 2026, n\u00e3o h\u00e1 mais como quitar os d\u00e9bitos utilizando o mesmo documento, j\u00e1 que os agentes arrecadadores n\u00e3o calculam o valor dos encargos legais devidos (multa e mora). Nesse caso, h\u00e1 duas op\u00e7\u00f5es para emitir a 2\u00aa via do IPTU 2026: 1. Emiss\u00e3o online 2. Emiss\u00e3o presencial no [&hellip;]<\/p>\n","protected":false},"author":5,"featured_media":0,"parent":1583,"menu_order":2,"comment_status":"closed","ping_status":"closed","template":"","meta":{"footnotes":""},"class_list":["post-1795","page","type-page","status-publish","hentry"],"_links":{"self":[{"href":"https:\/\/jundiai.sp.gov.br\/financas\/wp-json\/wp\/v2\/pages\/1795","targetHints":{"allow":["GET"]}}],"collection":[{"href":"https:\/\/jundiai.sp.gov.br\/financas\/wp-json\/wp\/v2\/pages"}],"about":[{"href":"https:\/\/jundiai.sp.gov.br\/financas\/wp-json\/wp\/v2\/types\/page"}],"author":[{"embeddable":true,"href":"https:\/\/jundiai.sp.gov.br\/financas\/wp-json\/wp\/v2\/users\/5"}],"replies":[{"embeddable":true,"href":"https:\/\/jundiai.sp.gov.br\/financas\/wp-json\/wp\/v2\/comments?post=1795"}],"version-history":[{"count":26,"href":"https:\/\/jundiai.sp.gov.br\/financas\/wp-json\/wp\/v2\/pages\/1795\/revisions"}],"predecessor-version":[{"id":7298,"href":"https:\/\/jundiai.sp.gov.br\/financas\/wp-json\/wp\/v2\/pages\/1795\/revisions\/7298"}],"up":[{"embeddable":true,"href":"https:\/\/jundiai.sp.gov.br\/financas\/wp-json\/wp\/v2\/pages\/1583"}],"wp:attachment":[{"href":"https:\/\/jundiai.sp.gov.br\/financas\/wp-json\/wp\/v2\/media?parent=1795"}],"curies":[{"name":"wp","href":"https:\/\/api.w.org\/{rel}","templated":true}]}}