{"id":1798,"date":"2015-01-29T14:04:37","date_gmt":"2015-01-29T16:04:37","guid":{"rendered":"https:\/\/jundiai.sp.gov.br\/financas\/?page_id=1798"},"modified":"2026-01-07T11:20:10","modified_gmt":"2026-01-07T14:20:10","slug":"como-e-onde-pagar-vencimentos-e-descontos","status":"publish","type":"page","link":"https:\/\/jundiai.sp.gov.br\/financas\/iptu-e-taxa-de-coleta-de-lixo\/pagamento-como-pagar-a-2a-via-do-iptu\/como-e-onde-pagar-vencimentos-e-descontos\/","title":{"rendered":"Como e onde pagar, vencimentos e descontos"},"content":{"rendered":"\n<h2 class=\"wp-block-heading\" id=\"tabela-de-vencimentos-do-iptu\">Tabela de Vencimentos do IPTU<\/h2>\n\n\n\n<p>Os propriet\u00e1rios ou possuidores de im\u00f3veis localizados neste Munic\u00edpio ser\u00e3o Notificados do Lan\u00e7amento do Imposto Sobre a Propriedade Predial e Territorial Urbana &#8211; IPTU e da Taxa de Coleta de Lixo, relativos ao exerc\u00edcio de 2025, por meio da entrega dos Carn\u00eas, que ser\u00e3o enviados a partir da segunda quinzena de janeiro pelos Correios, no endere\u00e7o constante em nosso cadastro, cujos vencimentos ser\u00e3o os seguintes:<\/p>\n\n\n\n<p>I \u2013 Em parcela \u00fanica com os seguintes vencimentos:<\/p>\n\n\n\n<figure class=\"wp-block-table tabela-branca-borda-cinza\"><table><tbody><tr><th class=\"has-text-align-center\" data-align=\"center\">Op\u00e7\u00f5es Parcela \u00danica<\/th><th class=\"has-text-align-center\" data-align=\"center\">Vencimento<\/th><\/tr><tr><td class=\"has-text-align-center\" data-align=\"center\">1\u00aa op\u00e7\u00e3o<\/td><td class=\"has-text-align-center\" data-align=\"center\">27\/02\/2026<\/td><\/tr><tr><td class=\"has-text-align-center\" data-align=\"center\">2\u00aa op\u00e7\u00e3o<\/td><td class=\"has-text-align-center\" data-align=\"center\">27\/03\/2026<\/td><\/tr><tr><td class=\"has-text-align-center\" data-align=\"center\">3\u00aa op\u00e7\u00e3o<\/td><td class=\"has-text-align-center\" data-align=\"center\">27\/04\/2026<\/td><\/tr><\/tbody><\/table><\/figure>\n\n\n\n<p>II \u2013 De forma parcelada, o vencimento da primeira parcela em 27 de fevereiro de 2026, sem descontos<\/p>\n\n\n\n<div style=\"height:50px\" aria-hidden=\"true\" class=\"wp-block-spacer\"><\/div>\n\n\n\n<h2 class=\"wp-block-heading\" id=\"opcoes-de-pagamento\">\u200bOp\u00e7\u00f5es de Pagamento<\/h2>\n\n\n\n<p>Com o carn\u00ea em m\u00e3os, o contribuinte tem a op\u00e7\u00e3o de pagar os tributos de uma s\u00f3 vez ou em um n\u00famero de parcelas definidas conforme o valor total dos tributos no Carn\u00ea. Veja tabela que delimita a quantidade m\u00e1xima de parcelas:<\/p>\n\n\n\n<figure class=\"wp-block-table tabela-branca-borda-cinza\"><table><tbody><tr><th class=\"has-text-align-center\" data-align=\"center\">R$<\/th><th class=\"has-text-align-center\" data-align=\"center\">n\u00ba de parcelas<\/th><\/tr><tr><td class=\"has-text-align-center\" data-align=\"center\">de 0,01 at\u00e9 100,00<\/td><td class=\"has-text-align-center\" data-align=\"center\">02<\/td><\/tr><tr><td class=\"has-text-align-center\" data-align=\"center\">de 100,01 at\u00e9 150,00<\/td><td class=\"has-text-align-center\" data-align=\"center\">03<\/td><\/tr><tr><td class=\"has-text-align-center\" data-align=\"center\">de 150,01 at\u00e9 200,00<\/td><td class=\"has-text-align-center\" data-align=\"center\">04<\/td><\/tr><tr><td class=\"has-text-align-center\" data-align=\"center\">de 200,01 at\u00e9 250,00<\/td><td class=\"has-text-align-center\" data-align=\"center\">05<\/td><\/tr><tr><td class=\"has-text-align-center\" data-align=\"center\">de 250,01 at\u00e9 300,00<\/td><td class=\"has-text-align-center\" data-align=\"center\">06<\/td><\/tr><tr><td class=\"has-text-align-center\" data-align=\"center\">de 300,01 at\u00e9 350,00<\/td><td class=\"has-text-align-center\" data-align=\"center\">07<\/td><\/tr><tr><td class=\"has-text-align-center\" data-align=\"center\">de 350,01 at\u00e9 400,00<\/td><td class=\"has-text-align-center\" data-align=\"center\">08<\/td><\/tr><tr><td class=\"has-text-align-center\" data-align=\"center\">de 400,01 at\u00e9 450,00<\/td><td class=\"has-text-align-center\" data-align=\"center\">09<\/td><\/tr><tr><td class=\"has-text-align-center\" data-align=\"center\">acima de 450,01<\/td><td class=\"has-text-align-center\" data-align=\"center\">10<\/td><\/tr><\/tbody><\/table><\/figure>\n\n\n\n<div style=\"height:50px\" aria-hidden=\"true\" class=\"wp-block-spacer\"><\/div>\n\n\n\n<h2 class=\"wp-block-heading\" id=\"descontos\">Descontos<\/h2>\n\n\n\n<p>Conforme art. 1\u00ba do Decreto n\u00ba 35.882, de 16 de dezembro de 2025:<\/p>\n\n\n\n<p>I &#8211; de 5% (cinco por cento) para o Imposto sobre a Propriedade Predial e Territorial Urbana &#8211; IPTU e para Taxa de Coleta de Lixo, para a primeira op\u00e7\u00e3o de pagamento;<\/p>\n\n\n\n<p>II &#8211; de 4% (quatro por cento) para o Imposto sobre a Propriedade Predial e Territorial Urbana &#8211; IPTU e para Taxa de Coleta de Lixo, para a segunda op\u00e7\u00e3o de pagamento;<\/p>\n\n\n\n<p>III &#8211; de 3% (tr\u00eas por cento) para o Imposto sobre a Propriedade Predial e Territorial Urbana &#8211; IPTU e para Taxa de Coleta de Lixo, para a terceira op\u00e7\u00e3o de pagamento;<\/p>\n\n\n\n<p>IV &#8211; de 5% (cinco por cento) para a Contribui\u00e7\u00e3o de Melhoria.<\/p>\n\n\n\n<div style=\"height:50px\" aria-hidden=\"true\" class=\"wp-block-spacer\"><\/div>\n\n\n\n<h2 class=\"wp-block-heading\">Onde pagar<\/h2>\n\n\n\n<p>O pagamento, at\u00e9 o vencimento, poder\u00e1 ser feito:<\/p>\n\n\n\n<p>a. Nos caixas eletr\u00f4nicos onde o contribuinte \u00e9 correntista;<\/p>\n\n\n\n<p>b. Nas casas lot\u00e9ricas (at\u00e9 o valor de R$ 5.000,00) \u2013 pagamento em dinheiro;<\/p>\n\n\n\n<p>c. On-line (<a href=\"https:\/\/jundiai.sp.gov.br\/servicos-online\/segunda-via-da-parcela-do-iptu\/\">https:\/\/jundiai.sp.gov.br\/servicos-online\/segunda-via-da-parcela-do-iptu\/<\/a>) dispon\u00edvel para correntistas dos bancos Bradesco, Ita\u00fa e Santander;<\/p>\n\n\n\n<p>d. Guich\u00ea de caixa \u2013 pagamento em dinheiro \u2013 Banco Cooperativo Sicoob;<\/p>\n\n\n\n<p>e. PIX (QR Code);<\/p>\n\n\n\n<p>f. Institui\u00e7\u00f5es Financeiras Credenciadas para Recebimento de Impostos, Taxas e demais Receitas Municipais:&nbsp;<\/p>\n\n\n\n<figure class=\"wp-block-image size-large\"><img loading=\"lazy\" decoding=\"async\" width=\"1280\" height=\"537\" src=\"https:\/\/jundiai.sp.gov.br\/financas\/wp-content\/uploads\/sites\/12\/2025\/01\/agentes-arrecadadores-1-1280x537.jpg\" alt=\"\" class=\"wp-image-7113\" srcset=\"https:\/\/jundiai.sp.gov.br\/financas\/wp-content\/uploads\/sites\/12\/2025\/01\/agentes-arrecadadores-1-1280x537.jpg 1280w, https:\/\/jundiai.sp.gov.br\/financas\/wp-content\/uploads\/sites\/12\/2025\/01\/agentes-arrecadadores-1-300x126.jpg 300w, https:\/\/jundiai.sp.gov.br\/financas\/wp-content\/uploads\/sites\/12\/2025\/01\/agentes-arrecadadores-1-768x322.jpg 768w, https:\/\/jundiai.sp.gov.br\/financas\/wp-content\/uploads\/sites\/12\/2025\/01\/agentes-arrecadadores-1-1536x644.jpg 1536w, https:\/\/jundiai.sp.gov.br\/financas\/wp-content\/uploads\/sites\/12\/2025\/01\/agentes-arrecadadores-1.jpg 1900w\" sizes=\"auto, (max-width: 1280px) 100vw, 1280px\" \/><\/figure>\n","protected":false},"excerpt":{"rendered":"<p>Tabela de Vencimentos do IPTU Os propriet\u00e1rios ou possuidores de im\u00f3veis localizados neste Munic\u00edpio ser\u00e3o Notificados do Lan\u00e7amento do Imposto Sobre a Propriedade Predial e Territorial Urbana &#8211; IPTU e da Taxa de Coleta de Lixo, relativos ao exerc\u00edcio de 2025, por meio da entrega dos Carn\u00eas, que ser\u00e3o enviados a partir da segunda quinzena [&hellip;]<\/p>\n","protected":false},"author":5,"featured_media":0,"parent":1583,"menu_order":2,"comment_status":"closed","ping_status":"closed","template":"","meta":{"footnotes":""},"class_list":["post-1798","page","type-page","status-publish","hentry"],"_links":{"self":[{"href":"https:\/\/jundiai.sp.gov.br\/financas\/wp-json\/wp\/v2\/pages\/1798","targetHints":{"allow":["GET"]}}],"collection":[{"href":"https:\/\/jundiai.sp.gov.br\/financas\/wp-json\/wp\/v2\/pages"}],"about":[{"href":"https:\/\/jundiai.sp.gov.br\/financas\/wp-json\/wp\/v2\/types\/page"}],"author":[{"embeddable":true,"href":"https:\/\/jundiai.sp.gov.br\/financas\/wp-json\/wp\/v2\/users\/5"}],"replies":[{"embeddable":true,"href":"https:\/\/jundiai.sp.gov.br\/financas\/wp-json\/wp\/v2\/comments?post=1798"}],"version-history":[{"count":101,"href":"https:\/\/jundiai.sp.gov.br\/financas\/wp-json\/wp\/v2\/pages\/1798\/revisions"}],"predecessor-version":[{"id":7301,"href":"https:\/\/jundiai.sp.gov.br\/financas\/wp-json\/wp\/v2\/pages\/1798\/revisions\/7301"}],"up":[{"embeddable":true,"href":"https:\/\/jundiai.sp.gov.br\/financas\/wp-json\/wp\/v2\/pages\/1583"}],"wp:attachment":[{"href":"https:\/\/jundiai.sp.gov.br\/financas\/wp-json\/wp\/v2\/media?parent=1798"}],"curies":[{"name":"wp","href":"https:\/\/api.w.org\/{rel}","templated":true}]}}