{"id":1829,"date":"2015-01-29T14:21:07","date_gmt":"2015-01-29T16:21:07","guid":{"rendered":"https:\/\/jundiai.sp.gov.br\/financas\/?page_id=1829"},"modified":"2019-06-05T14:44:46","modified_gmt":"2019-06-05T17:44:46","slug":"certidoes-disponiveis","status":"publish","type":"page","link":"https:\/\/jundiai.sp.gov.br\/financas\/iptu-e-taxa-de-coleta-de-lixo\/certidoes\/certidoes-disponiveis\/","title":{"rendered":"Certid\u00f5es Dispon\u00edveis"},"content":{"rendered":"<p>&nbsp;<\/p>\n<table class=\"tabela-branca-borda-cinza tabela-iptu-certidoes-disponiveis\">\n<tbody>\n<tr>\n<th>Certid\u00e3o<\/th>\n<th>Descri\u00e7\u00e3o<\/th>\n<th>Uso comum e observa\u00e7\u00f5es<\/th>\n<\/tr>\n<tr>\n<td class=\"tabela-iptu-certidoes-disponiveis-certidao\"><strong>De Contribuinte Imobili\u00e1rio<\/strong><br \/>\n<a href=\"https:\/\/jundiai.sp.gov.br\/servicos-online\/certidao-contribuinte-imobiliario\/\">Imprimir Online<\/a><\/td>\n<td>Esta certid\u00e3o apresenta os dados cadastrais do contribuinte, como endere\u00e7o, \u00e1rea constru\u00edda, \u00e1rea territorial etc. S\u00e3o todas as informa\u00e7\u00f5es que aparecem na capa do <a href=\"https:\/\/jundiai.sp.gov.br\/financas\/iptu\/carne-do-iptu-e-entrega\/\" target=\"_blank\" rel=\"noopener noreferrer\">seu carn\u00ea<\/a>, com exce\u00e7\u00e3o dos nomes dos propriet\u00e1rios e do endere\u00e7o de entrega.<\/td>\n<td><em>Uso Comum: Confirma\u00e7\u00e3o de dados cadastrais, podendo substituir a capa do carn\u00ea em determinadas situa\u00e7\u00f5es.<\/em><\/td>\n<\/tr>\n<tr>\n<td class=\"tabela-iptu-certidoes-disponiveis-certidao\"><strong>De Tributa\u00e7\u00e3o Predial<\/strong><br \/>\n<a href=\"https:\/\/jundiai.sp.gov.br\/servicos-online\/certidao-tributacao-predial\/\">Imprimir Online<\/a><\/td>\n<td>Demonstra a \u00e1rea constru\u00edda do im\u00f3vel, de acordo com informa\u00e7\u00f5es no Cadastro Imobili\u00e1rio, referente a cinco anos (atual e os quatro anteriores).<\/td>\n<td><em>Uso Comum: Requerer a decad\u00eancia de taxa junto ao INSS nos casos que possuam mais de dez anos de pagamento de imposto predial.<\/em><strong>Observa\u00e7\u00e3o:<\/strong> Para a averba\u00e7\u00e3o de constru\u00e7\u00e3o junto ao Cart\u00f3rio de Registro de Im\u00f3veis, utiliza-se a certid\u00e3o emitida pela <a href=\"https:\/\/jundiai.sp.gov.br\/infraestrutura-e-servicos-publicos\/\">Unidade de Gest\u00e3o de Infraestrutura e Servi\u00e7os P\u00fablicos<\/a>.<\/td>\n<\/tr>\n<tr>\n<td class=\"tabela-iptu-certidoes-disponiveis-certidao\"><strong>De Valor Venal<\/strong><br \/>\n<a href=\"https:\/\/jundiai.sp.gov.br\/servicos-online\/certidao-valor-venal\/\">Imprimir Online<\/a><\/td>\n<td>Esta certid\u00e3o demonstra o valor venal do im\u00f3vel, definido pela Planta de Valores, elaborada pelo munic\u00edpio. O Valor Venal \u00e9 base para o c\u00e1lculo do IPTU (<strong><a href=\"https:\/\/jundiai.sp.gov.br\/financas\/iptu-e-taxa-de-coleta-de-lixo\/o-que-e-iptu\/iptu\/\" target=\"_blank\" rel=\"noopener noreferrer\">veja como \u00e9 calculado o IPTU<\/a><\/strong>).<\/td>\n<td><em>Uso Comum: Averba\u00e7\u00e3o da constru\u00e7\u00e3o no Cart\u00f3rio de Im\u00f3veis, comercializa\u00e7\u00e3o do im\u00f3vel, processo de invent\u00e1rio etc. <strong>Observa\u00e7\u00e3o:<\/strong>\u00a0A certid\u00e3o disponibilizada pela internet \u00e9 a partir de 1995. Para os exerc\u00edcios de 1979 \u00e0 1994, a solicita\u00e7\u00e3o deve ser feita presencialmente (<a href=\"https:\/\/jundiai.sp.gov.br\/financas\/iptu-e-taxa-de-coleta-de-lixo\/certidoes\/como-obter-sua-certidao\/\" target=\"_blank\" rel=\"noopener noreferrer\" data-saferedirecturl=\"https:\/\/www.google.com\/url?q=https:\/\/jundiai.sp.gov.br\/financas\/iptu-e-taxa-de-coleta-de-lixo\/certidoes\/como-obter-sua-certidao\/&amp;source=gmail&amp;ust=1559838514488000&amp;usg=AFQjCNHs3ZPYFwEBHbT__fxiMbHu8JZxLw\">Clique aqui para saber como<\/a>)<\/em><\/td>\n<\/tr>\n<tr>\n<td class=\"tabela-iptu-certidoes-disponiveis-certidao\"><strong>Negativa de Tributos Imobili\u00e1rios<\/strong><br \/>\n<a href=\"https:\/\/jundiai.sp.gov.br\/servicos-online\/certidao-negativa-de-debitos-de-tributos-imobiliarios\/\">Imprimir Online<\/a><\/td>\n<td>Esta certid\u00e3o informa se existem ou n\u00e3o d\u00e9bitos de IPTU e de Taxa de Coleta de Lixo vencidos para determinado im\u00f3vel.<\/td>\n<td><em>Uso Comum: Comercializa\u00e7\u00e3o de im\u00f3vel, participa\u00e7\u00e3o em licita\u00e7\u00e3o, processos judiciais diversos etc.<\/em><\/td>\n<\/tr>\n<tr>\n<td class=\"tabela-iptu-certidoes-disponiveis-certidao\"><strong>De N\u00famero de Contribuinte<\/strong><br \/>\n<strong><a href=\"https:\/\/jundiai.sp.gov.br\/financas\/iptu-e-taxa-de-coleta-de-lixo\/certidoes\/como-obter-sua-certidao\/\/\" target=\"_blank\" rel=\"noopener noreferrer\">Veja como obter essa Certid\u00e3o<\/a><\/strong><\/td>\n<td>Esta certid\u00e3o apresenta o n\u00famero de contribuinte registrado na Prefeitura referente a determinado im\u00f3vel. Este n\u00famero identifica e individualiza determinado im\u00f3vel no Cadastro Imobili\u00e1rio (<a href=\"https:\/\/jundiai.sp.gov.br\/financas\/iptu\/carne-do-iptu-e-entrega\/\">veja onde fica o n\u00famero de contribuinte no carn\u00ea<\/a>).<\/td>\n<td><em>Uso Comum: Para averba\u00e7\u00e3o no Cart\u00f3rio de Registro de Im\u00f3veis, quando h\u00e1 altera\u00e7\u00e3o no referido n\u00famero ou a necessidade de incluir<\/em><\/td>\n<\/tr>\n<tr>\n<td class=\"tabela-iptu-certidoes-disponiveis-certidao\"><strong>Nominal Imobili\u00e1ria<\/strong><br \/>\n<strong><a href=\"https:\/\/jundiai.sp.gov.br\/financas\/iptu-e-taxa-de-coleta-de-lixo\/certidoes\/como-obter-sua-certidao\/\" target=\"_blank\" rel=\"noopener noreferrer\">Veja como obter essa Certid\u00e3o<\/a><\/strong><\/td>\n<td>Esta certid\u00e3o demonstra se h\u00e1 im\u00f3veis cadastrados em nome de um contribuinte, discriminando-os por n\u00famero de contribuinte e endere\u00e7o.<\/td>\n<td><em>Uso Comum: Participar de licita\u00e7\u00e3o e processos judiciais diversos etc.<\/em><\/td>\n<\/tr>\n<tr>\n<td class=\"tabela-iptu-certidoes-disponiveis-certidao\"><strong>De Confrontantes<\/strong><\/p>\n<p><strong><a href=\"https:\/\/jundiai.sp.gov.br\/financas\/iptu-e-taxa-de-coleta-de-lixo\/certidoes\/como-obter-sua-certidao\/\" target=\"_blank\" rel=\"noopener noreferrer\">Veja como obter essa Certid\u00e3o<\/a><\/strong><\/td>\n<td>Com base no Cadastro Fiscal Imobili\u00e1rio, esta certid\u00e3o informa quais s\u00e3o os im\u00f3veis (identificados pelo seu n\u00famero de inscri\u00e7\u00e3o) que fazem confronta\u00e7\u00e3o com rela\u00e7\u00e3o a um im\u00f3vel principal pesquisado.<\/td>\n<td><em>Uso Comum: Para averba\u00e7\u00e3o no Cart\u00f3rio de Registro de Im\u00f3veis, para instruir processos judiciais de usucapi\u00e3o e para retifica\u00e7\u00e3o administrativa de \u00e1rea territorial.<\/em><\/td>\n<\/tr>\n<\/tbody>\n<\/table>\n","protected":false},"excerpt":{"rendered":"<p>&nbsp; Certid\u00e3o Descri\u00e7\u00e3o Uso comum e observa\u00e7\u00f5es De Contribuinte Imobili\u00e1rio Imprimir Online Esta certid\u00e3o apresenta os dados cadastrais do contribuinte, como endere\u00e7o, \u00e1rea constru\u00edda, \u00e1rea territorial etc. S\u00e3o todas as informa\u00e7\u00f5es que aparecem na capa do seu carn\u00ea, com exce\u00e7\u00e3o dos nomes dos propriet\u00e1rios e do endere\u00e7o de entrega. Uso Comum: Confirma\u00e7\u00e3o de dados cadastrais, [&hellip;]<\/p>\n","protected":false},"author":5,"featured_media":0,"parent":1401,"menu_order":0,"comment_status":"closed","ping_status":"closed","template":"","meta":{"footnotes":""},"class_list":["post-1829","page","type-page","status-publish","hentry"],"_links":{"self":[{"href":"https:\/\/jundiai.sp.gov.br\/financas\/wp-json\/wp\/v2\/pages\/1829","targetHints":{"allow":["GET"]}}],"collection":[{"href":"https:\/\/jundiai.sp.gov.br\/financas\/wp-json\/wp\/v2\/pages"}],"about":[{"href":"https:\/\/jundiai.sp.gov.br\/financas\/wp-json\/wp\/v2\/types\/page"}],"author":[{"embeddable":true,"href":"https:\/\/jundiai.sp.gov.br\/financas\/wp-json\/wp\/v2\/users\/5"}],"replies":[{"embeddable":true,"href":"https:\/\/jundiai.sp.gov.br\/financas\/wp-json\/wp\/v2\/comments?post=1829"}],"version-history":[{"count":39,"href":"https:\/\/jundiai.sp.gov.br\/financas\/wp-json\/wp\/v2\/pages\/1829\/revisions"}],"predecessor-version":[{"id":4039,"href":"https:\/\/jundiai.sp.gov.br\/financas\/wp-json\/wp\/v2\/pages\/1829\/revisions\/4039"}],"up":[{"embeddable":true,"href":"https:\/\/jundiai.sp.gov.br\/financas\/wp-json\/wp\/v2\/pages\/1401"}],"wp:attachment":[{"href":"https:\/\/jundiai.sp.gov.br\/financas\/wp-json\/wp\/v2\/media?parent=1829"}],"curies":[{"name":"wp","href":"https:\/\/api.w.org\/{rel}","templated":true}]}}