{"id":1835,"date":"2015-01-29T14:23:47","date_gmt":"2015-01-29T16:23:47","guid":{"rendered":"https:\/\/jundiai.sp.gov.br\/financas\/?page_id=1835"},"modified":"2025-06-12T14:10:50","modified_gmt":"2025-06-12T17:10:50","slug":"como-obter-sua-certidao","status":"publish","type":"page","link":"https:\/\/jundiai.sp.gov.br\/financas\/iptu-e-taxa-de-coleta-de-lixo\/certidoes\/como-obter-sua-certidao\/","title":{"rendered":"Como obter sua certid\u00e3o"},"content":{"rendered":"\n<p>A Prefeitura disponibiliza algumas certid\u00f5es via internet, conforme rela\u00e7\u00e3o abaixo (clique na certid\u00e3o desejada para obt\u00ea-la):<\/p>\n\n\n\n<ul class=\"wp-block-list\">\n<li><a href=\"https:\/\/jundiai.sp.gov.br\/servicos-online\/certidao-valor-venal\/\">Certid\u00e3o de Valor Venal<\/a><\/li>\n\n\n\n<li><a href=\"https:\/\/jundiai.sp.gov.br\/servicos-online\/certidao-tributacao-predial\/\">Certid\u00e3o de Tributa\u00e7\u00e3o Predial<\/a><\/li>\n\n\n\n<li><a href=\"https:\/\/jundiai.sp.gov.br\/servicos-online\/certidao-contribuinte-imobiliario\/\">Certid\u00e3o de Contribuinte Imobili\u00e1rio<\/a><\/li>\n\n\n\n<li><a href=\"https:\/\/jundiai.sp.gov.br\/servicos-online\/certidao-negativa-de-debitos-de-tributos-imobiliarios\/\">Certid\u00e3o Negativa de Tributos Imobili\u00e1rios<\/a><\/li>\n<\/ul>\n\n\n\n<p><em><strong>D\u00ea prefer\u00eancia \u00e0s certid\u00f5es online. Elas s\u00e3o GRATUITAS, pr\u00e1ticas e t\u00e3o seguras quanto \u00e0s obtidas presencialmente.<\/strong><\/em><\/p>\n\n\n\n<p>Mas apesar da facilidade de obter algumas certid\u00f5es online, qualquer uma delas pode ser <span style=\"text-decoration: underline;\">solicitada presencialmente,<\/span> conforme segue abaixo.<\/p>\n\n\n\n<h2 class=\"wp-block-heading\">Solicita\u00e7\u00e3o Presencial<\/h2>\n\n\n\n<p>Com exce\u00e7\u00e3o das certid\u00f5es enumeradas acima <em>(emitidas preferencialmente pela internet)<\/em>, devem ser solicitadas <span style=\"text-decoration: underline;\">obrigatoriamente de forma presencial<\/span> as seguintes certid\u00f5es: <strong>Certid\u00e3o de N\u00famero de Contribuinte, Certid\u00e3o Nominal Imobili\u00e1ria e Certid\u00e3o de Confrontante<\/strong>.<\/p>\n\n\n\n<p>A <span style=\"text-decoration: underline;\">solicita\u00e7\u00e3o deve ser feita<\/span> no <a href=\"http:\/\/guia.poupatempo.sp.gov.br\/_postos.aspx?Page=&amp;PostID=34&amp;PostTipo=F&amp;PostNomeReduzido=Poupatempo%20Jundia%C3%AD&amp;QtdComunica=1\" target=\"_blank\" rel=\"noopener noreferrer\"><strong>Poupatempo<\/strong><\/a> <a href=\"https:\/\/jundiai.sp.gov.br\/financas\/iptu-e-taxa-de-coleta-de-lixo\/contato\/\"><strong>(veja o endere\u00e7o e o hor\u00e1rio de atendimento)<\/strong><\/a>, com a apresenta\u00e7\u00e3o dos <strong>seguintes documentos<\/strong>:<\/p>\n\n\n\n<p>1. Formul\u00e1rio devidamente preenchido, conforme abaixo:<\/p>\n\n\n\n<ul class=\"wp-block-list\">\n<li>Para Certid\u00e3o Negativa de D\u00e9bitos Imobili\u00e1rios (<strong><a href=\"https:\/\/jundiai.sp.gov.br\/financas\/wp-content\/uploads\/sites\/12\/2014\/09\/Solicita%C3%A7%C3%A3o-de-Certid%C3%A3o.pdf\" target=\"_blank\" rel=\"noopener noreferrer\">Clique\u00a0aqui<\/a><\/strong>);<\/li>\n\n\n\n<li>Para Certid\u00f5es de Confrontantes (<strong><a href=\"https:\/\/jundiai.sp.gov.br\/financas\/wp-content\/uploads\/sites\/12\/2025\/06\/form-sol-cert-confrontantes-1-1.pdf\">Clique aqui<\/a><\/strong>);<\/li>\n\n\n\n<li>Para Demais Certid\u00f5es (<a href=\"https:\/\/jundiai.sp.gov.br\/financas\/wp-content\/uploads\/sites\/12\/2020\/03\/form-sol-certidao-5.pdf\" target=\"_blank\" rel=\"noopener noreferrer\"><strong>Clique aqui<\/strong><\/a>).<\/li>\n<\/ul>\n\n\n\n<p>2. C\u00f3pia do CPF e RG (quando pessoa f\u00edsica);<\/p>\n\n\n\n<p>3. C\u00f3pia do Contrato Social ou Estatuto atualizado, com elei\u00e7\u00e3o da atual Diretoria e c\u00f3pia do Cart\u00e3o de CNPJ (quando pessoa jur\u00eddica);<\/p>\n\n\n\n<p>4. C\u00f3pias da Certid\u00e3o de \u00d3bito e Certid\u00e3o de Nascimento ou RG do herdeiro (no caso do propriet\u00e1rio ser falecido); neste caso apresentar documento de nomea\u00e7\u00e3o do inventariante e CPF e RG. No caso de n\u00e3o haver invent\u00e1rio, apresentar c\u00f3pia do RG e CPF;<\/p>\n\n\n\n<p>5. Procura\u00e7\u00e3o (se a solicita\u00e7\u00e3o estiver assinada por terceiros) e CPF e RG do procurador;<\/p>\n\n\n\n<p>6. Taxa de R$ 20,00 por certid\u00e3o. A guia para pagamento \u00e9 emitida no balc\u00e3o de atendimento, para pagamento no banco;<\/p>\n\n\n\n<p>7. C\u00f3pia da&nbsp;<a href=\"https:\/\/jundiai.sp.gov.br\/financas\/matricula\/\">Matr\u00edcula do Registro de Im\u00f3veis atualizada<\/a>&nbsp;(<strong>com no m\u00e1ximo 1 ano de emiss\u00e3o<\/strong>)&nbsp;e\/ou escritura sem registro ou contrato de compromisso de venda e compra &#8211; N\u00e3o necess\u00e1ria para Certid\u00e3o Nominal Imobili\u00e1ria;<\/p>\n\n\n\n<p>8. C\u00f3pia da capa do carn\u00ea de IPTU (onde constam os dados do im\u00f3vel) &#8211; <span style=\"text-decoration: underline;\">N\u00e3o necess\u00e1ria para Certid\u00e3o Nominal Imobili\u00e1ria<\/span>;<\/p>\n\n\n\n<p>9. C\u00f3pia do habite-se (quando a constru\u00e7\u00e3o n\u00e3o for do ano corrente ou n\u00e3o houver imposto predial no carn\u00ea) &#8211; <span style=\"text-decoration: underline;\">Apenas para Certid\u00e3o de Valor Venal;<\/span><\/p>\n\n\n\n<p>10.&nbsp;Levantamento Topogr\u00e1fico, quando houver &#8211; <span style=\"text-decoration: underline;\">Apenas para a Certid\u00e3o de Confrontante.<\/span><\/p>\n","protected":false},"excerpt":{"rendered":"<p>A Prefeitura disponibiliza algumas certid\u00f5es via internet, conforme rela\u00e7\u00e3o abaixo (clique na certid\u00e3o desejada para obt\u00ea-la): D\u00ea prefer\u00eancia \u00e0s certid\u00f5es online. Elas s\u00e3o GRATUITAS, pr\u00e1ticas e t\u00e3o seguras quanto \u00e0s obtidas presencialmente. Mas apesar da facilidade de obter algumas certid\u00f5es online, qualquer uma delas pode ser solicitada presencialmente, conforme segue abaixo. Solicita\u00e7\u00e3o Presencial Com exce\u00e7\u00e3o [&hellip;]<\/p>\n","protected":false},"author":5,"featured_media":0,"parent":1401,"menu_order":1,"comment_status":"closed","ping_status":"closed","template":"","meta":{"footnotes":""},"class_list":["post-1835","page","type-page","status-publish","hentry"],"_links":{"self":[{"href":"https:\/\/jundiai.sp.gov.br\/financas\/wp-json\/wp\/v2\/pages\/1835","targetHints":{"allow":["GET"]}}],"collection":[{"href":"https:\/\/jundiai.sp.gov.br\/financas\/wp-json\/wp\/v2\/pages"}],"about":[{"href":"https:\/\/jundiai.sp.gov.br\/financas\/wp-json\/wp\/v2\/types\/page"}],"author":[{"embeddable":true,"href":"https:\/\/jundiai.sp.gov.br\/financas\/wp-json\/wp\/v2\/users\/5"}],"replies":[{"embeddable":true,"href":"https:\/\/jundiai.sp.gov.br\/financas\/wp-json\/wp\/v2\/comments?post=1835"}],"version-history":[{"count":47,"href":"https:\/\/jundiai.sp.gov.br\/financas\/wp-json\/wp\/v2\/pages\/1835\/revisions"}],"predecessor-version":[{"id":7193,"href":"https:\/\/jundiai.sp.gov.br\/financas\/wp-json\/wp\/v2\/pages\/1835\/revisions\/7193"}],"up":[{"embeddable":true,"href":"https:\/\/jundiai.sp.gov.br\/financas\/wp-json\/wp\/v2\/pages\/1401"}],"wp:attachment":[{"href":"https:\/\/jundiai.sp.gov.br\/financas\/wp-json\/wp\/v2\/media?parent=1835"}],"curies":[{"name":"wp","href":"https:\/\/api.w.org\/{rel}","templated":true}]}}