{"id":1848,"date":"2015-01-29T14:33:38","date_gmt":"2015-01-29T16:33:38","guid":{"rendered":"https:\/\/jundiai.sp.gov.br\/financas\/?page_id=1848"},"modified":"2023-09-20T17:02:47","modified_gmt":"2023-09-20T20:02:47","slug":"aposentados-e-pensionistas","status":"publish","type":"page","link":"https:\/\/jundiai.sp.gov.br\/financas\/iptu-e-taxa-de-coleta-de-lixo\/isencoes\/aposentados-e-pensionistas\/","title":{"rendered":"Aposentados e Pensionistas e Benefici\u00e1rios LOAS"},"content":{"rendered":"<p>Tributo a isentar: <strong>IPTU<\/strong><\/p>\n<p>T\u00eam direito a esse benef\u00edcio os aposentados ou pensionistas, e os benefici\u00e1rios do Amparo Social ao Idoso e do Amparo Social \u00e0 Pessoa Portadora de Defici\u00eancia que atendam \u00e0s seguintes condi\u00e7\u00f5es:<\/p>\n<p style=\"padding-left: 30px;\">\u2022 A casa objeto da isen\u00e7\u00e3o deve ter <strong>at\u00e9 120m\u00b2 de \u00e1rea constru\u00edda<\/strong>;<br \/>\u2022 Receber <strong>at\u00e9 3 sal\u00e1rios m\u00ednimos<\/strong> de aposentadoria ou pens\u00e3o;<br \/>\u2022\u00a0Ser propriet\u00e1rio de um \u00fanico im\u00f3vel e que nele resida.<\/p>\n<div class=\"gmail_default\"><i>(Base legal: art. 133, VIII da Lei Complementar n.\u00ba 610, de 08 de dezembro de 2021))<\/i><\/div>\n<h3>Como solicitar<\/h3>\n<div class=\"gmail_default\"><strong>PREFERENCIALMENTE VIA E-MAIL &#8211;\u00a0<\/strong><a href=\"mailto:atendimentofinancas@jundiai.sp.gov.br\" target=\"_blank\" rel=\"noopener\">atendimentofinancas@jundiai.<wbr \/>sp.gov.br<\/a><\/div>\n<div class=\"gmail_default\">\u00a0<\/div>\n<div class=\"gmail_default\"><strong>PRESENCIALMENTE &#8211; <\/strong>Poupatempo Jundia\u00ed &#8211;\u00a0Avenida Uni\u00e3o dos Ferrovi\u00e1rios, 1760, Centro &#8211; Jundia\u00ed<\/div>\n<div class=\"gmail_default\">Hor\u00e1rio de atendimento: de Segunda a Sexta-feira das 9h \u00e0s 17h e aos s\u00e1bados das 9h \u00e0s 13h<\/div>\n<div class=\"gmail_default\">Os atendimentos s\u00e3o realizados EXCLUSIVAMENTE com hora marcada (<a href=\"https:\/\/www.poupatempo.sp.gov.br\/wps\/portal\/poupatempoTaOn\/servicos\/intermediarias\/municipios\/jundiai\" target=\"_blank\" rel=\"noopener\">fa\u00e7a seu agendamento aqui<\/a>).\u00a0\u00a0<\/div>\n<div>\u00a0<\/div>\n<div class=\"gmail_default\"><strong><span style=\"text-decoration: underline;\">Devem ser apresentados os seguintes documentos<\/span>:<\/strong><\/div>\n<div>\u00a0<\/div>\n<p style=\"padding-left: 30px;\">1<a href=\"https:\/\/jundiai.sp.gov.br\/financas\/wp-content\/uploads\/sites\/12\/2022\/04\/form-sol-isencao-iptu.pdf\">. <strong>Formul\u00e1rio<\/strong><\/a> devidamente preenchido\u00a0<br \/>2. C\u00f3pia do CPF e RG (quando pessoa f\u00edsica);<br \/>3. C\u00f3pia da Certid\u00e3o de \u00d3bito e Certid\u00e3o de Nascimento ou RG do herdeiro (no caso do propriet\u00e1rio ser falecido); neste caso apresentar documento de nomea\u00e7\u00e3o do inventariante e CPF e RG. No caso de n\u00e3o haver invent\u00e1rio, apresentar c\u00f3pia do RG e CPF;<br \/>4. C\u00f3pia do Carn\u00ea de IPTU;<br \/>5. C\u00f3pia da <a href=\"https:\/\/jundiai.sp.gov.br\/financas\/matricula\/\" target=\"_blank\" rel=\"noopener noreferrer\">Matr\u00edcula do Registro de Im\u00f3veis atualizada<\/a> (com no m\u00e1ximo 1 ano de emiss\u00e3o) ou escritura sem registro ou contrato de compromisso de venda e compra;<br \/>6. Procura\u00e7\u00e3o (se a solicita\u00e7\u00e3o estiver assinada por terceiros) e CPF e RG do procurador;<br \/>7. Se pensionista, c\u00f3pia do atestado de \u00f3bito, invent\u00e1rio, RG, CPF e endere\u00e7o de todos os filhos (mesmo que n\u00e3o residam no im\u00f3vel);<br \/>8. Extrato atual do pagamento do Benef\u00edcio;<br \/>9. Comprovante de resid\u00eancia em nome do interessado (at\u00e9 tr\u00eas meses de emiss\u00e3o)<\/p>\n<p><strong>Observa\u00e7\u00e3o:<\/strong>\u00a0Deve ser solicitado at\u00e9 o \u00faltimo dia \u00fatil do m\u00eas de dezembro de cada exerc\u00edcio, sob pena de perda do benef\u00edcio fiscal no ano seguinte.<\/p>\n<p>(Base legal: Art. 133, VIII da <a href=\"https:\/\/jundiai.sp.gov.br\/financas\/wp-content\/uploads\/sites\/12\/2016\/01\/LC-460-08-at\u00e9-567-2015.pdf\" target=\"_blank\" rel=\"noopener noreferrer\">Lei Complementar n\u00ba 460\/2008<\/a>\u00a0e altera\u00e7\u00f5es)<\/p>\n\n\n<p><\/p>\n","protected":false},"excerpt":{"rendered":"<p>Tributo a isentar: IPTU T\u00eam direito a esse benef\u00edcio os aposentados ou pensionistas, e os benefici\u00e1rios do Amparo Social ao Idoso e do Amparo Social \u00e0 Pessoa Portadora de Defici\u00eancia que atendam \u00e0s seguintes condi\u00e7\u00f5es: \u2022 A casa objeto da isen\u00e7\u00e3o deve ter at\u00e9 120m\u00b2 de \u00e1rea constru\u00edda;\u2022 Receber at\u00e9 3 sal\u00e1rios m\u00ednimos de aposentadoria [&hellip;]<\/p>\n","protected":false},"author":5,"featured_media":0,"parent":1390,"menu_order":0,"comment_status":"closed","ping_status":"closed","template":"","meta":{"footnotes":""},"class_list":["post-1848","page","type-page","status-publish","hentry"],"_links":{"self":[{"href":"https:\/\/jundiai.sp.gov.br\/financas\/wp-json\/wp\/v2\/pages\/1848","targetHints":{"allow":["GET"]}}],"collection":[{"href":"https:\/\/jundiai.sp.gov.br\/financas\/wp-json\/wp\/v2\/pages"}],"about":[{"href":"https:\/\/jundiai.sp.gov.br\/financas\/wp-json\/wp\/v2\/types\/page"}],"author":[{"embeddable":true,"href":"https:\/\/jundiai.sp.gov.br\/financas\/wp-json\/wp\/v2\/users\/5"}],"replies":[{"embeddable":true,"href":"https:\/\/jundiai.sp.gov.br\/financas\/wp-json\/wp\/v2\/comments?post=1848"}],"version-history":[{"count":33,"href":"https:\/\/jundiai.sp.gov.br\/financas\/wp-json\/wp\/v2\/pages\/1848\/revisions"}],"predecessor-version":[{"id":5982,"href":"https:\/\/jundiai.sp.gov.br\/financas\/wp-json\/wp\/v2\/pages\/1848\/revisions\/5982"}],"up":[{"embeddable":true,"href":"https:\/\/jundiai.sp.gov.br\/financas\/wp-json\/wp\/v2\/pages\/1390"}],"wp:attachment":[{"href":"https:\/\/jundiai.sp.gov.br\/financas\/wp-json\/wp\/v2\/media?parent=1848"}],"curies":[{"name":"wp","href":"https:\/\/api.w.org\/{rel}","templated":true}]}}