{"id":1852,"date":"2015-01-29T14:35:43","date_gmt":"2015-01-29T16:35:43","guid":{"rendered":"https:\/\/jundiai.sp.gov.br\/financas\/?page_id=1852"},"modified":"2023-09-20T17:04:06","modified_gmt":"2023-09-20T20:04:06","slug":"diagnosticados-com-hanseniase","status":"publish","type":"page","link":"https:\/\/jundiai.sp.gov.br\/financas\/diagnosticados-com-hanseniase\/","title":{"rendered":"Diagnosticados com Hansen\u00edase"},"content":{"rendered":"<p>Tributo a isentar: <strong>IPTU<\/strong><\/p>\n<p>T\u00eam direito a esse benef\u00edcio a pessoa portadora de hansen\u00edase que atenda \u00e0s seguintes condi\u00e7\u00f5es:<\/p>\n<p style=\"padding-left: 30px;\">\u2022 Ser propriet\u00e1ria de \u00fanico im\u00f3vel no munic\u00edpio;<br \/>\n\u2022 Residir no im\u00f3vel, salvo se estiver internada para tratamento de sa\u00fade.<\/p>\n<p><strong>Como solicitar<\/strong><\/p>\n<p class=\"gmail_default\"><strong>PREFERENCIALMENTE VIA E-MAIL &#8211;\u00a0<\/strong><a href=\"mailto:atendimentofinancas@jundiai.sp.gov.br\" target=\"_blank\" rel=\"noopener\">atendimentofinancas@jundiai.<wbr \/>sp.gov.br<\/a><\/p>\n<p class=\"gmail_default\"><strong>PRESENCIALMENTE &#8211; <\/strong>Poupatempo Jundia\u00ed &#8211; Avenida Uni\u00e3o dos Ferrovi\u00e1rios, 1760, Centro &#8211; Jundia\u00ed. Hor\u00e1rio de atendimento: de Segunda a Sexta-feira das 9h \u00e0s 17h e aos s\u00e1bados das 9h \u00e0s 13h. Os atendimentos s\u00e3o realizados EXCLUSIVAMENTE com hora marcada (<a href=\"https:\/\/www.poupatempo.sp.gov.br\/wps\/portal\/poupatempoTaOn\/servicos\/intermediarias\/municipios\/jundiai\" target=\"_blank\" rel=\"noopener\">fa\u00e7a seu agendamento aqui<\/a>).<\/p>\n<p><strong>Devem ser apresentados os seguintes documentos:<\/strong><\/p>\n<p style=\"padding-left: 30px;\">1. <strong><a href=\"https:\/\/jundiai.sp.gov.br\/financas\/wp-content\/uploads\/sites\/12\/2021\/06\/form-sol-isencao-iptu-2.pdf\">Formul\u00e1rio<\/a><\/strong>\u00a0devidamente preenchido<br \/>\n2. C\u00f3pia do CPF e RG (quando pessoa f\u00edsica);<br \/>\n3. C\u00f3pias da Certid\u00e3o de \u00d3bito e Certid\u00e3o de Nascimento ou RG do herdeiro (no caso do propriet\u00e1rio ser falecido); neste caso apresentar documento de nomea\u00e7\u00e3o do inventariante e CPF e RG. No caso de n\u00e3o haver invent\u00e1rio, apresentar c\u00f3pia do RG e CPF;<br \/>\n4. C\u00f3pia do Carn\u00ea de IPTU;<br \/>\n5. C\u00f3pia da <a href=\"https:\/\/jundiai.sp.gov.br\/financas\/matricula\/\" target=\"_blank\" rel=\"noopener noreferrer\">Matr\u00edcula do Registro de Im\u00f3veis atualizada<\/a> (com no m\u00e1ximo 1 ano de emiss\u00e3o) ou escritura sem registro ou contrato de compromisso de venda e compra;<br \/>\n6. Procura\u00e7\u00e3o (se a solicita\u00e7\u00e3o estiver assinada por terceiros) e CPF e RG do procurador;<br \/>\n7. Comprovante m\u00e9dico;<br \/>\n8. C\u00f3pias do RG e CPF e endere\u00e7o de todos os filhos (mesmo que n\u00e3o residam no im\u00f3vel).<\/p>\n<p><strong>Observa\u00e7\u00e3o<\/strong>: Deve ser solicitado at\u00e9 o \u00faltimo dia \u00fatil do m\u00eas de dezembro de cada exerc\u00edcio, sob pena de perda do benef\u00edcio fiscal no ano seguinte.<\/p>\n<p>(Base legal: Art. 133, II da <a href=\"https:\/\/jundiai.sp.gov.br\/financas\/wp-content\/uploads\/sites\/12\/2016\/01\/LC-460-08-at\u00e9-567-2015.pdf\" target=\"_blank\" rel=\"noopener noreferrer\">Lei Complementar n\u00ba 460\/2008<\/a>)<\/p>\n<h2><\/h2>\n","protected":false},"excerpt":{"rendered":"<p>Tributo a isentar: IPTU T\u00eam direito a esse benef\u00edcio a pessoa portadora de hansen\u00edase que atenda \u00e0s seguintes condi\u00e7\u00f5es: \u2022 Ser propriet\u00e1ria de \u00fanico im\u00f3vel no munic\u00edpio; \u2022 Residir no im\u00f3vel, salvo se estiver internada para tratamento de sa\u00fade. Como solicitar PREFERENCIALMENTE VIA E-MAIL &#8211;\u00a0atendimentofinancas@jundiai.sp.gov.br PRESENCIALMENTE &#8211; Poupatempo Jundia\u00ed &#8211; Avenida Uni\u00e3o dos Ferrovi\u00e1rios, 1760, [&hellip;]<\/p>\n","protected":false},"author":5,"featured_media":0,"parent":0,"menu_order":1,"comment_status":"closed","ping_status":"closed","template":"page-subpaginas.php","meta":{"footnotes":""},"class_list":["post-1852","page","type-page","status-publish","hentry"],"_links":{"self":[{"href":"https:\/\/jundiai.sp.gov.br\/financas\/wp-json\/wp\/v2\/pages\/1852","targetHints":{"allow":["GET"]}}],"collection":[{"href":"https:\/\/jundiai.sp.gov.br\/financas\/wp-json\/wp\/v2\/pages"}],"about":[{"href":"https:\/\/jundiai.sp.gov.br\/financas\/wp-json\/wp\/v2\/types\/page"}],"author":[{"embeddable":true,"href":"https:\/\/jundiai.sp.gov.br\/financas\/wp-json\/wp\/v2\/users\/5"}],"replies":[{"embeddable":true,"href":"https:\/\/jundiai.sp.gov.br\/financas\/wp-json\/wp\/v2\/comments?post=1852"}],"version-history":[{"count":19,"href":"https:\/\/jundiai.sp.gov.br\/financas\/wp-json\/wp\/v2\/pages\/1852\/revisions"}],"predecessor-version":[{"id":5983,"href":"https:\/\/jundiai.sp.gov.br\/financas\/wp-json\/wp\/v2\/pages\/1852\/revisions\/5983"}],"wp:attachment":[{"href":"https:\/\/jundiai.sp.gov.br\/financas\/wp-json\/wp\/v2\/media?parent=1852"}],"curies":[{"name":"wp","href":"https:\/\/api.w.org\/{rel}","templated":true}]}}