{"id":1854,"date":"2015-01-29T14:36:13","date_gmt":"2015-01-29T16:36:13","guid":{"rendered":"https:\/\/jundiai.sp.gov.br\/financas\/?page_id=1854"},"modified":"2023-09-20T17:08:15","modified_gmt":"2023-09-20T20:08:15","slug":"ex-combatentes-ou-viuva","status":"publish","type":"page","link":"https:\/\/jundiai.sp.gov.br\/financas\/ex-combatentes-ou-viuva\/","title":{"rendered":"Ex-Combatentes (ou vi\u00fava)"},"content":{"rendered":"\n<p>Tributo a isentar: <strong>IPTU<\/strong><\/p>\n\n\n\n<p>Contanto que utilize o im\u00f3vel para resid\u00eancia pr\u00f3pria, t\u00eam direito a esse benef\u00edcio:<\/p>\n\n\n\n<p>\u2022 os ex-combatentes da Segunda Guerra Mundial, que tenham participado, efetivamente, em opera\u00e7\u00f5es b\u00e9licas da For\u00e7a Expedicion\u00e1ria Brasileira, da Marinha, da For\u00e7a A\u00e9rea Brasileira, da Marinha Mercante ou da For\u00e7a do Ex\u00e9rcito;<br>\u2022 os ex-combatentes da Revolu\u00e7\u00e3o Constitucionalista de 1932, que comprove essa qualidade, quando usada para resid\u00eancia pr\u00f3pria do contribuinte; da 2\u00aa Guerra Mundial e da Revolu\u00e7\u00e3o de 1932.<\/p>\n\n\n\n<p><strong>Como solicitar<\/strong><\/p>\n\n\n\n<p><strong>PREFERENCIALMENTE VIA E-MAIL &#8211;&nbsp;<\/strong><a rel=\"noreferrer noopener\" href=\"mailto:atendimentofinancas@jundiai.sp.gov.br\" target=\"_blank\">atendimentofinancas@jundiai.sp.gov.br<\/a><\/p>\n\n\n\n<p><strong>PRESENCIALMENTE &#8211; <\/strong>Poupatempo Jundia\u00ed &#8211;&nbsp;Avenida Uni\u00e3o dos Ferrovi\u00e1rios, 1760, Centro &#8211; Jundia\u00ed. Hor\u00e1rio de atendimento: de Segunda a Sexta-feira das 9h \u00e0s 17h e aos s\u00e1bados das 9h \u00e0s 13h.Os atendimentos s\u00e3o realizados EXCLUSIVAMENTE com hora marcada (<a rel=\"noreferrer noopener\" href=\"https:\/\/www.poupatempo.sp.gov.br\/wps\/portal\/poupatempoTaOn\/servicos\/intermediarias\/municipios\/jundiai\" target=\"_blank\">fa\u00e7a seu agendamento aqui<\/a>).&nbsp;<\/p>\n\n\n\n<p><span style=\"text-decoration: underline;\"><strong>Devem ser apresentados os seguintes documentos:<\/strong><\/span><\/p>\n\n\n\n<p>1.<a href=\"https:\/\/jundiai.sp.gov.br\/financas\/wp-content\/uploads\/sites\/12\/2021\/06\/form-sol-isencao-iptu-3.pdf\"><strong> Formul\u00e1rio<\/strong><\/a>&nbsp;devidamente preenchido;<br>2. C\u00f3pia do CPF e RG (quando pessoa f\u00edsica);<br>3. C\u00f3pias da Certid\u00e3o de \u00d3bito e Certid\u00e3o de Nascimento ou RG do herdeiro (no caso do propriet\u00e1rio ser falecido); neste caso apresentar documento de nomea\u00e7\u00e3o do inventariante e CPF e RG. No caso de n\u00e3o haver invent\u00e1rio, apresentar c\u00f3pia do RG e CPF;<br>4. C\u00f3pia do Carn\u00ea de IPTU;<br>5. C\u00f3pia da <a href=\"https:\/\/jundiai.sp.gov.br\/financas\/matricula\/\" target=\"_blank\" rel=\"noopener noreferrer\">Matr\u00edcula do Registro de Im\u00f3veis atualizada<\/a> (com no m\u00e1ximo 1 ano de emiss\u00e3o) ou escritura sem registro ou contrato de compromisso de venda e compra;<br>6. Procura\u00e7\u00e3o (se a solicita\u00e7\u00e3o estiver assinada por terceiros) e CPF e RG do procurador;<br>7. Diploma\/Certificado ou Medalha de campanha;<br>8. C\u00f3pia do RG e CPF e endere\u00e7o de todos os filhos (mesmo que n\u00e3o residam no im\u00f3vel).<\/p>\n\n\n\n<p><strong>Observa\u00e7\u00e3o<\/strong>: Deve ser solicitado at\u00e9 o \u00faltimo dia \u00fatil do m\u00eas de dezembro de cada exerc\u00edcio, sob pena de perda do benef\u00edcio fiscal no ano seguinte.<\/p>\n\n\n\n<p>(Base legal: Art. 133, III e IV da <a href=\"https:\/\/jundiai.sp.gov.br\/financas\/wp-content\/uploads\/sites\/12\/2016\/01\/LC-460-08-at\u00e9-567-2015.pdf\" target=\"_blank\" rel=\"noopener noreferrer\">Lei Complementar n\u00ba 460\/2008<\/a>)<\/p>\n\n\n\n<h2 class=\"wp-block-heading\">&nbsp;<\/h2>\n","protected":false},"excerpt":{"rendered":"<p>Tributo a isentar: IPTU Contanto que utilize o im\u00f3vel para resid\u00eancia pr\u00f3pria, t\u00eam direito a esse benef\u00edcio: \u2022 os ex-combatentes da Segunda Guerra Mundial, que tenham participado, efetivamente, em opera\u00e7\u00f5es b\u00e9licas da For\u00e7a Expedicion\u00e1ria Brasileira, da Marinha, da For\u00e7a A\u00e9rea Brasileira, da Marinha Mercante ou da For\u00e7a do Ex\u00e9rcito;\u2022 os ex-combatentes da Revolu\u00e7\u00e3o Constitucionalista de [&hellip;]<\/p>\n","protected":false},"author":5,"featured_media":0,"parent":0,"menu_order":2,"comment_status":"closed","ping_status":"closed","template":"page-subpaginas.php","meta":{"footnotes":""},"class_list":["post-1854","page","type-page","status-publish","hentry"],"_links":{"self":[{"href":"https:\/\/jundiai.sp.gov.br\/financas\/wp-json\/wp\/v2\/pages\/1854","targetHints":{"allow":["GET"]}}],"collection":[{"href":"https:\/\/jundiai.sp.gov.br\/financas\/wp-json\/wp\/v2\/pages"}],"about":[{"href":"https:\/\/jundiai.sp.gov.br\/financas\/wp-json\/wp\/v2\/types\/page"}],"author":[{"embeddable":true,"href":"https:\/\/jundiai.sp.gov.br\/financas\/wp-json\/wp\/v2\/users\/5"}],"replies":[{"embeddable":true,"href":"https:\/\/jundiai.sp.gov.br\/financas\/wp-json\/wp\/v2\/comments?post=1854"}],"version-history":[{"count":19,"href":"https:\/\/jundiai.sp.gov.br\/financas\/wp-json\/wp\/v2\/pages\/1854\/revisions"}],"predecessor-version":[{"id":5987,"href":"https:\/\/jundiai.sp.gov.br\/financas\/wp-json\/wp\/v2\/pages\/1854\/revisions\/5987"}],"wp:attachment":[{"href":"https:\/\/jundiai.sp.gov.br\/financas\/wp-json\/wp\/v2\/media?parent=1854"}],"curies":[{"name":"wp","href":"https:\/\/api.w.org\/{rel}","templated":true}]}}