{"id":2169,"date":"2015-02-05T10:26:13","date_gmt":"2015-02-05T12:26:13","guid":{"rendered":"https:\/\/jundiai.sp.gov.br\/financas\/?page_id=2169"},"modified":"2024-01-16T11:19:57","modified_gmt":"2024-01-16T14:19:57","slug":"outras-isencoes","status":"publish","type":"page","link":"https:\/\/jundiai.sp.gov.br\/financas\/iptu-e-taxa-de-coleta-de-lixo\/isencoes\/outras-isencoes\/","title":{"rendered":"Outras Isen\u00e7\u00f5es"},"content":{"rendered":"\n<p><a href=\"https:\/\/jundiai.sp.gov.br\/financas\/diagnosticados-com-hanseniase\" target=\"_blank\" rel=\"noopener noreferrer\"><strong>Diagnosticados com Hansen\u00edase<\/strong><\/a><br> <a href=\"https:\/\/jundiai.sp.gov.br\/financas\/entidades-especificas\/\" target=\"_blank\" rel=\"noopener noreferrer\"><strong>Entidades Espec\u00edficas<\/strong><\/a><br> <a href=\"https:\/\/jundiai.sp.gov.br\/financas\/ex-combatentes-ou-viuva\/\" target=\"_blank\" rel=\"noopener noreferrer\"><strong>Ex-Combatentes (ou vi\u00fava)<\/strong><\/a><br> <strong><a href=\"https:\/\/jundiai.sp.gov.br\/financas\/imoveis-tombados\/\" target=\"_blank\" rel=\"noopener noreferrer\">Im\u00f3veis Tombados<\/a><br> <\/strong><a href=\"https:\/\/jundiai.sp.gov.br\/financas\/iptu-e-taxa-de-coleta-de-lixo\/o-que-e-iptu\/taxa-de-coleta-de-lixo\/\" target=\"_blank\" rel=\"noopener noreferrer\"><strong>Taxa de coleta de lixo<\/strong><\/a><\/p>\n","protected":false},"excerpt":{"rendered":"<p>Diagnosticados com Hansen\u00edase Entidades Espec\u00edficas Ex-Combatentes (ou vi\u00fava) Im\u00f3veis Tombados Taxa de coleta de lixo<\/p>\n","protected":false},"author":14,"featured_media":0,"parent":1390,"menu_order":3,"comment_status":"closed","ping_status":"closed","template":"page-subpaginas.php","meta":{"footnotes":""},"class_list":["post-2169","page","type-page","status-publish","hentry"],"_links":{"self":[{"href":"https:\/\/jundiai.sp.gov.br\/financas\/wp-json\/wp\/v2\/pages\/2169","targetHints":{"allow":["GET"]}}],"collection":[{"href":"https:\/\/jundiai.sp.gov.br\/financas\/wp-json\/wp\/v2\/pages"}],"about":[{"href":"https:\/\/jundiai.sp.gov.br\/financas\/wp-json\/wp\/v2\/types\/page"}],"author":[{"embeddable":true,"href":"https:\/\/jundiai.sp.gov.br\/financas\/wp-json\/wp\/v2\/users\/14"}],"replies":[{"embeddable":true,"href":"https:\/\/jundiai.sp.gov.br\/financas\/wp-json\/wp\/v2\/comments?post=2169"}],"version-history":[{"count":17,"href":"https:\/\/jundiai.sp.gov.br\/financas\/wp-json\/wp\/v2\/pages\/2169\/revisions"}],"predecessor-version":[{"id":6159,"href":"https:\/\/jundiai.sp.gov.br\/financas\/wp-json\/wp\/v2\/pages\/2169\/revisions\/6159"}],"up":[{"embeddable":true,"href":"https:\/\/jundiai.sp.gov.br\/financas\/wp-json\/wp\/v2\/pages\/1390"}],"wp:attachment":[{"href":"https:\/\/jundiai.sp.gov.br\/financas\/wp-json\/wp\/v2\/media?parent=2169"}],"curies":[{"name":"wp","href":"https:\/\/api.w.org\/{rel}","templated":true}]}}