{"id":220,"date":"2014-09-12T14:42:54","date_gmt":"2014-09-12T17:42:54","guid":{"rendered":"https:\/\/jundiai.sp.gov.br\/financas\/?page_id=220"},"modified":"2014-09-30T09:34:26","modified_gmt":"2014-09-30T12:34:26","slug":"gabinete-do-secretario","status":"publish","type":"page","link":"https:\/\/jundiai.sp.gov.br\/financas\/gabinete-do-secretario\/","title":{"rendered":"Gabinete do Secret\u00e1rio"},"content":{"rendered":"<ul>\n<li>Assessorar o Prefeito na formula\u00e7\u00e3o e implanta\u00e7\u00e3o das pol\u00edticas e normas de administra\u00e7\u00e3o tribut\u00e1ria, or\u00e7ament\u00e1ria e financeira;<\/li>\n<li>Promover estudos das fontes de recursos or\u00e7ament\u00e1rios do Munic\u00edpio e das possibilidades de de ampli\u00e1-las;<\/li>\n<li>Providenciar estudos sobre o comportamento da receita e da despesa e tomar medidas visando a efici\u00eancia do sistema tribut\u00e1rio municipal;<\/li>\n<li>Proporcionar aos diversos \u00f3rg\u00e3os da Prefeitura as orienta\u00e7\u00f5es necess\u00e1rias ao desenvolvimento do processo or\u00e7ament\u00e1rio;<\/li>\n<li>Promover a realiza\u00e7\u00e3o de per\u00edcias cont\u00e1beis que tenham por objetivo salvaguardar os interesses da Fazenda Municipal;<\/li>\n<li>Supervisionar a programa\u00e7\u00e3o do desembolso e o fluxo de caixa da Prefeitura;<\/li>\n<li>Dar parecer aos pedidos de abertura de cr\u00e9ditos adicionais e outros assuntos que se prendam \u00e0 elabora\u00e7\u00e3o, controle e execu\u00e7\u00e3o or\u00e7ament\u00e1ria;<\/li>\n<li>Propor a fixa\u00e7\u00e3o ou altera\u00e7\u00e3o dos limites das zonas de fiscaliza\u00e7\u00e3o tribut\u00e1ria:<\/li>\n<li>Articular, com os \u00f3rg\u00e3os competentes da Prefeitura, a moderniza\u00e7\u00e3o das atividades de registro cartogr\u00e1fico, processamento de dados e atualiza\u00e7\u00e3o dos cadastros fiscais, necess\u00e1rios \u00e0s atividades tribut\u00e1rias;<\/li>\n<li>Promover o pagamnento de juros e amortiza\u00e7\u00f5es dos empr\u00e9stimos contra\u00eddos;<\/li>\n<li>Promover a atualiza\u00e7\u00e3o dos valores venais dos im\u00f3veis para efeito de c\u00e1lculo do Imposto Predial e Territorial Urbano;<\/li>\n<li>Fazer fiscalizar a aplica\u00e7\u00e3o das dota\u00e7\u00f5es or\u00e7ament\u00e1rias;<\/li>\n<li>Executar outras atribui\u00e7\u00f5es afins.<\/li>\n<\/ul>\n","protected":false},"excerpt":{"rendered":"<p>Assessorar o Prefeito na formula\u00e7\u00e3o e implanta\u00e7\u00e3o das pol\u00edticas e normas de administra\u00e7\u00e3o tribut\u00e1ria, or\u00e7ament\u00e1ria e financeira; Promover estudos das fontes de recursos or\u00e7ament\u00e1rios do Munic\u00edpio e das possibilidades de de ampli\u00e1-las; Providenciar estudos sobre o comportamento da receita e da despesa e tomar medidas visando a efici\u00eancia do sistema tribut\u00e1rio municipal; Proporcionar aos diversos [&hellip;]<\/p>\n","protected":false},"author":5,"featured_media":0,"parent":0,"menu_order":0,"comment_status":"closed","ping_status":"closed","template":"","meta":{"footnotes":""},"class_list":["post-220","page","type-page","status-publish","hentry"],"_links":{"self":[{"href":"https:\/\/jundiai.sp.gov.br\/financas\/wp-json\/wp\/v2\/pages\/220","targetHints":{"allow":["GET"]}}],"collection":[{"href":"https:\/\/jundiai.sp.gov.br\/financas\/wp-json\/wp\/v2\/pages"}],"about":[{"href":"https:\/\/jundiai.sp.gov.br\/financas\/wp-json\/wp\/v2\/types\/page"}],"author":[{"embeddable":true,"href":"https:\/\/jundiai.sp.gov.br\/financas\/wp-json\/wp\/v2\/users\/5"}],"replies":[{"embeddable":true,"href":"https:\/\/jundiai.sp.gov.br\/financas\/wp-json\/wp\/v2\/comments?post=220"}],"version-history":[{"count":4,"href":"https:\/\/jundiai.sp.gov.br\/financas\/wp-json\/wp\/v2\/pages\/220\/revisions"}],"predecessor-version":[{"id":1145,"href":"https:\/\/jundiai.sp.gov.br\/financas\/wp-json\/wp\/v2\/pages\/220\/revisions\/1145"}],"wp:attachment":[{"href":"https:\/\/jundiai.sp.gov.br\/financas\/wp-json\/wp\/v2\/media?parent=220"}],"curies":[{"name":"wp","href":"https:\/\/api.w.org\/{rel}","templated":true}]}}