{"id":222,"date":"2014-09-12T14:43:34","date_gmt":"2014-09-12T17:43:34","guid":{"rendered":"https:\/\/jundiai.sp.gov.br\/financas\/?page_id=222"},"modified":"2014-09-30T09:26:40","modified_gmt":"2014-09-30T12:26:40","slug":"apoio-administrativo","status":"publish","type":"page","link":"https:\/\/jundiai.sp.gov.br\/financas\/apoio-administrativo\/","title":{"rendered":"Apoio Administrativo"},"content":{"rendered":"<ul>\n<li><strong>Quanto \u00e0s atividades e aux\u00edlio direto ao Secret\u00e1rio:<\/strong><br \/>\na) Promover a recep\u00e7\u00e3o das pessoas que procurem o Secret\u00e1rio;<br \/>\nb) Preparar o expediente a ser assinado e despachado pelo Secret\u00e1rio;<br \/>\nc) Redigir a correspond\u00eancia oficial do Secret\u00e1rio e promover os servi\u00e7os de datilografia;<br \/>\nd) Acompanhar o notici\u00e1rio de imprensa de interesse da Secretaria;<br \/>\ne) Manter colet\u00e2nea de leis e decretos de interesse da Secretaria;<br \/>\nf) Manter registro das atividades da Secretaria para fornecer os elementos necess\u00e1rios \u00e0 elabora\u00e7\u00e3o de relat\u00f3rios;<\/li>\n<li><strong>Quanto \u00e0s atividades de administra\u00e7\u00e3o de pessoal:<\/strong><br \/>\na) Promover a prepara\u00e7\u00e3o dos expedientes relativos aos servidores lotados na Secretaria, de acordo com as instru\u00e7\u00f5es da Secretaria Mun. de Recursos Humanos;<br \/>\nb) Fazer controlar o ponto dos servidores e envi\u00e1-los \u00e0 Secretaria Municipal de Recursos Humanos;<br \/>\nc) Apoiar a elabora\u00e7\u00e3o da escala anual de f\u00e9rias dos servidores da Secretaria;<\/li>\n<li><strong>Quanto \u00e0s atividades de administra\u00e7\u00e3o de material e bens patrimoniais:<\/strong><br \/>\na) Promover junto \u00e0 Secretaria Municipal de Administra\u00e7\u00e3o a requisi\u00e7\u00e3o e o abastecimento de material para as unidades da Secretaria;<br \/>\nb) Coletar dados que permitam o estabelecimento de previs\u00f5es de consumo;<br \/>\nc) Solicitar os consertos e reparos que se fizerem necess\u00e1rios \u00e0s instala\u00e7\u00f5es e equipamentos da Secretaria;<\/li>\n<li><strong>Quanto \u00e0s atividades relativas a expediente, protocolo e arquivo:<\/strong><br \/>\na) Promover o registro e controle de prazos dos processos em andamento;<br \/>\nb) Promover a remessa \u00e0 Divis\u00e3o de Documenta\u00e7\u00e3o e Arquivo de todos os pap\u00e9is devidamente ultimados, bem como requisitar aqueles que interessam ao \u00f3rg\u00e3o;<\/li>\n<li><strong>Quanto a outras atividades:<\/strong><br \/>\na) Controlar a utiliza\u00e7\u00e3o dos ve\u00edculos de passageiros a servi\u00e7o da Secretaria, segundo as normas baixadas pela Secretaria Mun. de Administra\u00e7\u00e3o;<br \/>\nb) Apoiar as demais unidades da Secretaria no desenvolvimento, em conjunto com a Secretaria Municipal de Ad ministra\u00e7\u00e3o, da racionaliza\u00e7\u00e3o de rotinas e do aperfei\u00e7oamento dos m\u00e9todos de trabalho da Secretaria;<br \/>\nc) Executar atribui\u00e7\u00f5es afins.<\/li>\n<\/ul>\n","protected":false},"excerpt":{"rendered":"<p>Quanto \u00e0s atividades e aux\u00edlio direto ao Secret\u00e1rio: a) Promover a recep\u00e7\u00e3o das pessoas que procurem o Secret\u00e1rio; b) Preparar o expediente a ser assinado e despachado pelo Secret\u00e1rio; c) Redigir a correspond\u00eancia oficial do Secret\u00e1rio e promover os servi\u00e7os de datilografia; d) Acompanhar o notici\u00e1rio de imprensa de interesse da Secretaria; e) Manter colet\u00e2nea [&hellip;]<\/p>\n","protected":false},"author":5,"featured_media":0,"parent":0,"menu_order":0,"comment_status":"closed","ping_status":"closed","template":"","meta":{"footnotes":""},"class_list":["post-222","page","type-page","status-publish","hentry"],"_links":{"self":[{"href":"https:\/\/jundiai.sp.gov.br\/financas\/wp-json\/wp\/v2\/pages\/222","targetHints":{"allow":["GET"]}}],"collection":[{"href":"https:\/\/jundiai.sp.gov.br\/financas\/wp-json\/wp\/v2\/pages"}],"about":[{"href":"https:\/\/jundiai.sp.gov.br\/financas\/wp-json\/wp\/v2\/types\/page"}],"author":[{"embeddable":true,"href":"https:\/\/jundiai.sp.gov.br\/financas\/wp-json\/wp\/v2\/users\/5"}],"replies":[{"embeddable":true,"href":"https:\/\/jundiai.sp.gov.br\/financas\/wp-json\/wp\/v2\/comments?post=222"}],"version-history":[{"count":5,"href":"https:\/\/jundiai.sp.gov.br\/financas\/wp-json\/wp\/v2\/pages\/222\/revisions"}],"predecessor-version":[{"id":1124,"href":"https:\/\/jundiai.sp.gov.br\/financas\/wp-json\/wp\/v2\/pages\/222\/revisions\/1124"}],"wp:attachment":[{"href":"https:\/\/jundiai.sp.gov.br\/financas\/wp-json\/wp\/v2\/media?parent=222"}],"curies":[{"name":"wp","href":"https:\/\/api.w.org\/{rel}","templated":true}]}}