{"id":224,"date":"2014-09-12T14:44:43","date_gmt":"2014-09-12T17:44:43","guid":{"rendered":"https:\/\/jundiai.sp.gov.br\/financas\/?page_id=224"},"modified":"2014-09-30T09:27:02","modified_gmt":"2014-09-30T12:27:02","slug":"assessoria-tecnica","status":"publish","type":"page","link":"https:\/\/jundiai.sp.gov.br\/financas\/assessoria-tecnica\/","title":{"rendered":"Assessoria T\u00e9cnica"},"content":{"rendered":"<ul>\n<li>Proceder ao acompanhamento de reajustes contratuais;<\/li>\n<li>Proceder a an\u00e1lise de pre\u00e7os p\u00fablicos;<\/li>\n<li>Proceder a an\u00e1lise de cl\u00e1usulas de natureza financeira, nos editais de licita\u00e7\u00e3o;<\/li>\n<li>Elaborar c\u00e1lculos de natureza judicial;<\/li>\n<li>Analisar documenta\u00e7\u00e3o relativa \u00e0 qualifica\u00e7\u00e3o econ\u00f4mica-financeira, das proponentes nos procedimentos licitat\u00f3rios;<\/li>\n<li>Prestar assessoria direta ao Secret\u00e1rio de Finan\u00e7as;<\/li>\n<li>Executar outras atividades afins.<\/li>\n<\/ul>\n","protected":false},"excerpt":{"rendered":"<p>Proceder ao acompanhamento de reajustes contratuais; Proceder a an\u00e1lise de pre\u00e7os p\u00fablicos; Proceder a an\u00e1lise de cl\u00e1usulas de natureza financeira, nos editais de licita\u00e7\u00e3o; Elaborar c\u00e1lculos de natureza judicial; Analisar documenta\u00e7\u00e3o relativa \u00e0 qualifica\u00e7\u00e3o econ\u00f4mica-financeira, das proponentes nos procedimentos licitat\u00f3rios; Prestar assessoria direta ao Secret\u00e1rio de Finan\u00e7as; Executar outras atividades afins.<\/p>\n","protected":false},"author":5,"featured_media":0,"parent":0,"menu_order":0,"comment_status":"closed","ping_status":"closed","template":"","meta":{"footnotes":""},"class_list":["post-224","page","type-page","status-publish","hentry"],"_links":{"self":[{"href":"https:\/\/jundiai.sp.gov.br\/financas\/wp-json\/wp\/v2\/pages\/224","targetHints":{"allow":["GET"]}}],"collection":[{"href":"https:\/\/jundiai.sp.gov.br\/financas\/wp-json\/wp\/v2\/pages"}],"about":[{"href":"https:\/\/jundiai.sp.gov.br\/financas\/wp-json\/wp\/v2\/types\/page"}],"author":[{"embeddable":true,"href":"https:\/\/jundiai.sp.gov.br\/financas\/wp-json\/wp\/v2\/users\/5"}],"replies":[{"embeddable":true,"href":"https:\/\/jundiai.sp.gov.br\/financas\/wp-json\/wp\/v2\/comments?post=224"}],"version-history":[{"count":4,"href":"https:\/\/jundiai.sp.gov.br\/financas\/wp-json\/wp\/v2\/pages\/224\/revisions"}],"predecessor-version":[{"id":1125,"href":"https:\/\/jundiai.sp.gov.br\/financas\/wp-json\/wp\/v2\/pages\/224\/revisions\/1125"}],"wp:attachment":[{"href":"https:\/\/jundiai.sp.gov.br\/financas\/wp-json\/wp\/v2\/media?parent=224"}],"curies":[{"name":"wp","href":"https:\/\/api.w.org\/{rel}","templated":true}]}}