{"id":228,"date":"2014-09-12T14:45:47","date_gmt":"2014-09-12T17:45:47","guid":{"rendered":"https:\/\/jundiai.sp.gov.br\/financas\/?page_id=228"},"modified":"2014-09-30T09:30:58","modified_gmt":"2014-09-30T12:30:58","slug":"diretoria-de-receita","status":"publish","type":"page","link":"https:\/\/jundiai.sp.gov.br\/financas\/diretoria-de-receita\/","title":{"rendered":"Diretoria de Receita"},"content":{"rendered":"<p>O Departamento de Receita \u00e9 \u00f3rg\u00e3o da Secretaria Municipal de Finan\u00e7as, que tem por objetivo administrar e dirigir os procedimentos tendentes ao lan\u00e7amento dos tributos que competem ao Munic\u00edpio arrecadar, e ado\u00e7\u00e3o das medidas subsequentes.\u00a0<\/p>\n<h2><strong>Atribui\u00e7\u00f5es<\/strong><\/h2>\n<p>&#8211; Promover estudos e pesquisas visando o aperfei\u00e7oamento do processo de arrecada\u00e7\u00e3o tribut\u00e1ria do Munic\u00edpio;\u00a0<br \/>&#8211; Coordenar a moderniza\u00e7\u00e3o e atualiza\u00e7\u00e3o dos cadastros fiscais;\u00a0<br \/>&#8211; Estudar os aspectos t\u00e9cnicos e gerenciais necess\u00e1rios ao aperfei\u00e7oamento do sistema de tributa\u00e7\u00e3o;\u00a0<br \/>&#8211; Analisar o comportamento da receita tribut\u00e1ria, tomando as medidas compat\u00edveis com os problemas encontrados;\u00a0<br \/>&#8211; Fazer instruir os processos de reclama\u00e7\u00e3o contra lan\u00e7amentos ou penalidades por infra\u00e7\u00e3o \u00e0 legisla\u00e7\u00e3o tribut\u00e1ria e os que forem submetidos \u00e0 sua aprecia\u00e7\u00e3o;\u00a0<br \/>&#8211; Coordenar a busca de informa\u00e7\u00f5es para registro da D\u00edvida Ativa;\u00a0<br \/>&#8211; Executar outras atribui\u00e7\u00f5es afins.\u00a0<\/p>\n","protected":false},"excerpt":{"rendered":"<p>O Departamento de Receita \u00e9 \u00f3rg\u00e3o da Secretaria Municipal de Finan\u00e7as, que tem por objetivo administrar e dirigir os procedimentos tendentes ao lan\u00e7amento dos tributos que competem ao Munic\u00edpio arrecadar, e ado\u00e7\u00e3o das medidas subsequentes.\u00a0 Atribui\u00e7\u00f5es &#8211; Promover estudos e pesquisas visando o aperfei\u00e7oamento do processo de arrecada\u00e7\u00e3o tribut\u00e1ria do Munic\u00edpio;\u00a0&#8211; Coordenar a moderniza\u00e7\u00e3o e [&hellip;]<\/p>\n","protected":false},"author":5,"featured_media":0,"parent":0,"menu_order":0,"comment_status":"closed","ping_status":"closed","template":"page-subpaginas.php","meta":{"footnotes":""},"class_list":["post-228","page","type-page","status-publish","hentry"],"_links":{"self":[{"href":"https:\/\/jundiai.sp.gov.br\/financas\/wp-json\/wp\/v2\/pages\/228","targetHints":{"allow":["GET"]}}],"collection":[{"href":"https:\/\/jundiai.sp.gov.br\/financas\/wp-json\/wp\/v2\/pages"}],"about":[{"href":"https:\/\/jundiai.sp.gov.br\/financas\/wp-json\/wp\/v2\/types\/page"}],"author":[{"embeddable":true,"href":"https:\/\/jundiai.sp.gov.br\/financas\/wp-json\/wp\/v2\/users\/5"}],"replies":[{"embeddable":true,"href":"https:\/\/jundiai.sp.gov.br\/financas\/wp-json\/wp\/v2\/comments?post=228"}],"version-history":[{"count":3,"href":"https:\/\/jundiai.sp.gov.br\/financas\/wp-json\/wp\/v2\/pages\/228\/revisions"}],"predecessor-version":[{"id":1135,"href":"https:\/\/jundiai.sp.gov.br\/financas\/wp-json\/wp\/v2\/pages\/228\/revisions\/1135"}],"wp:attachment":[{"href":"https:\/\/jundiai.sp.gov.br\/financas\/wp-json\/wp\/v2\/media?parent=228"}],"curies":[{"name":"wp","href":"https:\/\/api.w.org\/{rel}","templated":true}]}}