{"id":230,"date":"2014-09-12T14:51:06","date_gmt":"2014-09-12T17:51:06","guid":{"rendered":"https:\/\/jundiai.sp.gov.br\/financas\/?page_id=230"},"modified":"2014-09-30T09:27:38","modified_gmt":"2014-09-30T12:27:38","slug":"departamento-de-administracao-financeira","status":"publish","type":"page","link":"https:\/\/jundiai.sp.gov.br\/financas\/departamento-de-administracao-financeira\/","title":{"rendered":"Departamento de Administra\u00e7\u00e3o Financeira"},"content":{"rendered":"<p>O Departamento de Administra\u00e7\u00e3o Financeira \u00e9 o \u00f3rg\u00e3o da Secretaria Municipal de Finan\u00e7as que tem por objetivo realizar estudos financeiros e atividades relacionadas com a programa\u00e7\u00e3o do desembolso de recursos e realiza\u00e7\u00e3o de pagamentos, bem como registrar e fiscalizar atos de natureza cont\u00e1bil, em conformidade com a legisla\u00e7\u00e3o vigente e promover a arrecada\u00e7\u00e3o das receitas de natureza tribut\u00e1ria e n\u00e3o tribut\u00e1ria.\u00a0<\/p>\n<h2>Atribui\u00e7\u00f5es<\/h2>\n<p>&#8211; Submeter ao Secret\u00e1rio de Finan\u00e7as a programa\u00e7\u00e3o de desembolso, em conson\u00e2ncia com o comportamento da receita e das atividades governamentais;\u00a0<br \/>&#8211; Prover o Secret\u00e1rio com informa\u00e7\u00f5es atualizadas sobre a situa\u00e7\u00e3o financeira da Prefeitura;\u00a0<br \/>&#8211; Contatar as entidades governamentais, bancos e ag\u00eancias financeiras sobre a libera\u00e7\u00e3o e controle dos fundos e recursos transferidos ou devidos ao Munic\u00edpio;\u00a0<br \/>&#8211; Assinar com o Secret\u00e1rio, os balan\u00e7os, balancetes e outros documentos oficiais relativos \u00e0 an\u00e1lise e resultados cont\u00e1beis;\u00a0<br \/>&#8211; Orientar e fiscalizar, em todos os n\u00edveis da Prefeitura os procedimentos de contabilidade de acordo com a lei, as conven\u00e7\u00f5es e normas t\u00e9cnicas;\u00a0<br \/>&#8211; Supervisionar a escritura\u00e7\u00e3o sint\u00e9tica e anal\u00edtica dos lan\u00e7amentos relativos \u00e0s opera\u00e7\u00f5es cont\u00e1beis, visando demonstrar a receita e a despesa;\u00a0<br \/>&#8211; Organizar e apresentar ao Secret\u00e1rio, nos prazos estabelecidos, o balan\u00e7o geral, bem como os balancetes mensais e outros documentos de apura\u00e7\u00e3o cont\u00e1bil;\u00a0<br \/>&#8211; Supervisionar, em colabora\u00e7\u00e3o com a Secretaria Municipal de Administra\u00e7\u00e3o, o registro cont\u00e1bil dos bens patrimoniais da Prefeitura, acompanhando as varia\u00e7\u00f5es e &#8211; propondo as provid\u00eancias que se fizerem necess\u00e1rias;\u00a0<br \/>&#8211; Ger\u00eancia dos fundos especiais;\u00a0<br \/>&#8211; Executar outras atribui\u00e7\u00f5es afins.<\/p>\n","protected":false},"excerpt":{"rendered":"<p>O Departamento de Administra\u00e7\u00e3o Financeira \u00e9 o \u00f3rg\u00e3o da Secretaria Municipal de Finan\u00e7as que tem por objetivo realizar estudos financeiros e atividades relacionadas com a programa\u00e7\u00e3o do desembolso de recursos e realiza\u00e7\u00e3o de pagamentos, bem como registrar e fiscalizar atos de natureza cont\u00e1bil, em conformidade com a legisla\u00e7\u00e3o vigente e promover a arrecada\u00e7\u00e3o das receitas [&hellip;]<\/p>\n","protected":false},"author":5,"featured_media":0,"parent":0,"menu_order":0,"comment_status":"closed","ping_status":"closed","template":"page-subpaginas.php","meta":{"footnotes":""},"class_list":["post-230","page","type-page","status-publish","hentry"],"_links":{"self":[{"href":"https:\/\/jundiai.sp.gov.br\/financas\/wp-json\/wp\/v2\/pages\/230","targetHints":{"allow":["GET"]}}],"collection":[{"href":"https:\/\/jundiai.sp.gov.br\/financas\/wp-json\/wp\/v2\/pages"}],"about":[{"href":"https:\/\/jundiai.sp.gov.br\/financas\/wp-json\/wp\/v2\/types\/page"}],"author":[{"embeddable":true,"href":"https:\/\/jundiai.sp.gov.br\/financas\/wp-json\/wp\/v2\/users\/5"}],"replies":[{"embeddable":true,"href":"https:\/\/jundiai.sp.gov.br\/financas\/wp-json\/wp\/v2\/comments?post=230"}],"version-history":[{"count":4,"href":"https:\/\/jundiai.sp.gov.br\/financas\/wp-json\/wp\/v2\/pages\/230\/revisions"}],"predecessor-version":[{"id":1126,"href":"https:\/\/jundiai.sp.gov.br\/financas\/wp-json\/wp\/v2\/pages\/230\/revisions\/1126"}],"wp:attachment":[{"href":"https:\/\/jundiai.sp.gov.br\/financas\/wp-json\/wp\/v2\/media?parent=230"}],"curies":[{"name":"wp","href":"https:\/\/api.w.org\/{rel}","templated":true}]}}