{"id":2537,"date":"2016-01-04T14:02:35","date_gmt":"2016-01-04T16:02:35","guid":{"rendered":"https:\/\/jundiai.sp.gov.br\/financas\/?page_id=2537"},"modified":"2025-12-23T15:23:01","modified_gmt":"2025-12-23T18:23:01","slug":"atualizacoes-e-vencimentos-para-anos-anteriores","status":"publish","type":"page","link":"https:\/\/jundiai.sp.gov.br\/financas\/comercio-ambulante\/legislacao\/atualizacoes-e-vencimentos-para-anos-anteriores\/","title":{"rendered":"Atualiza\u00e7\u00f5es e vencimentos para anos anteriores"},"content":{"rendered":"\n<p><strong><em>Atualiza\u00e7\u00f5es e vencimentos para o exerc\u00edcio de 202<\/em>5<\/strong><\/p>\n\n\n\n<p><a href=\"https:\/\/jundiai.sp.gov.br\/financas\/wp-content\/uploads\/sites\/12\/2025\/12\/decreto-34715_2024-1.pdf\">Decreto 34.715\/2024<\/a> \u2013 Atualiza\u00e7\u00e3o das tabelas I, VI e VIII, da Planta Gen\u00e9rica de Valores (Lei 3.637\/1990 e\u00a0altera\u00e7\u00f5es);<\/p>\n\n\n\n<p><a href=\"https:\/\/jundiai.sp.gov.br\/financas\/wp-content\/uploads\/sites\/12\/2025\/12\/decreto-34717_2024-1.pdf\">Decreto 34.717\/2024<\/a> \u2013 Taxa de Coleta de Lixo \u2013 Custo de servi\u00e7o p\u00fablico de coleta, datas de vencimento e demais regras;<\/p>\n\n\n\n<p><a href=\"https:\/\/jundiai.sp.gov.br\/financas\/wp-content\/uploads\/sites\/12\/2025\/12\/decreto-34714_2024-1.pdf\">Decreto 34.714\/2024<\/a> \u2013 IPTU e Taxa de Coleta de Lixo \u2013 Descontos e datas de vencimento;<\/p>\n\n\n\n<p><a href=\"https:\/\/jundiai.sp.gov.br\/financas\/wp-content\/uploads\/sites\/12\/2025\/12\/decreto-34713_2024-1.pdf\">Decreto 34.713\/2024<\/a> \u2013 Vencimento de tributos mobili\u00e1rios, relativo ao exerc\u00edcio de 2025;<\/p>\n\n\n\n<p><a href=\"https:\/\/jundiai.sp.gov.br\/financas\/wp-content\/uploads\/sites\/12\/2025\/12\/decreto-34716_2024-1.pdf\">Decreto 34.716\/2024<\/a> \u2013 Atualiza\u00e7\u00e3o monet\u00e1ria (inclusive novo valor UFM).<\/p>\n\n\n\n<p><strong><em>Atualiza\u00e7\u00f5es e vencimentos para o exerc\u00edcio de 2024<\/em><\/strong><\/p>\n\n\n\n<p><a href=\"https:\/\/jundiai.sp.gov.br\/financas\/wp-content\/uploads\/sites\/12\/2024\/01\/decreto-33-625-2023.pdf\" target=\"_blank\" rel=\"noreferrer noopener\">Decreto 33.625\/2023<\/a>&nbsp;\u2013 Vencimento de tributos mobili\u00e1rios, relativo ao exerc\u00edcio de 2024;<\/p>\n\n\n\n<p><a href=\"https:\/\/jundiai.sp.gov.br\/financas\/wp-content\/uploads\/sites\/12\/2024\/01\/decreto-33-626-2023.pdf\" target=\"_blank\" rel=\"noreferrer noopener\">Decreto 33.626\/2023<\/a>&nbsp;\u2013 IPTU e Taxa de Coleta de Lixo \u2013 Descontos e datas de vencimento;<\/p>\n\n\n\n<p><a href=\"https:\/\/jundiai.sp.gov.br\/financas\/wp-content\/uploads\/sites\/12\/2024\/01\/decreto-33-627-2023.pdf\" target=\"_blank\" rel=\"noreferrer noopener\">Decreto 33.627\/2023<\/a>&nbsp;\u2013 Taxa de Coleta de Lixo \u2013 Custo de servi\u00e7o p\u00fablico de coleta, datas de vencimento e demais regras;<\/p>\n\n\n\n<p><a href=\"https:\/\/jundiai.sp.gov.br\/financas\/wp-content\/uploads\/sites\/12\/2024\/01\/decreto-33-628-2023.pdf\" target=\"_blank\" rel=\"noreferrer noopener\">Decreto 33.628\/2023<\/a>&nbsp;\u2013 Atualiza\u00e7\u00e3o das tabelas I, VI e VIII, da Planta Gen\u00e9rica de Valores (Lei 3.637\/1990 e altera\u00e7\u00f5es);<\/p>\n\n\n\n<p><a href=\"https:\/\/jundiai.sp.gov.br\/financas\/wp-content\/uploads\/sites\/12\/2024\/01\/decreto-33-629-2023.pdf\" target=\"_blank\" rel=\"noreferrer noopener\">Decreto 33.629\/2023<\/a>&nbsp;\u2013 Atualiza\u00e7\u00e3o monet\u00e1ria (inclusive novo valor UFM).<\/p>\n\n\n\n<p><strong><em>Atualiza\u00e7\u00f5es e vencimentos para o exerc\u00edcio de 2023<\/em><\/strong><\/p>\n\n\n\n<p><a href=\"https:\/\/jundiai.sp.gov.br\/financas\/wp-content\/uploads\/sites\/12\/2023\/01\/decreto_n__32-310__de_20_de_dezembro_de_2022.pdf\">Decreto 32.310\/2022<\/a> \u2013 Atualiza\u00e7\u00e3o das tabelas I, VI e VIII, da Planta Gen\u00e9rica de Valores (Lei 3.637\/1990 e altera\u00e7\u00f5es);<\/p>\n\n\n\n<p><a href=\"https:\/\/jundiai.sp.gov.br\/financas\/wp-content\/uploads\/sites\/12\/2023\/01\/decreto_n__32-311__de_20_de_dezembro_de_2022.pdf\">Decreto 32.311\/2022<\/a> \u2013 Taxa de Coleta de Lixo \u2013 Custo de servi\u00e7o p\u00fablico de coleta, datas de vencimento e demais regras;<\/p>\n\n\n\n<p><a href=\"https:\/\/jundiai.sp.gov.br\/financas\/wp-content\/uploads\/sites\/12\/2023\/01\/decreto_n__32-312__de_20_de_dezembro_de_2022.pdf\">Decreto 32.312\/2022<\/a> \u2013 IPTU e Taxa de Coleta de Lixo \u2013 Descontos e datas de vencimento;<\/p>\n\n\n\n<p><a href=\"https:\/\/jundiai.sp.gov.br\/financas\/wp-content\/uploads\/sites\/12\/2023\/01\/decreto_n__32-314__de_20_de_dezembro_de_2022.pdf\">Decreto 32.314\/2022<\/a> \u2013 Vencimento de tributos mobili\u00e1rios, relativo ao exerc\u00edcio de 2023;<\/p>\n\n\n\n<p><a href=\"https:\/\/jundiai.sp.gov.br\/financas\/wp-content\/uploads\/sites\/12\/2023\/01\/decreto_n__32-313__de_20_de_dezembro_de_2022.pdf\">Decreto 32.313\/2022<\/a> \u2013 Atualiza\u00e7\u00e3o monet\u00e1ria (inclusive novo valor UFM).<\/p>\n\n\n\n<p> <strong><em>Atualiza\u00e7\u00f5es e vencimentos para o exerc\u00edcio de 20<\/em>21<\/strong><\/p>\n\n\n\n<p><a href=\"https:\/\/jundiai.sp.gov.br\/financas\/wp-content\/uploads\/sites\/12\/2021\/12\/decreto-30-771-de-20-de-dezembro-de-2021-1.pdf\">Decreto 30.771\/2021 \u2013<\/a> Atualiza\u00e7\u00e3o das tabelas I, VI e VIII, da Planta Gen\u00e9rica de Valores (Lei 3.637\/1990 e altera\u00e7\u00f5es);<\/p>\n\n\n\n<p><a href=\"https:\/\/jundiai.sp.gov.br\/financas\/wp-content\/uploads\/sites\/12\/2021\/12\/decreto-30-769-de-20-de-dezembro-de-2021.pdf\">Decreto 30.769\/2021 \u2013<\/a> Taxa de Coleta de Lixo \u2013 Custo de servi\u00e7o p\u00fablico de coleta, datas de vencimento e demais regras;<\/p>\n\n\n\n<p><a href=\"https:\/\/jundiai.sp.gov.br\/financas\/wp-content\/uploads\/sites\/12\/2021\/12\/decreto-30-772-de-20-de-dezembro-de-2021.pdf\">Decreto 30.772\/2021 \u2013<\/a> IPTU e Taxa de Coleta de Lixo \u2013 Descontos e datas de vencimento;<\/p>\n\n\n\n<p><a href=\"https:\/\/jundiai.sp.gov.br\/financas\/wp-content\/uploads\/sites\/12\/2021\/12\/decreto-30-773-de-20-de-dezembro-de-2021.pdf\">Decreto 30.773\/2021 \u2013<\/a> Vencimento de tributos mobili\u00e1rios, relativo ao exerc\u00edcio de 2021;<\/p>\n\n\n\n<p><a href=\"https:\/\/jundiai.sp.gov.br\/financas\/wp-content\/uploads\/sites\/12\/2021\/12\/decreto-30-770-de-20-de-dezembro-de-2021.pdf\">Decreto 30.770\/2021 \u2013<\/a> Atualiza\u00e7\u00e3o monet\u00e1ria (inclusive novo valor UFM).<br><br><a href=\"https:\/\/jundiai.sp.gov.br\/financas\/wp-content\/uploads\/sites\/12\/2021\/06\/decreto-26-585-22-08-2016.pdf\">Decreto 26.585\/2016<\/a> &#8211; Regulamenta a Lei n\u00ba 8.689\/2016 , que trata da&nbsp; Declara\u00e7\u00e3o de Transa\u00e7\u00f5es Imobili\u00e1rias &#8211; DTI<\/p>\n\n\n\n<p><a href=\"https:\/\/jundiai.sp.gov.br\/financas\/wp-content\/uploads\/sites\/12\/2021\/04\/decreto-29857.pdf\">Decreto 29.857\/2021<\/a> &#8211; Altera&nbsp;o Decreto 29.573\/2020, prorrogando os vencimentos da Taxa de Fiscaliza\u00e7\u00e3o da Licen\u00e7a para Localiza\u00e7\u00e3o e Funcionamento em Hor\u00e1rio Normal e Especial &#8211; Tributo 55 e da Taxa de ISS Semestral &#8211; Tributo 35:<\/p>\n\n\n\n<p><a href=\"https:\/\/jundiai.sp.gov.br\/financas\/wp-content\/uploads\/sites\/12\/2021\/03\/decreto-29694.pdf\">Decreto 29.694\/2021<\/a> &#8211; Altera o Decreto 29.573\/2020 em rela\u00e7\u00e3o ao vencimento da 2\u00aa parcela das taxas de ISSQN\/FIXO (semestral) e da Taxa de Fiscaliza\u00e7\u00e3o da Licen\u00e7a para o Exerc\u00edcio da Atividade de Com\u00e9rcio Ambulante<\/p>\n\n\n\n<p><a href=\"https:\/\/jundiai.sp.gov.br\/financas\/wp-content\/uploads\/sites\/12\/2020\/12\/decreto_n__29-570__de_16_de_dezembro_de_2020.pdf\" target=\"_blank\" rel=\"noreferrer noopener\">Decreto 29.570\/2020<\/a> \u2013 Atualiza\u00e7\u00e3o das tabelas I, VI e VIII, da Planta Gen\u00e9rica de Valores (Lei 3.637\/1990 e altera\u00e7\u00f5es);<\/p>\n\n\n\n<p><a href=\"https:\/\/jundiai.sp.gov.br\/financas\/wp-content\/uploads\/sites\/12\/2020\/12\/decreto_n__29-571__de_16_de_dezembro_de_2020.pdf\" target=\"_blank\" rel=\"noreferrer noopener\">Decreto 29.571\/2020<\/a> \u2013 Taxa de Coleta de Lixo \u2013 Custo de servi\u00e7o p\u00fablico de coleta, datas de vencimento e demais regras;<\/p>\n\n\n\n<p><a href=\"https:\/\/jundiai.sp.gov.br\/financas\/wp-content\/uploads\/sites\/12\/2020\/12\/decreto_n__29-572__de_16_de_dezembro_de_2020.pdf\" target=\"_blank\" rel=\"noreferrer noopener\">Decreto 29.572\/2020<\/a> \u2013 IPTU e Taxa de Coleta de Lixo \u2013 Descontos e datas de vencimento;<\/p>\n\n\n\n<p><a href=\"https:\/\/jundiai.sp.gov.br\/financas\/wp-content\/uploads\/sites\/12\/2020\/12\/decreto_n__29-573__de_16_de_dezembro_de_2020.pdf\" target=\"_blank\" rel=\"noreferrer noopener\">Decreto 29.573\/2020<\/a> \u2013 Vencimento de tributos mobili\u00e1rios, relativo ao exerc\u00edcio de 2021;<\/p>\n\n\n\n<p><a href=\"https:\/\/jundiai.sp.gov.br\/financas\/wp-content\/uploads\/sites\/12\/2020\/12\/decreto_n__29-574__de_16_de_dezembro_de_2020.pdf\" target=\"_blank\" rel=\"noreferrer noopener\">Decreto 29.574\/2020<\/a> \u2013 Atualiza\u00e7\u00e3o monet\u00e1ria (inclusive novo valor UFM).<\/p>\n\n\n\n<p><\/p>\n\n\n\n<p><strong><em>Atualiza\u00e7\u00f5es e vencimentos para o exerc\u00edcio de 20<\/em>20<\/strong><\/p>\n\n\n\n<p><a href=\"https:\/\/jundiai.sp.gov.br\/financas\/wp-content\/uploads\/sites\/12\/2020\/01\/decreto-28-700-de-20-12-2019.pdf\">Decreto 28.700\/2019<\/a> \u2013 Atualiza\u00e7\u00e3o das tabelas I, VI e VIII, da Planta Gen\u00e9rica de Valores (Lei 3.637\/1990 e altera\u00e7\u00f5es);<\/p>\n\n\n\n<p><a href=\"https:\/\/jundiai.sp.gov.br\/financas\/wp-content\/uploads\/sites\/12\/2020\/01\/decreto-28-699-de-20-12-2019.pdf\">Decreto 28.699\/2019<\/a> \u2013 Taxa de Coleta de Lixo \u2013 Custo de servi\u00e7o p\u00fablico de coleta, datas de vencimento e demais regras;<\/p>\n\n\n\n<p><a href=\"https:\/\/jundiai.sp.gov.br\/financas\/wp-content\/uploads\/sites\/12\/2020\/01\/decreto-28-698-de-20-12-2019.pdf\">Decreto 28.698\/2019<\/a> \u2013 IPTU e Taxa de Coleta de Lixo \u2013 Descontos e datas de vencimento;<\/p>\n\n\n\n<p><a href=\"https:\/\/jundiai.sp.gov.br\/financas\/wp-content\/uploads\/sites\/12\/2020\/01\/decreto-28-697-de-20-12-2019.pdf\">Decreto 28.697\/2019<\/a> \u2013 Vencimento de tributos mobili\u00e1rios, relativo ao exerc\u00edcio de 2020;<\/p>\n\n\n\n<p><a href=\"https:\/\/jundiai.sp.gov.br\/financas\/wp-content\/uploads\/sites\/12\/2020\/01\/decreto-28-696-de-20-12-2019.pdf\">Decreto 28.696\/2019<\/a> \u2013 Atualiza\u00e7\u00e3o monet\u00e1ria (inclusive novo valor UFM).<\/p>\n\n\n\n<p><strong><em><span style=\"text-decoration: underline\">Atualiza\u00e7\u00f5es e vencimentos para o exerc\u00edcio de 2019<\/span><\/em><\/strong><\/p>\n\n\n\n<p><a href=\"https:\/\/jundiai.sp.gov.br\/financas\/wp-content\/uploads\/sites\/12\/2019\/01\/decreto-27930_2018.pdf\">Decreto n\u00ba 27.930\/2018<\/a> \u2013 Atualiza\u00e7\u00e3o das tabelas I, VI e VIII, da Planta gen\u00e9rica de valores (Lei 3.637\/1990 e altera\u00e7\u00f5es);<\/p>\n\n\n\n<p><a href=\"https:\/\/jundiai.sp.gov.br\/financas\/wp-content\/uploads\/sites\/12\/2019\/01\/decreto-27929_2018.pdf\">Decreto n\u00ba 27.929\/2018<\/a> \u2013 Taxa de Coleta de Lixo \u2013 Custo de servi\u00e7o p\u00fablico de coleta, datas de vencimento e demais regras;<\/p>\n\n\n\n<p><a href=\"https:\/\/jundiai.sp.gov.br\/financas\/wp-content\/uploads\/sites\/12\/2019\/01\/decreto-27928_2018.pdf\">Decreto n\u00ba 27.928\/2018<\/a> \u2013 IPTU e Taxa de Coleta de Lixo \u2013 Descontos e datas de vencimento;<\/p>\n\n\n\n<p><a href=\"https:\/\/jundiai.sp.gov.br\/financas\/wp-content\/uploads\/sites\/12\/2019\/01\/decreto-27927_2018.pdf\">Decreto 27.927\/ 2018<\/a> &#8211; Vencimento de tributos mobili\u00e1rios, relativo ao exerc\u00edcio de 2019;<\/p>\n\n\n\n<p><a href=\"https:\/\/jundiai.sp.gov.br\/financas\/wp-content\/uploads\/sites\/12\/2019\/01\/decreto-27926_2018.pdf\">Decreto n\u00ba 27.926\/2018<\/a> \u2013 Atualiza\u00e7\u00e3o monet\u00e1ria (inclusive novo valor UFM).<\/p>\n\n\n\n<p><strong><em><span style=\"text-decoration: underline\">Atualiza\u00e7\u00f5es e vencimentos para o exerc\u00edcio de 2018<\/span><\/em><\/strong><\/p>\n\n\n\n<p><a href=\"https:\/\/jundiai.sp.gov.br\/financas\/wp-content\/uploads\/sites\/12\/2019\/01\/decreto-27-241-2017.pdf\"><u>Decreto n\u00ba 27.241\/2017<\/u><\/a>&nbsp;&#8211; Atualiza\u00e7\u00e3o das tabelas I, VI e VIII, da Planta gen\u00e9rica de valores (Lei 3.637\/1990 e altera\u00e7\u00f5es);<\/p>\n\n\n\n<p><a href=\"https:\/\/jundiai.sp.gov.br\/financas\/wp-content\/uploads\/sites\/12\/2019\/01\/decreto-27-238-2017.pdf\"><u>Decreto n\u00ba 27.238\/2017<\/u><\/a>&nbsp;&#8211; Atualiza\u00e7\u00e3o monet\u00e1ria (inclusive novo valor UFM)<\/p>\n\n\n\n<p><a href=\"https:\/\/jundiai.sp.gov.br\/financas\/wp-content\/uploads\/sites\/12\/2019\/01\/decreto-27-239-2017.pdf\">Decreto n\u00ba 27.239\/2017<\/a>&nbsp;&#8211; IPTU e Taxa de Coleta de Lixo \u2013 Descontos e datas de vencimento;<\/p>\n\n\n\n<p><a href=\"https:\/\/jundiai.sp.gov.br\/financas\/wp-content\/uploads\/sites\/12\/2019\/01\/decreto-27-240-2017.pdf\">Decreto n\u00ba 27.240\/2017<\/a>&nbsp;&#8211; Taxa de Coleta de Lixo \u2013 Custo de servi\u00e7o p\u00fablico de coleta, datas de vencimento e demais regras;<\/p>\n\n\n\n<p><a href=\"https:\/\/jundiai.sp.gov.br\/financas\/wp-content\/uploads\/sites\/12\/2019\/01\/decreto-27-242-2017.pdf\">Decreto n\u00ba 27.242\/2017<\/a> &#8211; ISS fixo e eletr\u00f4nico e Taxas \u2013 Vencimentos.<\/p>\n\n\n\n<p><strong><em><span style=\"text-decoration: underline\">Atualiza\u00e7\u00f5es e vencimentos para o exerc\u00edcio de 2017<\/span><\/em><\/strong><\/p>\n\n\n\n<p><a href=\"https:\/\/jundiai.sp.gov.br\/financas\/wp-content\/uploads\/sites\/12\/2014\/09\/DECRETO-26.753-2016-atualiza\u00e7\u00e3o-Tabelas-I-VI-e-VIII.pdf\"><u>Decreto n\u00ba 26.753\/2016<\/u><\/a>&nbsp;&#8211; Atualiza\u00e7\u00e3o das tabelas I, VI e VIII, da Planta gen\u00e9rica de valores (Lei 3.637\/1990 e altera\u00e7\u00f5es);<\/p>\n\n\n\n<p><a href=\"https:\/\/jundiai.sp.gov.br\/financas\/wp-content\/uploads\/sites\/12\/2014\/09\/DECRETO-26.752-2016-custo-da-coleta-de-lixo.pdf\"><u>Decreto n\u00ba 26.752\/2016<\/u><\/a>&nbsp;&#8211; Taxa de Coleta de Lixo &#8211; Custo de servi\u00e7o p\u00fablico de coleta, datas de vencimento e demais regras;<\/p>\n\n\n\n<p><a href=\"https:\/\/jundiai.sp.gov.br\/financas\/wp-content\/uploads\/sites\/12\/2014\/09\/DECRETO-26.751-2016-datas-de-vencimento-e-desconto-IPTU-e-TCL.pdf\">Decreto n\u00ba 26.751\/2016<\/a>&nbsp;&#8211; IPTU e Taxa de Coleta de Lixo &#8211; Descontos e datas de vencimento;<\/p>\n\n\n\n<p><a href=\"https:\/\/jundiai.sp.gov.br\/financas\/wp-content\/uploads\/sites\/12\/2014\/09\/DECRETO-26.750-2016-calend\u00e1rio-tributos-mobili\u00e1rios.pdf\">Decreto n\u00ba 26.750\/2016<\/a>&nbsp;&#8211; ISS fixo e eletr\u00f4nico e Taxas &#8211; Vencimentos;<\/p>\n\n\n\n<p><a href=\"https:\/\/jundiai.sp.gov.br\/financas\/wp-content\/uploads\/sites\/12\/2014\/09\/DECRETO-26.749-2016-atualiza\u00e7\u00e3o-monet\u00e1ria.pdf\">Decreto n\u00ba 26.749\/2016<\/a> &#8211; Atualiza\u00e7\u00e3o monet\u00e1ria (inclusive novo valor UFM).<\/p>\n\n\n\n<p><strong><em><span style=\"text-decoration: underline\">Atualiza\u00e7\u00f5es e vencimentos para o exerc\u00edcio de 2016<\/span><\/em><\/strong><\/p>\n\n\n\n<p><a href=\"https:\/\/jundiai.sp.gov.br\/financas\/wp-content\/uploads\/sites\/12\/2016\/01\/Decreto-26218-2015.pdf\">Decreto n\u00ba 26.218\/2015<\/a> &#8211; Atualiza\u00e7\u00e3o das tabelas I, VI e VIII, da Planta gen\u00e9rica de valores (Lei 3.637\/1990 e altera\u00e7\u00f5es);<\/p>\n\n\n\n<p><a href=\"https:\/\/jundiai.sp.gov.br\/financas\/wp-content\/uploads\/sites\/12\/2016\/01\/Decreto-26217-2015.pdf\">Decreto n\u00ba 26.217\/2015<\/a> &#8211; Taxa de Coleta de Lixo &#8211; Custo de servi\u00e7o p\u00fablico de coleta, datas de vencimento e demais regras;<\/p>\n\n\n\n<p><a href=\"https:\/\/jundiai.sp.gov.br\/financas\/wp-content\/uploads\/sites\/12\/2016\/01\/Decreto-26216-2015.pdf\">Decreto n\u00ba 26.216\/2015<\/a> &#8211; IPTU e Taxa de Coleta de Lixo &#8211; Descontos e datas de vencimento;<\/p>\n\n\n\n<p><a href=\"https:\/\/jundiai.sp.gov.br\/financas\/wp-content\/uploads\/sites\/12\/2016\/01\/Decreto-26215-2015.pdf\">Decreto n\u00ba 26.215\/2015<\/a> &#8211; ISS fixo e eletr\u00f4nico e Taxas &#8211; Vencimentos;<\/p>\n\n\n\n<p><a href=\"https:\/\/jundiai.sp.gov.br\/financas\/wp-content\/uploads\/sites\/12\/2016\/01\/Decreto-26214-2015.pdf\">Decreto n\u00ba 26.214\/2015<\/a> &#8211; Atualiza\u00e7\u00e3o monet\u00e1ria (inclusive novo valor UFM);<\/p>\n\n\n\n<p class=\"has-text-align-left\"><em><strong><span style=\"text-decoration: underline\">Atualiza\u00e7\u00f5es e vencimentos para o exerc\u00edcio de 2015<\/span><\/strong><\/em><\/p>\n\n\n\n<p><a href=\"https:\/\/jundiai.sp.gov.br\/financas\/wp-content\/uploads\/sites\/12\/2014\/09\/Decreto-25.472-de-2014.pdf\">Decreto n\u00ba 25.472\/2014<\/a>&nbsp;&#8211; Atualiza\u00e7\u00e3o das tabelas I, VI e VIII, da Planta gen\u00e9rica de valores (Lei 3.637\/1990 e altera\u00e7\u00f5es);<\/p>\n\n\n\n<p><a href=\"https:\/\/jundiai.sp.gov.br\/financas\/wp-content\/uploads\/sites\/12\/2014\/09\/Decreto-25.471-de-2014.pdf\">Decreto n\u00ba 25.471\/2014<\/a> &#8211; Taxa de Coleta de Lixo &#8211; Custo de servi\u00e7o p\u00fablico de coleta, datas de vencimento e demais regras;<\/p>\n\n\n\n<p><a href=\"https:\/\/jundiai.sp.gov.br\/financas\/wp-content\/uploads\/sites\/12\/2014\/09\/Decreto-25.470-de-2014.pdf\">Decreto n\u00ba 25.470\/2014<\/a> &#8211; IPTU e Taxa de Coleta de Lixo &#8211; Descontos e datas de vencimento;<\/p>\n\n\n\n<p><a href=\"https:\/\/jundiai.sp.gov.br\/financas\/wp-content\/uploads\/sites\/12\/2014\/09\/Decreto-25.469-de-2014.pdf\">Decreto n\u00ba 25.469\/2014<\/a> &#8211; ISS fixo e eletr\u00f4nico e Taxas &#8211; Vencimentos;<\/p>\n\n\n\n<p><a href=\"https:\/\/jundiai.sp.gov.br\/financas\/wp-content\/uploads\/sites\/12\/2014\/09\/Decreto-25.468-de-2014.pdf\">Decreto n\u00ba 25.468\/2014<\/a> &#8211; Atualiza\u00e7\u00e3o monet\u00e1ria (inclusive novo valor UFM).<\/p>\n","protected":false},"excerpt":{"rendered":"<p>Atualiza\u00e7\u00f5es e vencimentos para o exerc\u00edcio de 2025 Decreto 34.715\/2024 \u2013 Atualiza\u00e7\u00e3o das tabelas I, VI e VIII, da Planta Gen\u00e9rica de Valores (Lei 3.637\/1990 e\u00a0altera\u00e7\u00f5es); Decreto 34.717\/2024 \u2013 Taxa de Coleta de Lixo \u2013 Custo de servi\u00e7o p\u00fablico de coleta, datas de vencimento e demais regras; Decreto 34.714\/2024 \u2013 IPTU e Taxa de Coleta [&hellip;]<\/p>\n","protected":false},"author":14,"featured_media":0,"parent":86,"menu_order":0,"comment_status":"closed","ping_status":"closed","template":"","meta":{"footnotes":""},"class_list":["post-2537","page","type-page","status-publish","hentry"],"_links":{"self":[{"href":"https:\/\/jundiai.sp.gov.br\/financas\/wp-json\/wp\/v2\/pages\/2537","targetHints":{"allow":["GET"]}}],"collection":[{"href":"https:\/\/jundiai.sp.gov.br\/financas\/wp-json\/wp\/v2\/pages"}],"about":[{"href":"https:\/\/jundiai.sp.gov.br\/financas\/wp-json\/wp\/v2\/types\/page"}],"author":[{"embeddable":true,"href":"https:\/\/jundiai.sp.gov.br\/financas\/wp-json\/wp\/v2\/users\/14"}],"replies":[{"embeddable":true,"href":"https:\/\/jundiai.sp.gov.br\/financas\/wp-json\/wp\/v2\/comments?post=2537"}],"version-history":[{"count":30,"href":"https:\/\/jundiai.sp.gov.br\/financas\/wp-json\/wp\/v2\/pages\/2537\/revisions"}],"predecessor-version":[{"id":7266,"href":"https:\/\/jundiai.sp.gov.br\/financas\/wp-json\/wp\/v2\/pages\/2537\/revisions\/7266"}],"up":[{"embeddable":true,"href":"https:\/\/jundiai.sp.gov.br\/financas\/wp-json\/wp\/v2\/pages\/86"}],"wp:attachment":[{"href":"https:\/\/jundiai.sp.gov.br\/financas\/wp-json\/wp\/v2\/media?parent=2537"}],"curies":[{"name":"wp","href":"https:\/\/api.w.org\/{rel}","templated":true}]}}