{"id":268,"date":"2014-09-12T15:11:46","date_gmt":"2014-09-12T18:11:46","guid":{"rendered":"https:\/\/jundiai.sp.gov.br\/financas\/?page_id=268"},"modified":"2023-01-25T16:03:43","modified_gmt":"2023-01-25T19:03:43","slug":"divisao-de-tributos-imobiliarios","status":"publish","type":"page","link":"https:\/\/jundiai.sp.gov.br\/financas\/diretoria-de-receita\/divisao-de-tributos-imobiliarios\/","title":{"rendered":"Divis\u00e3o de Tributos Imobili\u00e1rios"},"content":{"rendered":"<ul>\n<li>Fazer executar os servi\u00e7os de inscri\u00e7\u00e3o e atualiza\u00e7\u00e3o do cadastro fiscal de terrenos e edifica\u00e7\u00f5es urbanas;<\/li>\n<li>Fazer pesquisar os lan\u00e7amentos quinquenais para fornecimento de certid\u00f5es negativas de d\u00e9bitos fiscais para a Divis\u00e3o de D\u00edvida Ativa;<\/li>\n<li>Coordenar as atividades de lan\u00e7amento de tributos imobili\u00e1rios;<\/li>\n<li>Orientar os c\u00e1lculos de \u00e1reas, valores venais e outros elementos relativos aos im\u00f3veis a serem tributados;<\/li>\n<li>Assinar certid\u00f5es de valores venais e de padr\u00e3o de edifica\u00e7\u00f5es;<\/li>\n<li>Fazer anotar as altera\u00e7\u00f5es nas fichas cadastrais, antes de liberar os requerimentos referentes a cada im\u00f3vel;<\/li>\n<li>Manter permanente articula\u00e7\u00e3o com os servi\u00e7os de processamento de dados;<\/li>\n<li>Coordenar a entrega dos carn\u00eas de lan\u00e7amento \u00e0 Empresa Brasileira de Correios e Tel\u00e9grafos;<\/li>\n<li>Instruir os casos de reclama\u00e7\u00e3o contra lan\u00e7amentos;<\/li>\n<li>Organizar as escalas de trabalho e distribuir o pessoal conforme as necessidades do servi\u00e7o;<\/li>\n<li>Executar outras atribui\u00e7\u00f5es afins.<\/li>\n<\/ul>\n","protected":false},"excerpt":{"rendered":"<p>Fazer executar os servi\u00e7os de inscri\u00e7\u00e3o e atualiza\u00e7\u00e3o do cadastro fiscal de terrenos e edifica\u00e7\u00f5es urbanas; Fazer pesquisar os lan\u00e7amentos quinquenais para fornecimento de certid\u00f5es negativas de d\u00e9bitos fiscais para a Divis\u00e3o de D\u00edvida Ativa; Coordenar as atividades de lan\u00e7amento de tributos imobili\u00e1rios; Orientar os c\u00e1lculos de \u00e1reas, valores venais e outros elementos relativos aos [&hellip;]<\/p>\n","protected":false},"author":5,"featured_media":0,"parent":228,"menu_order":0,"comment_status":"closed","ping_status":"closed","template":"","meta":{"footnotes":""},"class_list":["post-268","page","type-page","status-publish","hentry"],"_links":{"self":[{"href":"https:\/\/jundiai.sp.gov.br\/financas\/wp-json\/wp\/v2\/pages\/268","targetHints":{"allow":["GET"]}}],"collection":[{"href":"https:\/\/jundiai.sp.gov.br\/financas\/wp-json\/wp\/v2\/pages"}],"about":[{"href":"https:\/\/jundiai.sp.gov.br\/financas\/wp-json\/wp\/v2\/types\/page"}],"author":[{"embeddable":true,"href":"https:\/\/jundiai.sp.gov.br\/financas\/wp-json\/wp\/v2\/users\/5"}],"replies":[{"embeddable":true,"href":"https:\/\/jundiai.sp.gov.br\/financas\/wp-json\/wp\/v2\/comments?post=268"}],"version-history":[{"count":4,"href":"https:\/\/jundiai.sp.gov.br\/financas\/wp-json\/wp\/v2\/pages\/268\/revisions"}],"predecessor-version":[{"id":5814,"href":"https:\/\/jundiai.sp.gov.br\/financas\/wp-json\/wp\/v2\/pages\/268\/revisions\/5814"}],"up":[{"embeddable":true,"href":"https:\/\/jundiai.sp.gov.br\/financas\/wp-json\/wp\/v2\/pages\/228"}],"wp:attachment":[{"href":"https:\/\/jundiai.sp.gov.br\/financas\/wp-json\/wp\/v2\/media?parent=268"}],"curies":[{"name":"wp","href":"https:\/\/api.w.org\/{rel}","templated":true}]}}