{"id":272,"date":"2014-09-12T15:13:12","date_gmt":"2014-09-12T18:13:12","guid":{"rendered":"https:\/\/jundiai.sp.gov.br\/financas\/?page_id=272"},"modified":"2014-09-30T09:31:25","modified_gmt":"2014-09-30T12:31:25","slug":"divisao-de-fiscalizacao-de-atividades","status":"publish","type":"page","link":"https:\/\/jundiai.sp.gov.br\/financas\/diretoria-de-receita\/divisao-de-fiscalizacao-de-atividades\/","title":{"rendered":"Divis\u00e3o de Fiscaliza\u00e7\u00e3o de Atividades"},"content":{"rendered":"<ul>\n<li>Coordenar os procedimentos tendentes \u00e0s an\u00e1lises pr\u00e9vias de todos os estabelecimentos comerciais, industriais, institucionais, servi\u00e7os e ambulantes, para realizar a\u00e7\u00e3o preventiva de fiscaliza\u00e7\u00e3o, visando o cadastramento de todas as atividades junto ao Munic\u00edpio;<\/li>\n<li>Promover as vistorias das condi\u00e7\u00f5es de zoneamento urbano, seguran\u00e7a, funcionalidade, salubridade, e outras condi\u00e7\u00f5es de que dependam o licenciamento das atividades permanentes ou provis\u00f3rias no Munic\u00edpio;<\/li>\n<li>Prestar orienta\u00e7\u00e3o t\u00e9cnica aos procedimentos de vistoria e \u00e0 apresenta\u00e7\u00e3o dos respectivos laudos e pareceres;<\/li>\n<li>Fornecer conclus\u00f5es e pareceres \u00e0 Divis\u00e3o de Licenciamento de Atividades, para instruir processos de licenciamentos;<\/li>\n<li>Promover as dilig\u00eancias e vistorias pr\u00e9vias para licenciamento de publicidade, barracas de vendas, bancas de jornais, equipamentos de divers\u00f5es e outros equipamentos provis\u00f3rios;<\/li>\n<li>Organizar as escalas de trabalho e distribuir o pessoal conforme as necessidades de servi\u00e7o;<\/li>\n<li>Executar outras atribui\u00e7\u00f5es afins;<\/li>\n<\/ul>\n","protected":false},"excerpt":{"rendered":"<p>Coordenar os procedimentos tendentes \u00e0s an\u00e1lises pr\u00e9vias de todos os estabelecimentos comerciais, industriais, institucionais, servi\u00e7os e ambulantes, para realizar a\u00e7\u00e3o preventiva de fiscaliza\u00e7\u00e3o, visando o cadastramento de todas as atividades junto ao Munic\u00edpio; Promover as vistorias das condi\u00e7\u00f5es de zoneamento urbano, seguran\u00e7a, funcionalidade, salubridade, e outras condi\u00e7\u00f5es de que dependam o licenciamento das atividades permanentes [&hellip;]<\/p>\n","protected":false},"author":5,"featured_media":0,"parent":228,"menu_order":0,"comment_status":"closed","ping_status":"closed","template":"","meta":{"footnotes":""},"class_list":["post-272","page","type-page","status-publish","hentry"],"_links":{"self":[{"href":"https:\/\/jundiai.sp.gov.br\/financas\/wp-json\/wp\/v2\/pages\/272","targetHints":{"allow":["GET"]}}],"collection":[{"href":"https:\/\/jundiai.sp.gov.br\/financas\/wp-json\/wp\/v2\/pages"}],"about":[{"href":"https:\/\/jundiai.sp.gov.br\/financas\/wp-json\/wp\/v2\/types\/page"}],"author":[{"embeddable":true,"href":"https:\/\/jundiai.sp.gov.br\/financas\/wp-json\/wp\/v2\/users\/5"}],"replies":[{"embeddable":true,"href":"https:\/\/jundiai.sp.gov.br\/financas\/wp-json\/wp\/v2\/comments?post=272"}],"version-history":[{"count":4,"href":"https:\/\/jundiai.sp.gov.br\/financas\/wp-json\/wp\/v2\/pages\/272\/revisions"}],"predecessor-version":[{"id":1137,"href":"https:\/\/jundiai.sp.gov.br\/financas\/wp-json\/wp\/v2\/pages\/272\/revisions\/1137"}],"up":[{"embeddable":true,"href":"https:\/\/jundiai.sp.gov.br\/financas\/wp-json\/wp\/v2\/pages\/228"}],"wp:attachment":[{"href":"https:\/\/jundiai.sp.gov.br\/financas\/wp-json\/wp\/v2\/media?parent=272"}],"curies":[{"name":"wp","href":"https:\/\/api.w.org\/{rel}","templated":true}]}}