{"id":276,"date":"2014-09-12T15:14:13","date_gmt":"2014-09-12T18:14:13","guid":{"rendered":"https:\/\/jundiai.sp.gov.br\/financas\/?page_id=276"},"modified":"2014-09-30T09:31:44","modified_gmt":"2014-09-30T12:31:44","slug":"divisao-de-fiscalizacao-do-comercio","status":"publish","type":"page","link":"https:\/\/jundiai.sp.gov.br\/financas\/diretoria-de-receita\/divisao-de-fiscalizacao-do-comercio\/","title":{"rendered":"Divis\u00e3o de Fiscaliza\u00e7\u00e3o do Com\u00e9rcio"},"content":{"rendered":"<ul>\n<li>Coordenar a an\u00e1lise de dados sobre o comportamento dos estabelecimentos com o fim de dirigir a fiscaliza\u00e7\u00e3o e orientar a\u00e7\u00f5es contra incorre\u00e7\u00e3o;<\/li>\n<li>Orientar a execu\u00e7\u00e3o da atividade descrita, no inciso anterior, avaliando e controlando seus resultados;<\/li>\n<li>Emitir ou revisionar pareceres ou informa\u00e7\u00f5es nos processos de sua compet\u00eancia, submetendo-os, quando for o caso, \u00e0 aprecia\u00e7\u00e3o do Diretor de Receita;<\/li>\n<li>Promover o interc\u00e2mbio com os \u00f3rg\u00e3os de fiscaliza\u00e7\u00e3o sanit\u00e1ria, de fiscaliza\u00e7\u00e3o de atividades, de licenciamento de atividades, de fiscaliza\u00e7\u00e3o tribut\u00e1ria, urbanismo e meio ambiente sobre a regularidade das atividades de com\u00e9rcio, do ambulante e de com\u00e9rcio eventual;<\/li>\n<li>Coordenar o trabalho junto ao Servi\u00e7o de Informa\u00e7\u00f5es prestado ao p\u00fablico pela Prefeitura atrav\u00e9s do Ramal 156;<\/li>\n<li>Promover a fiscaliza\u00e7\u00e3o pertinente ao poder de pol\u00edcia do Munic\u00edpio para fins de localiza\u00e7\u00e3o e renova\u00e7\u00e3o de licen\u00e7a dos estabelecimentos industriais, comerciais, institucionais e de servi\u00e7os;<\/li>\n<li>Promover, em colabora\u00e7\u00e3o com os demais \u00f3rg\u00e3os da Prefeitura, a\u00e7\u00e3o fiscalizadora no sentido de impedir o exerc\u00edcio de atividades sem o licenciamento outorgado pela Prefeitura;<\/li>\n<li>Organizar e manter a fiscaliza\u00e7\u00e3o sobre o com\u00e9rcio eventual ou ambulante;<\/li>\n<li>Montar o cadastro atualizado das atividades descritas no item anterior e promover a fiscaliza\u00e7\u00e3o permanente em rela\u00e7\u00e3o \u00e0s condi\u00e7\u00f5es estabelecidas no alvar\u00e1 e na legisla\u00e7\u00e3o pertinente;<\/li>\n<li>Organizar as escalas de trabalho e distribuir o pessoal conforme as necessidades do servi\u00e7o;<\/li>\n<li>Fazer lavrar notifica\u00e7\u00f5es, intima\u00e7\u00f5es, autos de infra\u00e7\u00e3o e de apreens\u00e3o de mercadorias e apetrechos, em cumprimento \u00e0 legisla\u00e7\u00e3o municipal;<\/li>\n<li>Propor imposi\u00e7\u00e3o de multas, de conformidade com a legisla\u00e7\u00e3o pertinente;<\/li>\n<li>Executar outras atribui\u00e7\u00f5es afins.<\/li>\n<\/ul>\n","protected":false},"excerpt":{"rendered":"<p>Coordenar a an\u00e1lise de dados sobre o comportamento dos estabelecimentos com o fim de dirigir a fiscaliza\u00e7\u00e3o e orientar a\u00e7\u00f5es contra incorre\u00e7\u00e3o; Orientar a execu\u00e7\u00e3o da atividade descrita, no inciso anterior, avaliando e controlando seus resultados; Emitir ou revisionar pareceres ou informa\u00e7\u00f5es nos processos de sua compet\u00eancia, submetendo-os, quando for o caso, \u00e0 aprecia\u00e7\u00e3o do [&hellip;]<\/p>\n","protected":false},"author":5,"featured_media":0,"parent":228,"menu_order":0,"comment_status":"closed","ping_status":"closed","template":"","meta":{"footnotes":""},"class_list":["post-276","page","type-page","status-publish","hentry"],"_links":{"self":[{"href":"https:\/\/jundiai.sp.gov.br\/financas\/wp-json\/wp\/v2\/pages\/276","targetHints":{"allow":["GET"]}}],"collection":[{"href":"https:\/\/jundiai.sp.gov.br\/financas\/wp-json\/wp\/v2\/pages"}],"about":[{"href":"https:\/\/jundiai.sp.gov.br\/financas\/wp-json\/wp\/v2\/types\/page"}],"author":[{"embeddable":true,"href":"https:\/\/jundiai.sp.gov.br\/financas\/wp-json\/wp\/v2\/users\/5"}],"replies":[{"embeddable":true,"href":"https:\/\/jundiai.sp.gov.br\/financas\/wp-json\/wp\/v2\/comments?post=276"}],"version-history":[{"count":4,"href":"https:\/\/jundiai.sp.gov.br\/financas\/wp-json\/wp\/v2\/pages\/276\/revisions"}],"predecessor-version":[{"id":1138,"href":"https:\/\/jundiai.sp.gov.br\/financas\/wp-json\/wp\/v2\/pages\/276\/revisions\/1138"}],"up":[{"embeddable":true,"href":"https:\/\/jundiai.sp.gov.br\/financas\/wp-json\/wp\/v2\/pages\/228"}],"wp:attachment":[{"href":"https:\/\/jundiai.sp.gov.br\/financas\/wp-json\/wp\/v2\/media?parent=276"}],"curies":[{"name":"wp","href":"https:\/\/api.w.org\/{rel}","templated":true}]}}