{"id":2775,"date":"2016-06-08T14:41:01","date_gmt":"2016-06-08T17:41:01","guid":{"rendered":"https:\/\/jundiai.sp.gov.br\/financas\/?page_id=2775"},"modified":"2023-09-20T17:09:32","modified_gmt":"2023-09-20T20:09:32","slug":"imoveis-tombados","status":"publish","type":"page","link":"https:\/\/jundiai.sp.gov.br\/financas\/imoveis-tombados\/","title":{"rendered":"Im\u00f3veis Tombados"},"content":{"rendered":"\n<p>Tributo a isentar:&nbsp;<strong>IPTU<\/strong><\/p>\n\n\n\n<p>Trata-se de benef\u00edcio a im\u00f3veis tombados, nos termos da <strong><a href=\"https:\/\/jundiai.sp.gov.br\/financas\/wp-content\/uploads\/sites\/12\/2016\/06\/LC-443-2007-TOMBADOS-Imprensa-Oficial-de-Jundia\u00ed-Edi\u00e7\u00e3o-3097.pdf\" target=\"_blank\" rel=\"noopener noreferrer\">LC 443\/07<\/a><\/strong>, conforme grau de prote\u00e7\u00e3o definido pelo IPPAC e o tipo de interven\u00e7\u00e3o realizada, a crit\u00e9rio do Conselho Municipal do Patrim\u00f4nio Cultural.<\/p>\n\n\n\n<p><u>As isen\u00e7\u00f5es de IPTU podem ser: <\/u><\/p>\n\n\n\n<ul class=\"wp-block-list\">\n<li>pelo prazo de 10 anos, quando o propriet\u00e1rio realizar <strong><a href=\"https:\/\/jundiai.sp.gov.br\/financas\/tipos-de-obras-em-imoveis-tombados\/\" target=\"_blank\" rel=\"noopener noreferrer\">obras de restaura\u00e7\u00e3o Total do im\u00f3vel<\/a><\/strong>;<\/li>\n\n\n\n<li>pelo prazo de 5 anos, quando o propriet\u00e1rio realizar <strong><a href=\"https:\/\/jundiai.sp.gov.br\/financas\/tipos-de-obras-em-imoveis-tombados\/\" target=\"_blank\" rel=\"noopener noreferrer\">obras de restaura\u00e7\u00e3o Parcial do im\u00f3vel<\/a><\/strong>, compreendendo toda a sua fachada e cobertura;<\/li>\n\n\n\n<li>equivalente a uma redu\u00e7\u00e3o de 25% do valor do IPTU devido aplicado anualmente, sempre que se realizarem <a href=\"https:\/\/jundiai.sp.gov.br\/financas\/tipos-de-obras-em-imoveis-tombados\/\" target=\"_blank\" rel=\"noopener noreferrer\"><strong>obras de conserva\u00e7\u00e3o<\/strong><strong> total do im\u00f3vel<\/strong><\/a>.<\/li>\n<\/ul>\n\n\n\n<p><strong>Como solicitar<\/strong><\/p>\n\n\n\n<p><strong>PREFERENCIALMENTE VIA E-MAIL &#8211;&nbsp;<\/strong><a rel=\"noreferrer noopener\" href=\"mailto:atendimentofinancas@jundiai.sp.gov.br\" target=\"_blank\">atendimentofinancas@jundiai.sp.gov.br<\/a><\/p>\n\n\n\n<p><strong>PRESENCIALMENTE &#8211; <\/strong>Poupatempo Jundia\u00ed &#8211;\u00a0Avenida Uni\u00e3o dos Ferrovi\u00e1rios, 1760, Centro &#8211; Jundia\u00ed. Hor\u00e1rio de atendimento: de Segunda a Sexta-feira das 9h \u00e0s 17h e aos s\u00e1bados das 9h \u00e0s 13h. Os atendimentos s\u00e3o realizados EXCLUSIVAMENTE com hora marcada (<a rel=\"noreferrer noopener\" href=\"https:\/\/www.poupatempo.sp.gov.br\/wps\/portal\/poupatempoTaOn\/servicos\/intermediarias\/municipios\/jundiai\" target=\"_blank\">fa\u00e7a seu agendamento aqui<\/a>).\u00a0<\/p>\n\n\n\n<p><strong><u>Devem ser apresentados os seguintes documentos<\/u>:<\/strong><\/p>\n\n\n\n<ol class=\"wp-block-list\">\n<li><a href=\"https:\/\/jundiai.sp.gov.br\/financas\/wp-content\/uploads\/sites\/12\/2021\/06\/form-sol-isencao-iptu-6.pdf\"><strong>Formul\u00e1rio <\/strong><\/a>devidamente preenchido;<\/li>\n\n\n\n<li>C\u00f3pia do Decreto de Tombamento, nos termos do \u00a7 6\u00ba do art. 15, da <strong><a href=\"https:\/\/jundiai.sp.gov.br\/financas\/wp-content\/uploads\/sites\/12\/2016\/06\/LC-443-2007-TOMBADOS-Imprensa-Oficial-de-Jundia\u00ed-Edi\u00e7\u00e3o-3097.pdf\" target=\"_blank\" rel=\"noopener noreferrer\">LC 443\/07<\/a><\/strong>;<\/li>\n\n\n\n<li>Informa\u00e7\u00e3o sobre a data de conclus\u00e3o e o tipo de obra realizada no im\u00f3vel, nos termos do art. 24, da <strong><a href=\"https:\/\/jundiai.sp.gov.br\/financas\/wp-content\/uploads\/sites\/12\/2016\/06\/LC-443-2007-TOMBADOS-Imprensa-Oficial-de-Jundia\u00ed-Edi\u00e7\u00e3o-3097.pdf\" target=\"_blank\" rel=\"noopener noreferrer\">LC 443\/07<\/a><\/strong>;<\/li>\n\n\n\n<li>C\u00f3pia do CPF e RG (quando pessoa f\u00edsica);<\/li>\n\n\n\n<li>C\u00f3pia da Certid\u00e3o de \u00d3bito e Certid\u00e3o de Nascimento ou RG do herdeiro (no caso do propriet\u00e1rio ser falecido); neste caso apresentar documento de nomea\u00e7\u00e3o do inventariante e CPF e RG. No caso de n\u00e3o haver invent\u00e1rio, apresentar c\u00f3pia do RG e CPF;<\/li>\n\n\n\n<li>C\u00f3pia do Carn\u00ea de IPTU;<\/li>\n\n\n\n<li>C\u00f3pia da&nbsp;<strong><a href=\"https:\/\/jundiai.sp.gov.br\/financas\/matricula\/\">Matr\u00edcula do Registro de Im\u00f3veis atualizada<\/a>&nbsp;<\/strong>(com no m\u00e1ximo 1 ano de emiss\u00e3o) ou escritura sem registro ou contrato de compromisso de venda e compra;<\/li>\n\n\n\n<li>Procura\u00e7\u00e3o (se a solicita\u00e7\u00e3o estiver assinada por terceiros) e CPF e RG do procurador.<\/li>\n<\/ol>\n\n\n\n<p><a href=\"#_ftnref1\" name=\"_ftn1\"><\/a><\/p>\n\n\n\n<p><\/p>\n","protected":false},"excerpt":{"rendered":"<p>Tributo a isentar:&nbsp;IPTU Trata-se de benef\u00edcio a im\u00f3veis tombados, nos termos da LC 443\/07, conforme grau de prote\u00e7\u00e3o definido pelo IPPAC e o tipo de interven\u00e7\u00e3o realizada, a crit\u00e9rio do Conselho Municipal do Patrim\u00f4nio Cultural. As isen\u00e7\u00f5es de IPTU podem ser: Como solicitar PREFERENCIALMENTE VIA E-MAIL &#8211;&nbsp;atendimentofinancas@jundiai.sp.gov.br PRESENCIALMENTE &#8211; Poupatempo Jundia\u00ed &#8211;\u00a0Avenida Uni\u00e3o dos Ferrovi\u00e1rios, [&hellip;]<\/p>\n","protected":false},"author":5,"featured_media":0,"parent":0,"menu_order":0,"comment_status":"closed","ping_status":"closed","template":"","meta":{"footnotes":""},"class_list":["post-2775","page","type-page","status-publish","hentry"],"_links":{"self":[{"href":"https:\/\/jundiai.sp.gov.br\/financas\/wp-json\/wp\/v2\/pages\/2775","targetHints":{"allow":["GET"]}}],"collection":[{"href":"https:\/\/jundiai.sp.gov.br\/financas\/wp-json\/wp\/v2\/pages"}],"about":[{"href":"https:\/\/jundiai.sp.gov.br\/financas\/wp-json\/wp\/v2\/types\/page"}],"author":[{"embeddable":true,"href":"https:\/\/jundiai.sp.gov.br\/financas\/wp-json\/wp\/v2\/users\/5"}],"replies":[{"embeddable":true,"href":"https:\/\/jundiai.sp.gov.br\/financas\/wp-json\/wp\/v2\/comments?post=2775"}],"version-history":[{"count":23,"href":"https:\/\/jundiai.sp.gov.br\/financas\/wp-json\/wp\/v2\/pages\/2775\/revisions"}],"predecessor-version":[{"id":5989,"href":"https:\/\/jundiai.sp.gov.br\/financas\/wp-json\/wp\/v2\/pages\/2775\/revisions\/5989"}],"wp:attachment":[{"href":"https:\/\/jundiai.sp.gov.br\/financas\/wp-json\/wp\/v2\/media?parent=2775"}],"curies":[{"name":"wp","href":"https:\/\/api.w.org\/{rel}","templated":true}]}}