{"id":278,"date":"2014-09-12T15:14:52","date_gmt":"2014-09-12T18:14:52","guid":{"rendered":"https:\/\/jundiai.sp.gov.br\/financas\/?page_id=278"},"modified":"2014-09-30T09:32:33","modified_gmt":"2014-09-30T12:32:33","slug":"setor-de-fiscalizacao-do-comercio","status":"publish","type":"page","link":"https:\/\/jundiai.sp.gov.br\/financas\/diretoria-de-receita\/setor-de-fiscalizacao-do-comercio\/","title":{"rendered":"Setor de Fiscaliza\u00e7\u00e3o do Com\u00e9rcio"},"content":{"rendered":"<ul>\n<li>Compor as equipes e coorden\u00e1-las de acordo com os planos que prevejam a\u00e7\u00f5es rotineiras e especiais;<\/li>\n<li>Fazer organizar, com base nas informa\u00e7\u00f5es obtidas, estat\u00edsticas mensais;<\/li>\n<li>Fazer lavrar notifica\u00e7\u00f5es, autos de infra\u00e7\u00e3o, bem como providenciar a aplica\u00e7\u00e3o de multas regulamentares em cumprimento a legisla\u00e7\u00e3o municipal;<\/li>\n<li>Manter os mapas de recadastramento atualizados;<\/li>\n<li>Executar outras atividades afins.<\/li>\n<\/ul>\n","protected":false},"excerpt":{"rendered":"<p>Compor as equipes e coorden\u00e1-las de acordo com os planos que prevejam a\u00e7\u00f5es rotineiras e especiais; Fazer organizar, com base nas informa\u00e7\u00f5es obtidas, estat\u00edsticas mensais; Fazer lavrar notifica\u00e7\u00f5es, autos de infra\u00e7\u00e3o, bem como providenciar a aplica\u00e7\u00e3o de multas regulamentares em cumprimento a legisla\u00e7\u00e3o municipal; Manter os mapas de recadastramento atualizados; Executar outras atividades afins.<\/p>\n","protected":false},"author":5,"featured_media":0,"parent":228,"menu_order":0,"comment_status":"closed","ping_status":"closed","template":"","meta":{"footnotes":""},"class_list":["post-278","page","type-page","status-publish","hentry"],"_links":{"self":[{"href":"https:\/\/jundiai.sp.gov.br\/financas\/wp-json\/wp\/v2\/pages\/278","targetHints":{"allow":["GET"]}}],"collection":[{"href":"https:\/\/jundiai.sp.gov.br\/financas\/wp-json\/wp\/v2\/pages"}],"about":[{"href":"https:\/\/jundiai.sp.gov.br\/financas\/wp-json\/wp\/v2\/types\/page"}],"author":[{"embeddable":true,"href":"https:\/\/jundiai.sp.gov.br\/financas\/wp-json\/wp\/v2\/users\/5"}],"replies":[{"embeddable":true,"href":"https:\/\/jundiai.sp.gov.br\/financas\/wp-json\/wp\/v2\/comments?post=278"}],"version-history":[{"count":4,"href":"https:\/\/jundiai.sp.gov.br\/financas\/wp-json\/wp\/v2\/pages\/278\/revisions"}],"predecessor-version":[{"id":1141,"href":"https:\/\/jundiai.sp.gov.br\/financas\/wp-json\/wp\/v2\/pages\/278\/revisions\/1141"}],"up":[{"embeddable":true,"href":"https:\/\/jundiai.sp.gov.br\/financas\/wp-json\/wp\/v2\/pages\/228"}],"wp:attachment":[{"href":"https:\/\/jundiai.sp.gov.br\/financas\/wp-json\/wp\/v2\/media?parent=278"}],"curies":[{"name":"wp","href":"https:\/\/api.w.org\/{rel}","templated":true}]}}