{"id":2794,"date":"2016-06-08T15:01:22","date_gmt":"2016-06-08T18:01:22","guid":{"rendered":"https:\/\/jundiai.sp.gov.br\/financas\/?page_id=2794"},"modified":"2016-06-08T15:03:02","modified_gmt":"2016-06-08T18:03:02","slug":"tipos-de-obras-em-imoveis-tombados","status":"publish","type":"page","link":"https:\/\/jundiai.sp.gov.br\/financas\/tipos-de-obras-em-imoveis-tombados\/","title":{"rendered":"Tipos de Obras em im\u00f3veis tombados"},"content":{"rendered":"<ol>\n<li>\n<h3><strong>Obras de restaura\u00e7\u00e3o Total do im\u00f3vel <\/strong>(isen\u00e7\u00e3o de 10 anos)<\/h3>\n<\/li>\n<\/ol>\n<p style=\"padding-left: 30px;\">Interven\u00e7\u00e3o de natureza corretiva, que consiste na reconstitui\u00e7\u00e3o das caracter\u00edsticas originais do im\u00f3vel de valor hist\u00f3rico, no tocante a fachadas e coberturas, mediante a recupera\u00e7\u00e3o total do mesmo compreendendo as estruturas afetadas, os elementos destru\u00eddos, estruturas afetadas, os elementos destru\u00eddos, danificados ou descaracterizados, as instala\u00e7\u00f5es internas, ou ainda o expurgo de elementos estranhos; internas, ou ainda o expurgo de elementos estranhos.<\/p>\n<ol start=\"2\">\n<li>\n<h3><strong>Obras de restaura\u00e7\u00e3o Parcial do im\u00f3vel <\/strong>(isen\u00e7\u00e3o de 5 anos)<\/h3>\n<\/li>\n<\/ol>\n<p style=\"padding-left: 30px;\">Obra compreendendo toda a fachada e cobertura: a interven\u00e7\u00e3o de natureza corretiva, que consiste na reconstitui\u00e7\u00e3o das caracter\u00edsticas originais do im\u00f3vel de valor hist\u00f3rico, mediante a recupera\u00e7\u00e3o total da fachada e da cobertura compreendendo as estruturas afetadas, os elementos destru\u00eddos, danificados ou descaracterizados, ou ainda o expurgo de elementos estranhos.<\/p>\n<ol start=\"3\">\n<li>\n<h3><strong>Obras de conserva\u00e7\u00e3o total do im\u00f3vel <\/strong>(redu\u00e7\u00e3o de 25% do IPTU, aplicado anualmente)<\/h3>\n<\/li>\n<\/ol>\n<p style=\"padding-left: 30px;\">Interven\u00e7\u00e3o realizada em im\u00f3vel restaurado, parcial ou totalmente, que consiste na manuten\u00e7\u00e3o do im\u00f3vel no estado resultante daquelas interven\u00e7\u00f5es.<\/p>\n","protected":false},"excerpt":{"rendered":"<p>Obras de restaura\u00e7\u00e3o Total do im\u00f3vel (isen\u00e7\u00e3o de 10 anos) Interven\u00e7\u00e3o de natureza corretiva, que consiste na reconstitui\u00e7\u00e3o das caracter\u00edsticas originais do im\u00f3vel de valor hist\u00f3rico, no tocante a fachadas e coberturas, mediante a recupera\u00e7\u00e3o total do mesmo compreendendo as estruturas afetadas, os elementos destru\u00eddos, estruturas afetadas, os elementos destru\u00eddos, danificados ou descaracterizados, as instala\u00e7\u00f5es [&hellip;]<\/p>\n","protected":false},"author":5,"featured_media":0,"parent":0,"menu_order":0,"comment_status":"closed","ping_status":"closed","template":"","meta":{"footnotes":""},"class_list":["post-2794","page","type-page","status-publish","hentry"],"_links":{"self":[{"href":"https:\/\/jundiai.sp.gov.br\/financas\/wp-json\/wp\/v2\/pages\/2794","targetHints":{"allow":["GET"]}}],"collection":[{"href":"https:\/\/jundiai.sp.gov.br\/financas\/wp-json\/wp\/v2\/pages"}],"about":[{"href":"https:\/\/jundiai.sp.gov.br\/financas\/wp-json\/wp\/v2\/types\/page"}],"author":[{"embeddable":true,"href":"https:\/\/jundiai.sp.gov.br\/financas\/wp-json\/wp\/v2\/users\/5"}],"replies":[{"embeddable":true,"href":"https:\/\/jundiai.sp.gov.br\/financas\/wp-json\/wp\/v2\/comments?post=2794"}],"version-history":[{"count":10,"href":"https:\/\/jundiai.sp.gov.br\/financas\/wp-json\/wp\/v2\/pages\/2794\/revisions"}],"predecessor-version":[{"id":2804,"href":"https:\/\/jundiai.sp.gov.br\/financas\/wp-json\/wp\/v2\/pages\/2794\/revisions\/2804"}],"wp:attachment":[{"href":"https:\/\/jundiai.sp.gov.br\/financas\/wp-json\/wp\/v2\/media?parent=2794"}],"curies":[{"name":"wp","href":"https:\/\/api.w.org\/{rel}","templated":true}]}}