{"id":301,"date":"2014-09-17T16:48:02","date_gmt":"2014-09-17T19:48:02","guid":{"rendered":"https:\/\/jundiai.sp.gov.br\/financas\/?page_id=301"},"modified":"2014-09-30T09:28:08","modified_gmt":"2014-09-30T12:28:08","slug":"divisao-de-contabilidade","status":"publish","type":"page","link":"https:\/\/jundiai.sp.gov.br\/financas\/departamento-de-administracao-financeira\/divisao-de-contabilidade\/","title":{"rendered":"Divis\u00e3o de Contabilidade"},"content":{"rendered":"<ul>\n<li>Providenciar a escritura\u00e7\u00e3o sint\u00e9tica e anal\u00edtica dos lan\u00e7amentos relativos \u00e0s opera\u00e7\u00f5es cont\u00e1beis, visando demonstrar a receita e a despesa;<\/li>\n<li>Organizar e apresentar ao Diretor do Departamento, nos prazos estabelecidos, o balan\u00e7o geral, bem como os balancetes mensais, di\u00e1rios e outros documentos de apura\u00e7\u00e3o cont\u00e1bil;<\/li>\n<li>Comunicar ao Diretor do Departamento a exist\u00eancia de qualquer diferen\u00e7a nas presta\u00e7\u00f5es de contas, quando n\u00e3o tenham sido imediatamente cobertas, sob pena de responder solidariamente com o respons\u00e1vel pelas omiss\u00f5es;<\/li>\n<li>Promover, em colabora\u00e7\u00e3o com a Secretaria Municipal de Administra\u00e7\u00e3o, o registro cont\u00e1bil dos bens patrimoniais da Prefeitura, acompanhando as varia\u00e7\u00f5es e propndo as provid\u00eancias que se fizerem necess\u00e1rias;<\/li>\n<li>Manter contato permanente com o servi\u00e7o de processamento de dados,com vistas ao aprimoramento dos trabalhos desenvolvidos;<\/li>\n<li>Promover a an\u00e1lise, controle e presta\u00e7\u00e3o de contas dos conv\u00eanios;<\/li>\n<li>Controle e presta\u00e7\u00e3o de contas dos Fundos Especiais;<\/li>\n<li>Executar outras atribui\u00e7\u00f5es afins.<\/li>\n<\/ul>\n","protected":false},"excerpt":{"rendered":"<p>Providenciar a escritura\u00e7\u00e3o sint\u00e9tica e anal\u00edtica dos lan\u00e7amentos relativos \u00e0s opera\u00e7\u00f5es cont\u00e1beis, visando demonstrar a receita e a despesa; Organizar e apresentar ao Diretor do Departamento, nos prazos estabelecidos, o balan\u00e7o geral, bem como os balancetes mensais, di\u00e1rios e outros documentos de apura\u00e7\u00e3o cont\u00e1bil; Comunicar ao Diretor do Departamento a exist\u00eancia de qualquer diferen\u00e7a nas [&hellip;]<\/p>\n","protected":false},"author":5,"featured_media":0,"parent":230,"menu_order":0,"comment_status":"closed","ping_status":"closed","template":"","meta":{"footnotes":""},"class_list":["post-301","page","type-page","status-publish","hentry"],"_links":{"self":[{"href":"https:\/\/jundiai.sp.gov.br\/financas\/wp-json\/wp\/v2\/pages\/301","targetHints":{"allow":["GET"]}}],"collection":[{"href":"https:\/\/jundiai.sp.gov.br\/financas\/wp-json\/wp\/v2\/pages"}],"about":[{"href":"https:\/\/jundiai.sp.gov.br\/financas\/wp-json\/wp\/v2\/types\/page"}],"author":[{"embeddable":true,"href":"https:\/\/jundiai.sp.gov.br\/financas\/wp-json\/wp\/v2\/users\/5"}],"replies":[{"embeddable":true,"href":"https:\/\/jundiai.sp.gov.br\/financas\/wp-json\/wp\/v2\/comments?post=301"}],"version-history":[{"count":4,"href":"https:\/\/jundiai.sp.gov.br\/financas\/wp-json\/wp\/v2\/pages\/301\/revisions"}],"predecessor-version":[{"id":1127,"href":"https:\/\/jundiai.sp.gov.br\/financas\/wp-json\/wp\/v2\/pages\/301\/revisions\/1127"}],"up":[{"embeddable":true,"href":"https:\/\/jundiai.sp.gov.br\/financas\/wp-json\/wp\/v2\/pages\/230"}],"wp:attachment":[{"href":"https:\/\/jundiai.sp.gov.br\/financas\/wp-json\/wp\/v2\/media?parent=301"}],"curies":[{"name":"wp","href":"https:\/\/api.w.org\/{rel}","templated":true}]}}